{"id":17090,"date":"2025-04-09T13:08:36","date_gmt":"2025-04-09T11:08:36","guid":{"rendered":"https:\/\/poterie-de-crestet.com\/ceramiques\/grosse-modellforschung-ozean\/"},"modified":"2025-04-09T13:08:36","modified_gmt":"2025-04-09T11:08:36","slug":"grosse-modellforschung-ozean","status":"publish","type":"product","link":"https:\/\/poterie-de-crestet.com\/de\/keramik\/grosse-modellforschung-ozean\/","title":{"rendered":"Gro\u00dfe Modellforschung  <h5>Ozean<\/h5>"},"content":{"rendered":"<p>Das Ocean-Dekor verleiht dieser originalen Tasche eine jodierte Frische. Auf der Arbeitsplatte platziert, begr\u00fc\u00dft es dein Besteck stilvoll oder wird zu einem Aufbewahrungsfach, das an Urlaube am Meer erinnert.<br data-start=\"1050\" data-end=\"1053\">Handgemalt, schm\u00fcckt er ebenso viel wie er benutzt wird.<br data-start=\"1103\" data-end=\"1106\">Die <strong data-start=\"1121\" data-end=\"1146\">Ma\u00dfe von 15,8 \u00d7 15,3 \u00d7 12,2 cm<\/strong> sorgen f\u00fcr eine gute Passform.<br data-start=\"1172\" data-end=\"1175\">Kompatibel <strong data-start=\"1186\" data-end=\"1225\">mit Ofen, Mikrowelle und Geschirrsp\u00fcler,<\/strong> bef\u00fcrchtet er nichts.<br data-start=\"1247\" data-end=\"1250\">Um mit einer <a class=\"\" href=\"https:\/\/poterie-de-crestet.com\/de\/keramik\/essteller-ozean\/\" rel=\"noopener\" data-start=\"1267\" data-end=\"1286\">Ocean-Platte<\/a> zu passen oder einen Kontrast zum <a class=\"\" href=\"https:\/\/poterie-de-crestet.com\/de\/keramik\/moerser-pistaziegrauoliven\/\" rel=\"noopener\" data-start=\"1322\" data-end=\"1354\">Oliv-Pistaziengrauen M\u00f6rser<\/a> zu wagen. <\/p>\n","protected":false},"excerpt":{"rendered":"<p>Praktische Aufbewahrung f\u00fcr Utensilien oder ein stilvolles Aufbewahrungsfach, das an die Feiertage erinnert.<br data-start=\"1952\" data-end=\"1955\"><strong data-start=\"1955\" data-end=\"1995\"><em data-start=\"1957\" data-end=\"1993\">Abmessungen: 15,8 \u00d7 15,3 \u00d7 12,2 cm<\/em><\/strong><\/p>\n","protected":false},"featured_media":6382,"comment_status":"open","ping_status":"closed","template":"","meta":[],"product_brand":[],"product_cat":[224],"product_tag":[319],"class_list":{"0":"post-17090","1":"product","2":"type-product","3":"status-publish","4":"has-post-thumbnail","6":"product_cat-stipendien","7":"product_tag-ozean","9":"first","10":"instock","11":"taxable","12":"shipping-taxable","13":"purchasable","14":"product-type-simple"},"yoast_head":"<!-- This site is optimized with the Yoast SEO plugin v27.5 - https:\/\/yoast.com\/product\/yoast-seo-wordpress\/ -->\n<title>Gro\u00dfe Modellforschung Ozean - Poterie de Crestet<\/title>\n<meta name=\"description\" content=\"Dieses gro\u00dfformatige Modell mit Ozean-Dekoration ruft Urlaubsstimmung hervor. F\u00fcr einen frischen und marineblauen Touch in einem Badezimmer oder Schlafzimmer platziert.\" \/>\n<meta name=\"robots\" content=\"index, follow, max-snippet:-1, max-image-preview:large, max-video-preview:-1\" \/>\n<link rel=\"canonical\" href=\"https:\/\/poterie-de-crestet.com\/de\/keramik\/grosse-modellforschung-ozean\/\" \/>\n<meta property=\"og:locale\" content=\"de_DE\" \/>\n<meta property=\"og:type\" content=\"article\" \/>\n<meta property=\"og:title\" content=\"Gro\u00dfe Modellforschung Ozean - Poterie de Crestet\" \/>\n<meta property=\"og:description\" content=\"Dieses gro\u00dfformatige Modell mit Ozean-Dekoration ruft Urlaubsstimmung hervor. F\u00fcr einen frischen und marineblauen Touch in einem Badezimmer oder Schlafzimmer platziert.\" \/>\n<meta property=\"og:url\" content=\"https:\/\/poterie-de-crestet.com\/de\/keramik\/grosse-modellforschung-ozean\/\" \/>\n<meta property=\"og:site_name\" content=\"Poterie de Crestet\" \/>\n<meta property=\"og:image\" content=\"https:\/\/i0.wp.com\/poterie-de-crestet.com\/wp-content\/uploads\/2025\/04\/Poterie-du-Crestet0850.jpg?fit=800%2C532&ssl=1\" \/>\n\t<meta property=\"og:image:width\" content=\"800\" \/>\n\t<meta property=\"og:image:height\" content=\"532\" \/>\n\t<meta property=\"og:image:type\" content=\"image\/jpeg\" \/>\n<meta name=\"twitter:card\" content=\"summary_large_image\" \/>\n<script type=\"application\/ld+json\" class=\"yoast-schema-graph\">{\"@context\":\"https:\\\/\\\/schema.org\",\"@graph\":[{\"@type\":\"WebPage\",\"@id\":\"https:\\\/\\\/poterie-de-crestet.com\\\/de\\\/keramik\\\/grosse-modellforschung-ozean\\\/\",\"url\":\"https:\\\/\\\/poterie-de-crestet.com\\\/de\\\/keramik\\\/grosse-modellforschung-ozean\\\/\",\"name\":\"Gro\u00dfe Modellforschung Ozean - Poterie de Crestet\",\"isPartOf\":{\"@id\":\"https:\\\/\\\/poterie-de-crestet.com\\\/de\\\/#website\"},\"primaryImageOfPage\":{\"@id\":\"https:\\\/\\\/poterie-de-crestet.com\\\/de\\\/keramik\\\/grosse-modellforschung-ozean\\\/#primaryimage\"},\"image\":{\"@id\":\"https:\\\/\\\/poterie-de-crestet.com\\\/de\\\/keramik\\\/grosse-modellforschung-ozean\\\/#primaryimage\"},\"thumbnailUrl\":\"https:\\\/\\\/i0.wp.com\\\/poterie-de-crestet.com\\\/wp-content\\\/uploads\\\/2025\\\/04\\\/Poterie-du-Crestet0850.jpg?fit=800%2C532&ssl=1\",\"datePublished\":\"2025-04-09T11:08:36+00:00\",\"description\":\"Dieses gro\u00dfformatige Modell mit Ozean-Dekoration ruft Urlaubsstimmung hervor. F\u00fcr einen frischen und marineblauen Touch in einem Badezimmer oder Schlafzimmer platziert.\",\"breadcrumb\":{\"@id\":\"https:\\\/\\\/poterie-de-crestet.com\\\/de\\\/keramik\\\/grosse-modellforschung-ozean\\\/#breadcrumb\"},\"inLanguage\":\"de\",\"potentialAction\":[{\"@type\":\"ReadAction\",\"target\":[\"https:\\\/\\\/poterie-de-crestet.com\\\/de\\\/keramik\\\/grosse-modellforschung-ozean\\\/\"]}]},{\"@type\":\"ImageObject\",\"inLanguage\":\"de\",\"@id\":\"https:\\\/\\\/poterie-de-crestet.com\\\/de\\\/keramik\\\/grosse-modellforschung-ozean\\\/#primaryimage\",\"url\":\"https:\\\/\\\/i0.wp.com\\\/poterie-de-crestet.com\\\/wp-content\\\/uploads\\\/2025\\\/04\\\/Poterie-du-Crestet0850.jpg?fit=800%2C532&ssl=1\",\"contentUrl\":\"https:\\\/\\\/i0.wp.com\\\/poterie-de-crestet.com\\\/wp-content\\\/uploads\\\/2025\\\/04\\\/Poterie-du-Crestet0850.jpg?fit=800%2C532&ssl=1\",\"width\":800,\"height\":532,\"caption\":\"Grand Model Ocean Stipendium\"},{\"@type\":\"BreadcrumbList\",\"@id\":\"https:\\\/\\\/poterie-de-crestet.com\\\/de\\\/keramik\\\/grosse-modellforschung-ozean\\\/#breadcrumb\",\"itemListElement\":[{\"@type\":\"ListItem\",\"position\":1,\"name\":\"Accueil\",\"item\":\"https:\\\/\\\/poterie-de-crestet.com\\\/de\\\/accueil\\\/\"},{\"@type\":\"ListItem\",\"position\":2,\"name\":\"Boutique\",\"item\":\"https:\\\/\\\/poterie-de-crestet.com\\\/ceramiques\\\/\"},{\"@type\":\"ListItem\",\"position\":3,\"name\":\"Gro\u00dfe Modellforschung Ozean\"}]},{\"@type\":\"WebSite\",\"@id\":\"https:\\\/\\\/poterie-de-crestet.com\\\/de\\\/#website\",\"url\":\"https:\\\/\\\/poterie-de-crestet.com\\\/de\\\/\",\"name\":\"Poterie de Crestet\",\"description\":\"Des milliers de poteries inpir\u00e9es de la Provence\",\"publisher\":{\"@id\":\"https:\\\/\\\/poterie-de-crestet.com\\\/de\\\/#organization\"},\"potentialAction\":[{\"@type\":\"SearchAction\",\"target\":{\"@type\":\"EntryPoint\",\"urlTemplate\":\"https:\\\/\\\/poterie-de-crestet.com\\\/de\\\/?s={search_term_string}\"},\"query-input\":{\"@type\":\"PropertyValueSpecification\",\"valueRequired\":true,\"valueName\":\"search_term_string\"}}],\"inLanguage\":\"de\"},{\"@type\":\"Organization\",\"@id\":\"https:\\\/\\\/poterie-de-crestet.com\\\/de\\\/#organization\",\"name\":\"Poterie de Crestet\",\"url\":\"https:\\\/\\\/poterie-de-crestet.com\\\/de\\\/\",\"logo\":{\"@type\":\"ImageObject\",\"inLanguage\":\"de\",\"@id\":\"https:\\\/\\\/poterie-de-crestet.com\\\/de\\\/#\\\/schema\\\/logo\\\/image\\\/\",\"url\":\"https:\\\/\\\/i0.wp.com\\\/poterie-de-crestet.com\\\/wp-content\\\/uploads\\\/2025\\\/03\\\/Propo-4.png?fit=1000%2C462&ssl=1\",\"contentUrl\":\"https:\\\/\\\/i0.wp.com\\\/poterie-de-crestet.com\\\/wp-content\\\/uploads\\\/2025\\\/03\\\/Propo-4.png?fit=1000%2C462&ssl=1\",\"width\":1000,\"height\":462,\"caption\":\"Poterie de Crestet\"},\"image\":{\"@id\":\"https:\\\/\\\/poterie-de-crestet.com\\\/de\\\/#\\\/schema\\\/logo\\\/image\\\/\"}}]}<\/script>\n<!-- \/ Yoast SEO plugin. -->","yoast_head_json":{"title":"Gro\u00dfe Modellforschung Ozean - Poterie de Crestet","description":"Dieses gro\u00dfformatige Modell mit Ozean-Dekoration ruft Urlaubsstimmung hervor. F\u00fcr einen frischen und marineblauen Touch in einem Badezimmer oder Schlafzimmer platziert.","robots":{"index":"index","follow":"follow","max-snippet":"max-snippet:-1","max-image-preview":"max-image-preview:large","max-video-preview":"max-video-preview:-1"},"canonical":"https:\/\/poterie-de-crestet.com\/de\/keramik\/grosse-modellforschung-ozean\/","og_locale":"de_DE","og_type":"article","og_title":"Gro\u00dfe Modellforschung Ozean - Poterie de Crestet","og_description":"Dieses gro\u00dfformatige Modell mit Ozean-Dekoration ruft Urlaubsstimmung hervor. F\u00fcr einen frischen und marineblauen Touch in einem Badezimmer oder Schlafzimmer platziert.","og_url":"https:\/\/poterie-de-crestet.com\/de\/keramik\/grosse-modellforschung-ozean\/","og_site_name":"Poterie de Crestet","og_image":[{"width":800,"height":532,"url":"https:\/\/i0.wp.com\/poterie-de-crestet.com\/wp-content\/uploads\/2025\/04\/Poterie-du-Crestet0850.jpg?fit=800%2C532&ssl=1","type":"image\/jpeg"}],"twitter_card":"summary_large_image","schema":{"@context":"https:\/\/schema.org","@graph":[{"@type":"WebPage","@id":"https:\/\/poterie-de-crestet.com\/de\/keramik\/grosse-modellforschung-ozean\/","url":"https:\/\/poterie-de-crestet.com\/de\/keramik\/grosse-modellforschung-ozean\/","name":"Gro\u00dfe Modellforschung Ozean - Poterie de Crestet","isPartOf":{"@id":"https:\/\/poterie-de-crestet.com\/de\/#website"},"primaryImageOfPage":{"@id":"https:\/\/poterie-de-crestet.com\/de\/keramik\/grosse-modellforschung-ozean\/#primaryimage"},"image":{"@id":"https:\/\/poterie-de-crestet.com\/de\/keramik\/grosse-modellforschung-ozean\/#primaryimage"},"thumbnailUrl":"https:\/\/i0.wp.com\/poterie-de-crestet.com\/wp-content\/uploads\/2025\/04\/Poterie-du-Crestet0850.jpg?fit=800%2C532&ssl=1","datePublished":"2025-04-09T11:08:36+00:00","description":"Dieses gro\u00dfformatige Modell mit Ozean-Dekoration ruft Urlaubsstimmung hervor. F\u00fcr einen frischen und marineblauen Touch in einem Badezimmer oder Schlafzimmer platziert.","breadcrumb":{"@id":"https:\/\/poterie-de-crestet.com\/de\/keramik\/grosse-modellforschung-ozean\/#breadcrumb"},"inLanguage":"de","potentialAction":[{"@type":"ReadAction","target":["https:\/\/poterie-de-crestet.com\/de\/keramik\/grosse-modellforschung-ozean\/"]}]},{"@type":"ImageObject","inLanguage":"de","@id":"https:\/\/poterie-de-crestet.com\/de\/keramik\/grosse-modellforschung-ozean\/#primaryimage","url":"https:\/\/i0.wp.com\/poterie-de-crestet.com\/wp-content\/uploads\/2025\/04\/Poterie-du-Crestet0850.jpg?fit=800%2C532&ssl=1","contentUrl":"https:\/\/i0.wp.com\/poterie-de-crestet.com\/wp-content\/uploads\/2025\/04\/Poterie-du-Crestet0850.jpg?fit=800%2C532&ssl=1","width":800,"height":532,"caption":"Grand Model Ocean Stipendium"},{"@type":"BreadcrumbList","@id":"https:\/\/poterie-de-crestet.com\/de\/keramik\/grosse-modellforschung-ozean\/#breadcrumb","itemListElement":[{"@type":"ListItem","position":1,"name":"Accueil","item":"https:\/\/poterie-de-crestet.com\/de\/accueil\/"},{"@type":"ListItem","position":2,"name":"Boutique","item":"https:\/\/poterie-de-crestet.com\/ceramiques\/"},{"@type":"ListItem","position":3,"name":"Gro\u00dfe Modellforschung Ozean"}]},{"@type":"WebSite","@id":"https:\/\/poterie-de-crestet.com\/de\/#website","url":"https:\/\/poterie-de-crestet.com\/de\/","name":"Poterie de Crestet","description":"Des milliers de poteries inpir\u00e9es de la Provence","publisher":{"@id":"https:\/\/poterie-de-crestet.com\/de\/#organization"},"potentialAction":[{"@type":"SearchAction","target":{"@type":"EntryPoint","urlTemplate":"https:\/\/poterie-de-crestet.com\/de\/?s={search_term_string}"},"query-input":{"@type":"PropertyValueSpecification","valueRequired":true,"valueName":"search_term_string"}}],"inLanguage":"de"},{"@type":"Organization","@id":"https:\/\/poterie-de-crestet.com\/de\/#organization","name":"Poterie de Crestet","url":"https:\/\/poterie-de-crestet.com\/de\/","logo":{"@type":"ImageObject","inLanguage":"de","@id":"https:\/\/poterie-de-crestet.com\/de\/#\/schema\/logo\/image\/","url":"https:\/\/i0.wp.com\/poterie-de-crestet.com\/wp-content\/uploads\/2025\/03\/Propo-4.png?fit=1000%2C462&ssl=1","contentUrl":"https:\/\/i0.wp.com\/poterie-de-crestet.com\/wp-content\/uploads\/2025\/03\/Propo-4.png?fit=1000%2C462&ssl=1","width":1000,"height":462,"caption":"Poterie de Crestet"},"image":{"@id":"https:\/\/poterie-de-crestet.com\/de\/#\/schema\/logo\/image\/"}}]}},"jetpack_sharing_enabled":true,"_links":{"self":[{"href":"https:\/\/poterie-de-crestet.com\/de\/wp-json\/wp\/v2\/product\/17090","targetHints":{"allow":["GET"]}}],"collection":[{"href":"https:\/\/poterie-de-crestet.com\/de\/wp-json\/wp\/v2\/product"}],"about":[{"href":"https:\/\/poterie-de-crestet.com\/de\/wp-json\/wp\/v2\/types\/product"}],"replies":[{"embeddable":true,"href":"https:\/\/poterie-de-crestet.com\/de\/wp-json\/wp\/v2\/comments?post=17090"}],"version-history":[{"count":0,"href":"https:\/\/poterie-de-crestet.com\/de\/wp-json\/wp\/v2\/product\/17090\/revisions"}],"wp:featuredmedia":[{"embeddable":true,"href":"https:\/\/poterie-de-crestet.com\/de\/wp-json\/wp\/v2\/media\/6382"}],"wp:attachment":[{"href":"https:\/\/poterie-de-crestet.com\/de\/wp-json\/wp\/v2\/media?parent=17090"}],"wp:term":[{"taxonomy":"product_brand","embeddable":true,"href":"https:\/\/poterie-de-crestet.com\/de\/wp-json\/wp\/v2\/product_brand?post=17090"},{"taxonomy":"product_cat","embeddable":true,"href":"https:\/\/poterie-de-crestet.com\/de\/wp-json\/wp\/v2\/product_cat?post=17090"},{"taxonomy":"product_tag","embeddable":true,"href":"https:\/\/poterie-de-crestet.com\/de\/wp-json\/wp\/v2\/product_tag?post=17090"}],"curies":[{"name":"wp","href":"https:\/\/api.w.org\/{rel}","templated":true}]}}