{"id":17058,"date":"2025-04-08T10:24:45","date_gmt":"2025-04-08T08:24:45","guid":{"rendered":"https:\/\/poterie-de-crestet.com\/ceramiques\/bowl-3-waehlt-klein-leichter-boden\/"},"modified":"2025-04-08T10:24:45","modified_gmt":"2025-04-08T08:24:45","slug":"bowl-3-waehlt-klein-leichter-boden","status":"publish","type":"product","link":"https:\/\/poterie-de-crestet.com\/de\/keramik\/bowl-3-waehlt-klein-leichter-boden\/","title":{"rendered":"Bowl 3 w\u00e4hlt klein  <h5>Leichter Boden<\/h5>"},"content":{"rendered":"<p>Mit seinem sanften und hellen, handbemalten Dekor l\u00e4dt die kleine 3-Pick-Sch\u00fcssel Sol Clair zur Einfachheit ein. Es l\u00e4sst sich nat\u00fcrlich auf einem Tisch schieben, um getrocknete Fr\u00fcchte, K\u00e4sew\u00fcrfel oder einen kleinen Aufstrich unterzubringen.<br data-start=\"539\" data-end=\"542\">Seine dreieckige Form f\u00e4llt auf, ohne die Stabilit\u00e4t zu beeintr\u00e4chtigen, und sein <strong data-start=\"611\" data-end=\"654\">Durchmesser von 9,8 cm sowie die H\u00f6he von 4,7 cm<\/strong> machen es zu einem perfekt ausbalancierten Format.<br data-start=\"691\" data-end=\"694\">Diese Sch\u00fcssel ist <strong data-start=\"707\" data-end=\"755\">ofen-, mikrowellen- und geschirrsp\u00fclerfest<\/strong> und sorgt f\u00fcr ein stressfreies Alltag.<br data-start=\"792\" data-end=\"795\">Um zu einem <a class=\"\" href=\"https:\/\/poterie-de-crestet.com\/de\/keramik\/essteller-leichter-boden\/\" rel=\"noopener\" data-start=\"815\" data-end=\"838\">leichten Sol-Teller<\/a> zu passen oder einen Kontrast zur <a class=\"\" href=\"https:\/\/poterie-de-crestet.com\/ceramiques\/plat-a-cake-nyons-rouge\/\" rel=\"noopener\" data-start=\"880\" data-end=\"908\">roten Nyons-Kuchenform<\/a> zu wagen.<br data-start=\"909\" data-end=\"912\">Schnelle Lieferung oder Marktabholung, je nach Vorliebe. <\/p>\n","protected":false},"excerpt":{"rendered":"<p>Ein kleines, vielseitiges Format f\u00fcr Gew\u00fcrze, Trockenfr\u00fcchte oder S\u00fc\u00dfigkeiten.<br data-start=\"3201\" data-end=\"3204\"><strong data-start=\"3204\" data-end=\"3241\"><em data-start=\"3206\" data-end=\"3239\">Ma\u00dfe: 9,8 \u00d7 9,8 \u00d7 4,7 cm<\/em><\/strong><\/p>\n","protected":false},"featured_media":6260,"comment_status":"open","ping_status":"closed","template":"","meta":[],"product_brand":[],"product_cat":[242],"product_tag":[234],"class_list":{"0":"post-17058","1":"product","2":"type-product","3":"status-publish","4":"has-post-thumbnail","6":"product_cat-3-picks","7":"product_tag-leichter-boden","9":"first","10":"instock","11":"taxable","12":"shipping-taxable","13":"purchasable","14":"product-type-simple"},"yoast_head":"<!-- This site is optimized with the Yoast SEO plugin v27.5 - https:\/\/yoast.com\/product\/yoast-seo-wordpress\/ -->\n<title>Bowl 3 w\u00e4hlt klein Leichter Boden - Poterie de Crestet<\/title>\n<meta name=\"description\" content=\"Diese kleine Sol-Clair-Schale bietet eine dezente, rustikale Note. Leicht, stabil und immer bereit f\u00fcr eine s\u00fc\u00dfe oder herzhafte Pause.\" \/>\n<meta name=\"robots\" content=\"index, follow, max-snippet:-1, max-image-preview:large, max-video-preview:-1\" \/>\n<link rel=\"canonical\" href=\"https:\/\/poterie-de-crestet.com\/de\/keramik\/bowl-3-waehlt-klein-leichter-boden\/\" \/>\n<meta property=\"og:locale\" content=\"de_DE\" \/>\n<meta property=\"og:type\" content=\"article\" \/>\n<meta property=\"og:title\" content=\"Bowl 3 w\u00e4hlt klein Leichter Boden - Poterie de Crestet\" \/>\n<meta property=\"og:description\" content=\"Diese kleine Sol-Clair-Schale bietet eine dezente, rustikale Note. Leicht, stabil und immer bereit f\u00fcr eine s\u00fc\u00dfe oder herzhafte Pause.\" \/>\n<meta property=\"og:url\" content=\"https:\/\/poterie-de-crestet.com\/de\/keramik\/bowl-3-waehlt-klein-leichter-boden\/\" \/>\n<meta property=\"og:site_name\" content=\"Poterie de Crestet\" \/>\n<meta property=\"og:image\" content=\"https:\/\/i0.wp.com\/poterie-de-crestet.com\/wp-content\/uploads\/2025\/04\/bol-3-pics-sol-clair.jpg?fit=458%2C458&ssl=1\" \/>\n\t<meta property=\"og:image:width\" content=\"458\" \/>\n\t<meta property=\"og:image:height\" content=\"458\" \/>\n\t<meta property=\"og:image:type\" content=\"image\/jpeg\" \/>\n<meta name=\"twitter:card\" content=\"summary_large_image\" \/>\n<meta name=\"twitter:label1\" content=\"Gesch\u00e4tzte Lesezeit\" \/>\n\t<meta name=\"twitter:data1\" content=\"1\u00a0Minute\" \/>\n<script type=\"application\/ld+json\" class=\"yoast-schema-graph\">{\"@context\":\"https:\\\/\\\/schema.org\",\"@graph\":[{\"@type\":\"WebPage\",\"@id\":\"https:\\\/\\\/poterie-de-crestet.com\\\/de\\\/keramik\\\/bowl-3-waehlt-klein-leichter-boden\\\/\",\"url\":\"https:\\\/\\\/poterie-de-crestet.com\\\/de\\\/keramik\\\/bowl-3-waehlt-klein-leichter-boden\\\/\",\"name\":\"Bowl 3 w\u00e4hlt klein Leichter Boden - Poterie de Crestet\",\"isPartOf\":{\"@id\":\"https:\\\/\\\/poterie-de-crestet.com\\\/de\\\/#website\"},\"primaryImageOfPage\":{\"@id\":\"https:\\\/\\\/poterie-de-crestet.com\\\/de\\\/keramik\\\/bowl-3-waehlt-klein-leichter-boden\\\/#primaryimage\"},\"image\":{\"@id\":\"https:\\\/\\\/poterie-de-crestet.com\\\/de\\\/keramik\\\/bowl-3-waehlt-klein-leichter-boden\\\/#primaryimage\"},\"thumbnailUrl\":\"https:\\\/\\\/i0.wp.com\\\/poterie-de-crestet.com\\\/wp-content\\\/uploads\\\/2025\\\/04\\\/bol-3-pics-sol-clair.jpg?fit=458%2C458&ssl=1\",\"datePublished\":\"2025-04-08T08:24:45+00:00\",\"description\":\"Diese kleine Sol-Clair-Schale bietet eine dezente, rustikale Note. Leicht, stabil und immer bereit f\u00fcr eine s\u00fc\u00dfe oder herzhafte Pause.\",\"breadcrumb\":{\"@id\":\"https:\\\/\\\/poterie-de-crestet.com\\\/de\\\/keramik\\\/bowl-3-waehlt-klein-leichter-boden\\\/#breadcrumb\"},\"inLanguage\":\"de\",\"potentialAction\":[{\"@type\":\"ReadAction\",\"target\":[\"https:\\\/\\\/poterie-de-crestet.com\\\/de\\\/keramik\\\/bowl-3-waehlt-klein-leichter-boden\\\/\"]}]},{\"@type\":\"ImageObject\",\"inLanguage\":\"de\",\"@id\":\"https:\\\/\\\/poterie-de-crestet.com\\\/de\\\/keramik\\\/bowl-3-waehlt-klein-leichter-boden\\\/#primaryimage\",\"url\":\"https:\\\/\\\/i0.wp.com\\\/poterie-de-crestet.com\\\/wp-content\\\/uploads\\\/2025\\\/04\\\/bol-3-pics-sol-clair.jpg?fit=458%2C458&ssl=1\",\"contentUrl\":\"https:\\\/\\\/i0.wp.com\\\/poterie-de-crestet.com\\\/wp-content\\\/uploads\\\/2025\\\/04\\\/bol-3-pics-sol-clair.jpg?fit=458%2C458&ssl=1\",\"width\":458,\"height\":458,\"caption\":\"Bowl 3 w\u00e4hlt Sol Clair\"},{\"@type\":\"BreadcrumbList\",\"@id\":\"https:\\\/\\\/poterie-de-crestet.com\\\/de\\\/keramik\\\/bowl-3-waehlt-klein-leichter-boden\\\/#breadcrumb\",\"itemListElement\":[{\"@type\":\"ListItem\",\"position\":1,\"name\":\"Accueil\",\"item\":\"https:\\\/\\\/poterie-de-crestet.com\\\/de\\\/accueil\\\/\"},{\"@type\":\"ListItem\",\"position\":2,\"name\":\"Boutique\",\"item\":\"https:\\\/\\\/poterie-de-crestet.com\\\/ceramiques\\\/\"},{\"@type\":\"ListItem\",\"position\":3,\"name\":\"Bowl 3 w\u00e4hlt klein Leichter Boden\"}]},{\"@type\":\"WebSite\",\"@id\":\"https:\\\/\\\/poterie-de-crestet.com\\\/de\\\/#website\",\"url\":\"https:\\\/\\\/poterie-de-crestet.com\\\/de\\\/\",\"name\":\"Poterie de Crestet\",\"description\":\"Des milliers de poteries inpir\u00e9es de la Provence\",\"publisher\":{\"@id\":\"https:\\\/\\\/poterie-de-crestet.com\\\/de\\\/#organization\"},\"potentialAction\":[{\"@type\":\"SearchAction\",\"target\":{\"@type\":\"EntryPoint\",\"urlTemplate\":\"https:\\\/\\\/poterie-de-crestet.com\\\/de\\\/?s={search_term_string}\"},\"query-input\":{\"@type\":\"PropertyValueSpecification\",\"valueRequired\":true,\"valueName\":\"search_term_string\"}}],\"inLanguage\":\"de\"},{\"@type\":\"Organization\",\"@id\":\"https:\\\/\\\/poterie-de-crestet.com\\\/de\\\/#organization\",\"name\":\"Poterie de Crestet\",\"url\":\"https:\\\/\\\/poterie-de-crestet.com\\\/de\\\/\",\"logo\":{\"@type\":\"ImageObject\",\"inLanguage\":\"de\",\"@id\":\"https:\\\/\\\/poterie-de-crestet.com\\\/de\\\/#\\\/schema\\\/logo\\\/image\\\/\",\"url\":\"https:\\\/\\\/i0.wp.com\\\/poterie-de-crestet.com\\\/wp-content\\\/uploads\\\/2025\\\/03\\\/Propo-4.png?fit=1000%2C462&ssl=1\",\"contentUrl\":\"https:\\\/\\\/i0.wp.com\\\/poterie-de-crestet.com\\\/wp-content\\\/uploads\\\/2025\\\/03\\\/Propo-4.png?fit=1000%2C462&ssl=1\",\"width\":1000,\"height\":462,\"caption\":\"Poterie de Crestet\"},\"image\":{\"@id\":\"https:\\\/\\\/poterie-de-crestet.com\\\/de\\\/#\\\/schema\\\/logo\\\/image\\\/\"}}]}<\/script>\n<!-- \/ Yoast SEO plugin. -->","yoast_head_json":{"title":"Bowl 3 w\u00e4hlt klein Leichter Boden - Poterie de Crestet","description":"Diese kleine Sol-Clair-Schale bietet eine dezente, rustikale Note. Leicht, stabil und immer bereit f\u00fcr eine s\u00fc\u00dfe oder herzhafte Pause.","robots":{"index":"index","follow":"follow","max-snippet":"max-snippet:-1","max-image-preview":"max-image-preview:large","max-video-preview":"max-video-preview:-1"},"canonical":"https:\/\/poterie-de-crestet.com\/de\/keramik\/bowl-3-waehlt-klein-leichter-boden\/","og_locale":"de_DE","og_type":"article","og_title":"Bowl 3 w\u00e4hlt klein Leichter Boden - Poterie de Crestet","og_description":"Diese kleine Sol-Clair-Schale bietet eine dezente, rustikale Note. Leicht, stabil und immer bereit f\u00fcr eine s\u00fc\u00dfe oder herzhafte Pause.","og_url":"https:\/\/poterie-de-crestet.com\/de\/keramik\/bowl-3-waehlt-klein-leichter-boden\/","og_site_name":"Poterie de Crestet","og_image":[{"width":458,"height":458,"url":"https:\/\/i0.wp.com\/poterie-de-crestet.com\/wp-content\/uploads\/2025\/04\/bol-3-pics-sol-clair.jpg?fit=458%2C458&ssl=1","type":"image\/jpeg"}],"twitter_card":"summary_large_image","twitter_misc":{"Gesch\u00e4tzte Lesezeit":"1\u00a0Minute"},"schema":{"@context":"https:\/\/schema.org","@graph":[{"@type":"WebPage","@id":"https:\/\/poterie-de-crestet.com\/de\/keramik\/bowl-3-waehlt-klein-leichter-boden\/","url":"https:\/\/poterie-de-crestet.com\/de\/keramik\/bowl-3-waehlt-klein-leichter-boden\/","name":"Bowl 3 w\u00e4hlt klein Leichter Boden - Poterie de Crestet","isPartOf":{"@id":"https:\/\/poterie-de-crestet.com\/de\/#website"},"primaryImageOfPage":{"@id":"https:\/\/poterie-de-crestet.com\/de\/keramik\/bowl-3-waehlt-klein-leichter-boden\/#primaryimage"},"image":{"@id":"https:\/\/poterie-de-crestet.com\/de\/keramik\/bowl-3-waehlt-klein-leichter-boden\/#primaryimage"},"thumbnailUrl":"https:\/\/i0.wp.com\/poterie-de-crestet.com\/wp-content\/uploads\/2025\/04\/bol-3-pics-sol-clair.jpg?fit=458%2C458&ssl=1","datePublished":"2025-04-08T08:24:45+00:00","description":"Diese kleine Sol-Clair-Schale bietet eine dezente, rustikale Note. Leicht, stabil und immer bereit f\u00fcr eine s\u00fc\u00dfe oder herzhafte Pause.","breadcrumb":{"@id":"https:\/\/poterie-de-crestet.com\/de\/keramik\/bowl-3-waehlt-klein-leichter-boden\/#breadcrumb"},"inLanguage":"de","potentialAction":[{"@type":"ReadAction","target":["https:\/\/poterie-de-crestet.com\/de\/keramik\/bowl-3-waehlt-klein-leichter-boden\/"]}]},{"@type":"ImageObject","inLanguage":"de","@id":"https:\/\/poterie-de-crestet.com\/de\/keramik\/bowl-3-waehlt-klein-leichter-boden\/#primaryimage","url":"https:\/\/i0.wp.com\/poterie-de-crestet.com\/wp-content\/uploads\/2025\/04\/bol-3-pics-sol-clair.jpg?fit=458%2C458&ssl=1","contentUrl":"https:\/\/i0.wp.com\/poterie-de-crestet.com\/wp-content\/uploads\/2025\/04\/bol-3-pics-sol-clair.jpg?fit=458%2C458&ssl=1","width":458,"height":458,"caption":"Bowl 3 w\u00e4hlt Sol Clair"},{"@type":"BreadcrumbList","@id":"https:\/\/poterie-de-crestet.com\/de\/keramik\/bowl-3-waehlt-klein-leichter-boden\/#breadcrumb","itemListElement":[{"@type":"ListItem","position":1,"name":"Accueil","item":"https:\/\/poterie-de-crestet.com\/de\/accueil\/"},{"@type":"ListItem","position":2,"name":"Boutique","item":"https:\/\/poterie-de-crestet.com\/ceramiques\/"},{"@type":"ListItem","position":3,"name":"Bowl 3 w\u00e4hlt klein Leichter Boden"}]},{"@type":"WebSite","@id":"https:\/\/poterie-de-crestet.com\/de\/#website","url":"https:\/\/poterie-de-crestet.com\/de\/","name":"Poterie de Crestet","description":"Des milliers de poteries inpir\u00e9es de la Provence","publisher":{"@id":"https:\/\/poterie-de-crestet.com\/de\/#organization"},"potentialAction":[{"@type":"SearchAction","target":{"@type":"EntryPoint","urlTemplate":"https:\/\/poterie-de-crestet.com\/de\/?s={search_term_string}"},"query-input":{"@type":"PropertyValueSpecification","valueRequired":true,"valueName":"search_term_string"}}],"inLanguage":"de"},{"@type":"Organization","@id":"https:\/\/poterie-de-crestet.com\/de\/#organization","name":"Poterie de Crestet","url":"https:\/\/poterie-de-crestet.com\/de\/","logo":{"@type":"ImageObject","inLanguage":"de","@id":"https:\/\/poterie-de-crestet.com\/de\/#\/schema\/logo\/image\/","url":"https:\/\/i0.wp.com\/poterie-de-crestet.com\/wp-content\/uploads\/2025\/03\/Propo-4.png?fit=1000%2C462&ssl=1","contentUrl":"https:\/\/i0.wp.com\/poterie-de-crestet.com\/wp-content\/uploads\/2025\/03\/Propo-4.png?fit=1000%2C462&ssl=1","width":1000,"height":462,"caption":"Poterie de Crestet"},"image":{"@id":"https:\/\/poterie-de-crestet.com\/de\/#\/schema\/logo\/image\/"}}]}},"jetpack_sharing_enabled":true,"_links":{"self":[{"href":"https:\/\/poterie-de-crestet.com\/de\/wp-json\/wp\/v2\/product\/17058","targetHints":{"allow":["GET"]}}],"collection":[{"href":"https:\/\/poterie-de-crestet.com\/de\/wp-json\/wp\/v2\/product"}],"about":[{"href":"https:\/\/poterie-de-crestet.com\/de\/wp-json\/wp\/v2\/types\/product"}],"replies":[{"embeddable":true,"href":"https:\/\/poterie-de-crestet.com\/de\/wp-json\/wp\/v2\/comments?post=17058"}],"version-history":[{"count":0,"href":"https:\/\/poterie-de-crestet.com\/de\/wp-json\/wp\/v2\/product\/17058\/revisions"}],"wp:featuredmedia":[{"embeddable":true,"href":"https:\/\/poterie-de-crestet.com\/de\/wp-json\/wp\/v2\/media\/6260"}],"wp:attachment":[{"href":"https:\/\/poterie-de-crestet.com\/de\/wp-json\/wp\/v2\/media?parent=17058"}],"wp:term":[{"taxonomy":"product_brand","embeddable":true,"href":"https:\/\/poterie-de-crestet.com\/de\/wp-json\/wp\/v2\/product_brand?post=17058"},{"taxonomy":"product_cat","embeddable":true,"href":"https:\/\/poterie-de-crestet.com\/de\/wp-json\/wp\/v2\/product_cat?post=17058"},{"taxonomy":"product_tag","embeddable":true,"href":"https:\/\/poterie-de-crestet.com\/de\/wp-json\/wp\/v2\/product_tag?post=17058"}],"curies":[{"name":"wp","href":"https:\/\/api.w.org\/{rel}","templated":true}]}}