{"id":16726,"date":"2025-04-08T10:24:46","date_gmt":"2025-04-08T08:24:46","guid":{"rendered":"https:\/\/poterie-de-crestet.com\/ceramiques\/mini-bowl-blau\/"},"modified":"2025-04-08T10:24:46","modified_gmt":"2025-04-08T08:24:46","slug":"mini-bowl-blau","status":"publish","type":"product","link":"https:\/\/poterie-de-crestet.com\/de\/keramik\/mini-bowl-blau\/","title":{"rendered":"Mini Bowl  <h5>Blau<\/h5>"},"content":{"rendered":"<p>Diese Mini-Sch\u00fcssel mit blauem Dekor, handbemalt, ist der diskrete, aber unverzichtbare Verb\u00fcndeter des Tisches. Seine geringe Gr\u00f6\u00dfe erm\u00f6glicht es, eine kleine Portion Trockenfr\u00fcchte, eine Prise Salz oder eine einzelne Beilage wie einen L\u00f6ffel Hummus oder Tapenade zu servieren.<br data-start=\"513\" data-end=\"516\">Mit seinem <g id=\"gid_0\">Durchmesser von 9,2 cm und einer H\u00f6he von 4 cm<\/g> kann er als Aperitif oder als Erg\u00e4nzung zu einem Teller verwendet werden. Seine Form ist stabil, die Tiefe moderat, was ihn perfekt f\u00fcr Lebensmittel mit wenig Fl\u00fcssigkeit macht.<br data-start=\"736\" data-end=\"739\">Es ist Mikrowellen <strong data-start=\"748\" data-end=\"796\">-, Ofen- und Geschirrsp\u00fcler-fest,<\/strong> ohne zu zucken.<br data-start=\"812\" data-end=\"815\">Kombinieren Sie sie mit einem <a class=\"\" href=\"https:\/\/poterie-de-crestet.com\/de\/keramik\/dessertteller-blau\/\" rel=\"noopener\" data-start=\"835\" data-end=\"863\">blauen Dessertteller<\/a> oder kontrastieren Sie mit einer <a class=\"\" href=\"https:\/\/poterie-de-crestet.com\/de\/keramik\/seifenschale-gruene-blaetter\/\" rel=\"noopener\" data-start=\"887\" data-end=\"919\">Green Leaves-Seifenschale<\/a> f\u00fcr den urspr\u00fcnglichen Gebrauch im Badezimmer.<br data-start=\"965\" data-end=\"968\">Schneller Versand oder Abholung auf provenzalischen M\u00e4rkten.  <\/p>\n","protected":false},"excerpt":{"rendered":"<p>Perfekt f\u00fcr Trockenfr\u00fcchte, Kaffee, Zucker oder eine kleine So\u00dfe.<br data-start=\"304\" data-end=\"307\"><strong data-start=\"307\" data-end=\"342\"><em data-start=\"309\" data-end=\"340\">Abmessungen: 9,2 \u00d7 9,2 \u00d7 4 cm<\/em><\/strong><\/p>\n","protected":false},"featured_media":6284,"comment_status":"open","ping_status":"closed","template":"","meta":[],"product_brand":[],"product_cat":[199],"product_tag":[203],"class_list":{"0":"post-16726","1":"product","2":"type-product","3":"status-publish","4":"has-post-thumbnail","6":"product_cat-bowls","7":"product_tag-blau","9":"first","10":"instock","11":"taxable","12":"shipping-taxable","13":"purchasable","14":"product-type-simple"},"yoast_head":"<!-- This site is optimized with the Yoast SEO plugin v27.5 - https:\/\/yoast.com\/product\/yoast-seo-wordpress\/ -->\n<title>Mini Bowl Blau - Poterie de Crestet<\/title>\n<meta name=\"description\" content=\"Mini-blaue Sch\u00fcssel, perfekt f\u00fcr Trockenfr\u00fcchte oder ein kleines Salatdressing. Seine unauff\u00e4llige Gr\u00f6\u00dfe macht ihn ebenso n\u00fctzlich wie angenehm, um ihn auf den Tisch zu stellen.\" \/>\n<meta name=\"robots\" content=\"index, follow, max-snippet:-1, max-image-preview:large, max-video-preview:-1\" \/>\n<link rel=\"canonical\" href=\"https:\/\/poterie-de-crestet.com\/de\/keramik\/mini-bowl-blau\/\" \/>\n<meta property=\"og:locale\" content=\"de_DE\" \/>\n<meta property=\"og:type\" content=\"article\" \/>\n<meta property=\"og:title\" content=\"Mini Bowl Blau - Poterie de Crestet\" \/>\n<meta property=\"og:description\" content=\"Mini-blaue Sch\u00fcssel, perfekt f\u00fcr Trockenfr\u00fcchte oder ein kleines Salatdressing. Seine unauff\u00e4llige Gr\u00f6\u00dfe macht ihn ebenso n\u00fctzlich wie angenehm, um ihn auf den Tisch zu stellen.\" \/>\n<meta property=\"og:url\" content=\"https:\/\/poterie-de-crestet.com\/de\/keramik\/mini-bowl-blau\/\" \/>\n<meta property=\"og:site_name\" content=\"Poterie de Crestet\" \/>\n<meta property=\"og:image\" content=\"https:\/\/i0.wp.com\/poterie-de-crestet.com\/wp-content\/uploads\/2025\/04\/bol-mini-bleu.jpg?fit=458%2C458&ssl=1\" \/>\n\t<meta property=\"og:image:width\" content=\"458\" \/>\n\t<meta property=\"og:image:height\" content=\"458\" \/>\n\t<meta property=\"og:image:type\" content=\"image\/jpeg\" \/>\n<meta name=\"twitter:card\" content=\"summary_large_image\" \/>\n<meta name=\"twitter:label1\" content=\"Gesch\u00e4tzte Lesezeit\" \/>\n\t<meta name=\"twitter:data1\" content=\"1\u00a0Minute\" \/>\n<script type=\"application\/ld+json\" class=\"yoast-schema-graph\">{\"@context\":\"https:\\\/\\\/schema.org\",\"@graph\":[{\"@type\":\"WebPage\",\"@id\":\"https:\\\/\\\/poterie-de-crestet.com\\\/de\\\/keramik\\\/mini-bowl-blau\\\/\",\"url\":\"https:\\\/\\\/poterie-de-crestet.com\\\/de\\\/keramik\\\/mini-bowl-blau\\\/\",\"name\":\"Mini Bowl Blau - Poterie de Crestet\",\"isPartOf\":{\"@id\":\"https:\\\/\\\/poterie-de-crestet.com\\\/de\\\/#website\"},\"primaryImageOfPage\":{\"@id\":\"https:\\\/\\\/poterie-de-crestet.com\\\/de\\\/keramik\\\/mini-bowl-blau\\\/#primaryimage\"},\"image\":{\"@id\":\"https:\\\/\\\/poterie-de-crestet.com\\\/de\\\/keramik\\\/mini-bowl-blau\\\/#primaryimage\"},\"thumbnailUrl\":\"https:\\\/\\\/i0.wp.com\\\/poterie-de-crestet.com\\\/wp-content\\\/uploads\\\/2025\\\/04\\\/bol-mini-bleu.jpg?fit=458%2C458&ssl=1\",\"datePublished\":\"2025-04-08T08:24:46+00:00\",\"description\":\"Mini-blaue Sch\u00fcssel, perfekt f\u00fcr Trockenfr\u00fcchte oder ein kleines Salatdressing. Seine unauff\u00e4llige Gr\u00f6\u00dfe macht ihn ebenso n\u00fctzlich wie angenehm, um ihn auf den Tisch zu stellen.\",\"breadcrumb\":{\"@id\":\"https:\\\/\\\/poterie-de-crestet.com\\\/de\\\/keramik\\\/mini-bowl-blau\\\/#breadcrumb\"},\"inLanguage\":\"de\",\"potentialAction\":[{\"@type\":\"ReadAction\",\"target\":[\"https:\\\/\\\/poterie-de-crestet.com\\\/de\\\/keramik\\\/mini-bowl-blau\\\/\"]}]},{\"@type\":\"ImageObject\",\"inLanguage\":\"de\",\"@id\":\"https:\\\/\\\/poterie-de-crestet.com\\\/de\\\/keramik\\\/mini-bowl-blau\\\/#primaryimage\",\"url\":\"https:\\\/\\\/i0.wp.com\\\/poterie-de-crestet.com\\\/wp-content\\\/uploads\\\/2025\\\/04\\\/bol-mini-bleu.jpg?fit=458%2C458&ssl=1\",\"contentUrl\":\"https:\\\/\\\/i0.wp.com\\\/poterie-de-crestet.com\\\/wp-content\\\/uploads\\\/2025\\\/04\\\/bol-mini-bleu.jpg?fit=458%2C458&ssl=1\",\"width\":458,\"height\":458,\"caption\":\"Blue Mini Bowl\"},{\"@type\":\"BreadcrumbList\",\"@id\":\"https:\\\/\\\/poterie-de-crestet.com\\\/de\\\/keramik\\\/mini-bowl-blau\\\/#breadcrumb\",\"itemListElement\":[{\"@type\":\"ListItem\",\"position\":1,\"name\":\"Accueil\",\"item\":\"https:\\\/\\\/poterie-de-crestet.com\\\/de\\\/accueil\\\/\"},{\"@type\":\"ListItem\",\"position\":2,\"name\":\"Boutique\",\"item\":\"https:\\\/\\\/poterie-de-crestet.com\\\/ceramiques\\\/\"},{\"@type\":\"ListItem\",\"position\":3,\"name\":\"Mini Bowl Blau\"}]},{\"@type\":\"WebSite\",\"@id\":\"https:\\\/\\\/poterie-de-crestet.com\\\/de\\\/#website\",\"url\":\"https:\\\/\\\/poterie-de-crestet.com\\\/de\\\/\",\"name\":\"Poterie de Crestet\",\"description\":\"Des milliers de poteries inpir\u00e9es de la Provence\",\"publisher\":{\"@id\":\"https:\\\/\\\/poterie-de-crestet.com\\\/de\\\/#organization\"},\"potentialAction\":[{\"@type\":\"SearchAction\",\"target\":{\"@type\":\"EntryPoint\",\"urlTemplate\":\"https:\\\/\\\/poterie-de-crestet.com\\\/de\\\/?s={search_term_string}\"},\"query-input\":{\"@type\":\"PropertyValueSpecification\",\"valueRequired\":true,\"valueName\":\"search_term_string\"}}],\"inLanguage\":\"de\"},{\"@type\":\"Organization\",\"@id\":\"https:\\\/\\\/poterie-de-crestet.com\\\/de\\\/#organization\",\"name\":\"Poterie de Crestet\",\"url\":\"https:\\\/\\\/poterie-de-crestet.com\\\/de\\\/\",\"logo\":{\"@type\":\"ImageObject\",\"inLanguage\":\"de\",\"@id\":\"https:\\\/\\\/poterie-de-crestet.com\\\/de\\\/#\\\/schema\\\/logo\\\/image\\\/\",\"url\":\"https:\\\/\\\/i0.wp.com\\\/poterie-de-crestet.com\\\/wp-content\\\/uploads\\\/2025\\\/03\\\/Propo-4.png?fit=1000%2C462&ssl=1\",\"contentUrl\":\"https:\\\/\\\/i0.wp.com\\\/poterie-de-crestet.com\\\/wp-content\\\/uploads\\\/2025\\\/03\\\/Propo-4.png?fit=1000%2C462&ssl=1\",\"width\":1000,\"height\":462,\"caption\":\"Poterie de Crestet\"},\"image\":{\"@id\":\"https:\\\/\\\/poterie-de-crestet.com\\\/de\\\/#\\\/schema\\\/logo\\\/image\\\/\"}}]}<\/script>\n<!-- \/ Yoast SEO plugin. -->","yoast_head_json":{"title":"Mini Bowl Blau - Poterie de Crestet","description":"Mini-blaue Sch\u00fcssel, perfekt f\u00fcr Trockenfr\u00fcchte oder ein kleines Salatdressing. Seine unauff\u00e4llige Gr\u00f6\u00dfe macht ihn ebenso n\u00fctzlich wie angenehm, um ihn auf den Tisch zu stellen.","robots":{"index":"index","follow":"follow","max-snippet":"max-snippet:-1","max-image-preview":"max-image-preview:large","max-video-preview":"max-video-preview:-1"},"canonical":"https:\/\/poterie-de-crestet.com\/de\/keramik\/mini-bowl-blau\/","og_locale":"de_DE","og_type":"article","og_title":"Mini Bowl Blau - Poterie de Crestet","og_description":"Mini-blaue Sch\u00fcssel, perfekt f\u00fcr Trockenfr\u00fcchte oder ein kleines Salatdressing. Seine unauff\u00e4llige Gr\u00f6\u00dfe macht ihn ebenso n\u00fctzlich wie angenehm, um ihn auf den Tisch zu stellen.","og_url":"https:\/\/poterie-de-crestet.com\/de\/keramik\/mini-bowl-blau\/","og_site_name":"Poterie de Crestet","og_image":[{"width":458,"height":458,"url":"https:\/\/i0.wp.com\/poterie-de-crestet.com\/wp-content\/uploads\/2025\/04\/bol-mini-bleu.jpg?fit=458%2C458&ssl=1","type":"image\/jpeg"}],"twitter_card":"summary_large_image","twitter_misc":{"Gesch\u00e4tzte Lesezeit":"1\u00a0Minute"},"schema":{"@context":"https:\/\/schema.org","@graph":[{"@type":"WebPage","@id":"https:\/\/poterie-de-crestet.com\/de\/keramik\/mini-bowl-blau\/","url":"https:\/\/poterie-de-crestet.com\/de\/keramik\/mini-bowl-blau\/","name":"Mini Bowl Blau - Poterie de Crestet","isPartOf":{"@id":"https:\/\/poterie-de-crestet.com\/de\/#website"},"primaryImageOfPage":{"@id":"https:\/\/poterie-de-crestet.com\/de\/keramik\/mini-bowl-blau\/#primaryimage"},"image":{"@id":"https:\/\/poterie-de-crestet.com\/de\/keramik\/mini-bowl-blau\/#primaryimage"},"thumbnailUrl":"https:\/\/i0.wp.com\/poterie-de-crestet.com\/wp-content\/uploads\/2025\/04\/bol-mini-bleu.jpg?fit=458%2C458&ssl=1","datePublished":"2025-04-08T08:24:46+00:00","description":"Mini-blaue Sch\u00fcssel, perfekt f\u00fcr Trockenfr\u00fcchte oder ein kleines Salatdressing. Seine unauff\u00e4llige Gr\u00f6\u00dfe macht ihn ebenso n\u00fctzlich wie angenehm, um ihn auf den Tisch zu stellen.","breadcrumb":{"@id":"https:\/\/poterie-de-crestet.com\/de\/keramik\/mini-bowl-blau\/#breadcrumb"},"inLanguage":"de","potentialAction":[{"@type":"ReadAction","target":["https:\/\/poterie-de-crestet.com\/de\/keramik\/mini-bowl-blau\/"]}]},{"@type":"ImageObject","inLanguage":"de","@id":"https:\/\/poterie-de-crestet.com\/de\/keramik\/mini-bowl-blau\/#primaryimage","url":"https:\/\/i0.wp.com\/poterie-de-crestet.com\/wp-content\/uploads\/2025\/04\/bol-mini-bleu.jpg?fit=458%2C458&ssl=1","contentUrl":"https:\/\/i0.wp.com\/poterie-de-crestet.com\/wp-content\/uploads\/2025\/04\/bol-mini-bleu.jpg?fit=458%2C458&ssl=1","width":458,"height":458,"caption":"Blue Mini Bowl"},{"@type":"BreadcrumbList","@id":"https:\/\/poterie-de-crestet.com\/de\/keramik\/mini-bowl-blau\/#breadcrumb","itemListElement":[{"@type":"ListItem","position":1,"name":"Accueil","item":"https:\/\/poterie-de-crestet.com\/de\/accueil\/"},{"@type":"ListItem","position":2,"name":"Boutique","item":"https:\/\/poterie-de-crestet.com\/ceramiques\/"},{"@type":"ListItem","position":3,"name":"Mini Bowl Blau"}]},{"@type":"WebSite","@id":"https:\/\/poterie-de-crestet.com\/de\/#website","url":"https:\/\/poterie-de-crestet.com\/de\/","name":"Poterie de Crestet","description":"Des milliers de poteries inpir\u00e9es de la Provence","publisher":{"@id":"https:\/\/poterie-de-crestet.com\/de\/#organization"},"potentialAction":[{"@type":"SearchAction","target":{"@type":"EntryPoint","urlTemplate":"https:\/\/poterie-de-crestet.com\/de\/?s={search_term_string}"},"query-input":{"@type":"PropertyValueSpecification","valueRequired":true,"valueName":"search_term_string"}}],"inLanguage":"de"},{"@type":"Organization","@id":"https:\/\/poterie-de-crestet.com\/de\/#organization","name":"Poterie de Crestet","url":"https:\/\/poterie-de-crestet.com\/de\/","logo":{"@type":"ImageObject","inLanguage":"de","@id":"https:\/\/poterie-de-crestet.com\/de\/#\/schema\/logo\/image\/","url":"https:\/\/i0.wp.com\/poterie-de-crestet.com\/wp-content\/uploads\/2025\/03\/Propo-4.png?fit=1000%2C462&ssl=1","contentUrl":"https:\/\/i0.wp.com\/poterie-de-crestet.com\/wp-content\/uploads\/2025\/03\/Propo-4.png?fit=1000%2C462&ssl=1","width":1000,"height":462,"caption":"Poterie de Crestet"},"image":{"@id":"https:\/\/poterie-de-crestet.com\/de\/#\/schema\/logo\/image\/"}}]}},"jetpack_sharing_enabled":true,"_links":{"self":[{"href":"https:\/\/poterie-de-crestet.com\/de\/wp-json\/wp\/v2\/product\/16726","targetHints":{"allow":["GET"]}}],"collection":[{"href":"https:\/\/poterie-de-crestet.com\/de\/wp-json\/wp\/v2\/product"}],"about":[{"href":"https:\/\/poterie-de-crestet.com\/de\/wp-json\/wp\/v2\/types\/product"}],"replies":[{"embeddable":true,"href":"https:\/\/poterie-de-crestet.com\/de\/wp-json\/wp\/v2\/comments?post=16726"}],"version-history":[{"count":0,"href":"https:\/\/poterie-de-crestet.com\/de\/wp-json\/wp\/v2\/product\/16726\/revisions"}],"wp:featuredmedia":[{"embeddable":true,"href":"https:\/\/poterie-de-crestet.com\/de\/wp-json\/wp\/v2\/media\/6284"}],"wp:attachment":[{"href":"https:\/\/poterie-de-crestet.com\/de\/wp-json\/wp\/v2\/media?parent=16726"}],"wp:term":[{"taxonomy":"product_brand","embeddable":true,"href":"https:\/\/poterie-de-crestet.com\/de\/wp-json\/wp\/v2\/product_brand?post=16726"},{"taxonomy":"product_cat","embeddable":true,"href":"https:\/\/poterie-de-crestet.com\/de\/wp-json\/wp\/v2\/product_cat?post=16726"},{"taxonomy":"product_tag","embeddable":true,"href":"https:\/\/poterie-de-crestet.com\/de\/wp-json\/wp\/v2\/product_tag?post=16726"}],"curies":[{"name":"wp","href":"https:\/\/api.w.org\/{rel}","templated":true}]}}