{"id":16706,"date":"2025-04-08T10:26:19","date_gmt":"2025-04-08T08:26:19","guid":{"rendered":"https:\/\/poterie-de-crestet.com\/ceramiques\/schwammhalter-gruene-nyons\/"},"modified":"2025-04-08T10:26:19","modified_gmt":"2025-04-08T08:26:19","slug":"schwammhalter-gruene-nyons","status":"publish","type":"product","link":"https:\/\/poterie-de-crestet.com\/de\/keramik\/schwammhalter-gruene-nyons\/","title":{"rendered":"Schwammhalter  <h5>Gr\u00fcne Nyons<\/h5>"},"content":{"rendered":"<p>Praktisch und dekorativ hilft dir dieser gr\u00fcne Nyons-Schwammhalter, einen Waschbeckenbereich gut organisiert zu halten.<br data-start=\"220\" data-end=\"223\">Es eignet sich auch f\u00fcr einen umst\u00e4ndlichen Einsatz: Servietten auf einem Sommertisch oder eine Rezeptkarte, die man in der N\u00e4he des Herdes aufbewahrt.<br data-start=\"350\" data-end=\"353\">Hergestellt aus <strong data-start=\"375\" data-end=\"395\">handbemaltem<\/strong>, <strong data-start=\"397\" data-end=\"426\">sp\u00fclmaschinenfester und lebensmitteltauglicher<\/strong> Keramik.<strong data-start=\"444\" data-end=\"467\"><br data-start=\"468\" data-end=\"471\"><strong data-start=\"471\" data-end=\"492\">Sichere Bezahlung<\/strong>, <strong data-start=\"494\" data-end=\"515\">schneller Versand<\/strong> oder <strong data-start=\"520\" data-end=\"541\">Klick-und-Abholen<\/strong> ist auf den provenzalischen M\u00e4rkten m\u00f6glich.<br data-start=\"578\" data-end=\"581\">Zum Kombinieren mit einer <a class=\"\" href=\"#\" rel=\"noopener\" data-start=\"601\" data-end=\"627\" data-is-only-node=\"\">gr\u00fcnen Nyons-Salzhand<\/a> oder zu einer <a class=\"\" href=\"#\" rel=\"noopener\" data-start=\"649\" data-end=\"680\">Gouttes-Bleues-Kuchenform<\/a>.<\/strong><\/p>\n","protected":false},"excerpt":{"rendered":"<p>Keramik-Schwammhalter mit gr\u00fcnem Nyons-Dekor. Wird in der N\u00e4he des Waschbeckens platziert oder f\u00fcr den Tischservice umgeleitet. <br data-start=\"2050\" data-end=\"2053\"><strong data-start=\"2053\" data-end=\"2091\"><em data-start=\"2055\" data-end=\"2089\">Ma\u00dfe: 15,5 \u00d7 3,9 \u00d7 7,8 cm<\/em><\/strong><\/p>\n","protected":false},"featured_media":7506,"comment_status":"open","ping_status":"closed","template":"","meta":[],"product_brand":[],"product_cat":[289],"product_tag":[245],"class_list":{"0":"post-16706","1":"product","2":"type-product","3":"status-publish","4":"has-post-thumbnail","6":"product_cat-schwamm-und-seifenhalter","7":"product_tag-grune-nyons","9":"first","10":"instock","11":"taxable","12":"shipping-taxable","13":"purchasable","14":"product-type-simple"},"yoast_head":"<!-- This site is optimized with the Yoast SEO plugin v27.5 - https:\/\/yoast.com\/product\/yoast-seo-wordpress\/ -->\n<title>Schwammhalter Gr\u00fcne Nyons - Poterie de Crestet<\/title>\n<meta name=\"robots\" content=\"index, follow, max-snippet:-1, max-image-preview:large, max-video-preview:-1\" \/>\n<link rel=\"canonical\" href=\"https:\/\/poterie-de-crestet.com\/de\/keramik\/schwammhalter-gruene-nyons\/\" \/>\n<meta property=\"og:locale\" content=\"de_DE\" \/>\n<meta property=\"og:type\" content=\"article\" \/>\n<meta property=\"og:title\" content=\"Schwammhalter Gr\u00fcne Nyons - Poterie de Crestet\" \/>\n<meta property=\"og:description\" content=\"Keramik-Schwammhalter mit gr\u00fcnem Nyons-Dekor. Wird in der N\u00e4he des Waschbeckens platziert oder f\u00fcr den Tischservice umgeleitet. Ma\u00dfe: 15,5 \u00d7 3,9 \u00d7 7,8 cm\" \/>\n<meta property=\"og:url\" content=\"https:\/\/poterie-de-crestet.com\/de\/keramik\/schwammhalter-gruene-nyons\/\" \/>\n<meta property=\"og:site_name\" content=\"Poterie de Crestet\" \/>\n<meta property=\"og:image\" content=\"https:\/\/i0.wp.com\/poterie-de-crestet.com\/wp-content\/uploads\/2025\/04\/porte-eponge-nyons-vert.jpg?fit=458%2C458&ssl=1\" \/>\n\t<meta property=\"og:image:width\" content=\"458\" \/>\n\t<meta property=\"og:image:height\" content=\"458\" \/>\n\t<meta property=\"og:image:type\" content=\"image\/jpeg\" \/>\n<meta name=\"twitter:card\" content=\"summary_large_image\" \/>\n<script type=\"application\/ld+json\" class=\"yoast-schema-graph\">{\"@context\":\"https:\\\/\\\/schema.org\",\"@graph\":[{\"@type\":\"WebPage\",\"@id\":\"https:\\\/\\\/poterie-de-crestet.com\\\/de\\\/keramik\\\/schwammhalter-gruene-nyons\\\/\",\"url\":\"https:\\\/\\\/poterie-de-crestet.com\\\/de\\\/keramik\\\/schwammhalter-gruene-nyons\\\/\",\"name\":\"Schwammhalter Gr\u00fcne Nyons - Poterie de Crestet\",\"isPartOf\":{\"@id\":\"https:\\\/\\\/poterie-de-crestet.com\\\/de\\\/#website\"},\"primaryImageOfPage\":{\"@id\":\"https:\\\/\\\/poterie-de-crestet.com\\\/de\\\/keramik\\\/schwammhalter-gruene-nyons\\\/#primaryimage\"},\"image\":{\"@id\":\"https:\\\/\\\/poterie-de-crestet.com\\\/de\\\/keramik\\\/schwammhalter-gruene-nyons\\\/#primaryimage\"},\"thumbnailUrl\":\"https:\\\/\\\/i0.wp.com\\\/poterie-de-crestet.com\\\/wp-content\\\/uploads\\\/2025\\\/04\\\/porte-eponge-nyons-vert.jpg?fit=458%2C458&ssl=1\",\"datePublished\":\"2025-04-08T08:26:19+00:00\",\"breadcrumb\":{\"@id\":\"https:\\\/\\\/poterie-de-crestet.com\\\/de\\\/keramik\\\/schwammhalter-gruene-nyons\\\/#breadcrumb\"},\"inLanguage\":\"de\",\"potentialAction\":[{\"@type\":\"ReadAction\",\"target\":[\"https:\\\/\\\/poterie-de-crestet.com\\\/de\\\/keramik\\\/schwammhalter-gruene-nyons\\\/\"]}]},{\"@type\":\"ImageObject\",\"inLanguage\":\"de\",\"@id\":\"https:\\\/\\\/poterie-de-crestet.com\\\/de\\\/keramik\\\/schwammhalter-gruene-nyons\\\/#primaryimage\",\"url\":\"https:\\\/\\\/i0.wp.com\\\/poterie-de-crestet.com\\\/wp-content\\\/uploads\\\/2025\\\/04\\\/porte-eponge-nyons-vert.jpg?fit=458%2C458&ssl=1\",\"contentUrl\":\"https:\\\/\\\/i0.wp.com\\\/poterie-de-crestet.com\\\/wp-content\\\/uploads\\\/2025\\\/04\\\/porte-eponge-nyons-vert.jpg?fit=458%2C458&ssl=1\",\"width\":458,\"height\":458},{\"@type\":\"BreadcrumbList\",\"@id\":\"https:\\\/\\\/poterie-de-crestet.com\\\/de\\\/keramik\\\/schwammhalter-gruene-nyons\\\/#breadcrumb\",\"itemListElement\":[{\"@type\":\"ListItem\",\"position\":1,\"name\":\"Accueil\",\"item\":\"https:\\\/\\\/poterie-de-crestet.com\\\/de\\\/accueil\\\/\"},{\"@type\":\"ListItem\",\"position\":2,\"name\":\"Boutique\",\"item\":\"https:\\\/\\\/poterie-de-crestet.com\\\/ceramiques\\\/\"},{\"@type\":\"ListItem\",\"position\":3,\"name\":\"Schwammhalter Gr\u00fcne Nyons\"}]},{\"@type\":\"WebSite\",\"@id\":\"https:\\\/\\\/poterie-de-crestet.com\\\/de\\\/#website\",\"url\":\"https:\\\/\\\/poterie-de-crestet.com\\\/de\\\/\",\"name\":\"Poterie de Crestet\",\"description\":\"Des milliers de poteries inpir\u00e9es de la Provence\",\"publisher\":{\"@id\":\"https:\\\/\\\/poterie-de-crestet.com\\\/de\\\/#organization\"},\"potentialAction\":[{\"@type\":\"SearchAction\",\"target\":{\"@type\":\"EntryPoint\",\"urlTemplate\":\"https:\\\/\\\/poterie-de-crestet.com\\\/de\\\/?s={search_term_string}\"},\"query-input\":{\"@type\":\"PropertyValueSpecification\",\"valueRequired\":true,\"valueName\":\"search_term_string\"}}],\"inLanguage\":\"de\"},{\"@type\":\"Organization\",\"@id\":\"https:\\\/\\\/poterie-de-crestet.com\\\/de\\\/#organization\",\"name\":\"Poterie de Crestet\",\"url\":\"https:\\\/\\\/poterie-de-crestet.com\\\/de\\\/\",\"logo\":{\"@type\":\"ImageObject\",\"inLanguage\":\"de\",\"@id\":\"https:\\\/\\\/poterie-de-crestet.com\\\/de\\\/#\\\/schema\\\/logo\\\/image\\\/\",\"url\":\"https:\\\/\\\/i0.wp.com\\\/poterie-de-crestet.com\\\/wp-content\\\/uploads\\\/2025\\\/03\\\/Propo-4.png?fit=1000%2C462&ssl=1\",\"contentUrl\":\"https:\\\/\\\/i0.wp.com\\\/poterie-de-crestet.com\\\/wp-content\\\/uploads\\\/2025\\\/03\\\/Propo-4.png?fit=1000%2C462&ssl=1\",\"width\":1000,\"height\":462,\"caption\":\"Poterie de Crestet\"},\"image\":{\"@id\":\"https:\\\/\\\/poterie-de-crestet.com\\\/de\\\/#\\\/schema\\\/logo\\\/image\\\/\"}}]}<\/script>\n<!-- \/ Yoast SEO plugin. -->","yoast_head_json":{"title":"Schwammhalter Gr\u00fcne Nyons - Poterie de Crestet","robots":{"index":"index","follow":"follow","max-snippet":"max-snippet:-1","max-image-preview":"max-image-preview:large","max-video-preview":"max-video-preview:-1"},"canonical":"https:\/\/poterie-de-crestet.com\/de\/keramik\/schwammhalter-gruene-nyons\/","og_locale":"de_DE","og_type":"article","og_title":"Schwammhalter Gr\u00fcne Nyons - Poterie de Crestet","og_description":"Keramik-Schwammhalter mit gr\u00fcnem Nyons-Dekor. Wird in der N\u00e4he des Waschbeckens platziert oder f\u00fcr den Tischservice umgeleitet. Ma\u00dfe: 15,5 \u00d7 3,9 \u00d7 7,8 cm","og_url":"https:\/\/poterie-de-crestet.com\/de\/keramik\/schwammhalter-gruene-nyons\/","og_site_name":"Poterie de Crestet","og_image":[{"width":458,"height":458,"url":"https:\/\/i0.wp.com\/poterie-de-crestet.com\/wp-content\/uploads\/2025\/04\/porte-eponge-nyons-vert.jpg?fit=458%2C458&ssl=1","type":"image\/jpeg"}],"twitter_card":"summary_large_image","schema":{"@context":"https:\/\/schema.org","@graph":[{"@type":"WebPage","@id":"https:\/\/poterie-de-crestet.com\/de\/keramik\/schwammhalter-gruene-nyons\/","url":"https:\/\/poterie-de-crestet.com\/de\/keramik\/schwammhalter-gruene-nyons\/","name":"Schwammhalter Gr\u00fcne Nyons - Poterie de Crestet","isPartOf":{"@id":"https:\/\/poterie-de-crestet.com\/de\/#website"},"primaryImageOfPage":{"@id":"https:\/\/poterie-de-crestet.com\/de\/keramik\/schwammhalter-gruene-nyons\/#primaryimage"},"image":{"@id":"https:\/\/poterie-de-crestet.com\/de\/keramik\/schwammhalter-gruene-nyons\/#primaryimage"},"thumbnailUrl":"https:\/\/i0.wp.com\/poterie-de-crestet.com\/wp-content\/uploads\/2025\/04\/porte-eponge-nyons-vert.jpg?fit=458%2C458&ssl=1","datePublished":"2025-04-08T08:26:19+00:00","breadcrumb":{"@id":"https:\/\/poterie-de-crestet.com\/de\/keramik\/schwammhalter-gruene-nyons\/#breadcrumb"},"inLanguage":"de","potentialAction":[{"@type":"ReadAction","target":["https:\/\/poterie-de-crestet.com\/de\/keramik\/schwammhalter-gruene-nyons\/"]}]},{"@type":"ImageObject","inLanguage":"de","@id":"https:\/\/poterie-de-crestet.com\/de\/keramik\/schwammhalter-gruene-nyons\/#primaryimage","url":"https:\/\/i0.wp.com\/poterie-de-crestet.com\/wp-content\/uploads\/2025\/04\/porte-eponge-nyons-vert.jpg?fit=458%2C458&ssl=1","contentUrl":"https:\/\/i0.wp.com\/poterie-de-crestet.com\/wp-content\/uploads\/2025\/04\/porte-eponge-nyons-vert.jpg?fit=458%2C458&ssl=1","width":458,"height":458},{"@type":"BreadcrumbList","@id":"https:\/\/poterie-de-crestet.com\/de\/keramik\/schwammhalter-gruene-nyons\/#breadcrumb","itemListElement":[{"@type":"ListItem","position":1,"name":"Accueil","item":"https:\/\/poterie-de-crestet.com\/de\/accueil\/"},{"@type":"ListItem","position":2,"name":"Boutique","item":"https:\/\/poterie-de-crestet.com\/ceramiques\/"},{"@type":"ListItem","position":3,"name":"Schwammhalter Gr\u00fcne Nyons"}]},{"@type":"WebSite","@id":"https:\/\/poterie-de-crestet.com\/de\/#website","url":"https:\/\/poterie-de-crestet.com\/de\/","name":"Poterie de Crestet","description":"Des milliers de poteries inpir\u00e9es de la Provence","publisher":{"@id":"https:\/\/poterie-de-crestet.com\/de\/#organization"},"potentialAction":[{"@type":"SearchAction","target":{"@type":"EntryPoint","urlTemplate":"https:\/\/poterie-de-crestet.com\/de\/?s={search_term_string}"},"query-input":{"@type":"PropertyValueSpecification","valueRequired":true,"valueName":"search_term_string"}}],"inLanguage":"de"},{"@type":"Organization","@id":"https:\/\/poterie-de-crestet.com\/de\/#organization","name":"Poterie de Crestet","url":"https:\/\/poterie-de-crestet.com\/de\/","logo":{"@type":"ImageObject","inLanguage":"de","@id":"https:\/\/poterie-de-crestet.com\/de\/#\/schema\/logo\/image\/","url":"https:\/\/i0.wp.com\/poterie-de-crestet.com\/wp-content\/uploads\/2025\/03\/Propo-4.png?fit=1000%2C462&ssl=1","contentUrl":"https:\/\/i0.wp.com\/poterie-de-crestet.com\/wp-content\/uploads\/2025\/03\/Propo-4.png?fit=1000%2C462&ssl=1","width":1000,"height":462,"caption":"Poterie de Crestet"},"image":{"@id":"https:\/\/poterie-de-crestet.com\/de\/#\/schema\/logo\/image\/"}}]}},"jetpack_sharing_enabled":true,"_links":{"self":[{"href":"https:\/\/poterie-de-crestet.com\/de\/wp-json\/wp\/v2\/product\/16706","targetHints":{"allow":["GET"]}}],"collection":[{"href":"https:\/\/poterie-de-crestet.com\/de\/wp-json\/wp\/v2\/product"}],"about":[{"href":"https:\/\/poterie-de-crestet.com\/de\/wp-json\/wp\/v2\/types\/product"}],"replies":[{"embeddable":true,"href":"https:\/\/poterie-de-crestet.com\/de\/wp-json\/wp\/v2\/comments?post=16706"}],"version-history":[{"count":0,"href":"https:\/\/poterie-de-crestet.com\/de\/wp-json\/wp\/v2\/product\/16706\/revisions"}],"wp:featuredmedia":[{"embeddable":true,"href":"https:\/\/poterie-de-crestet.com\/de\/wp-json\/wp\/v2\/media\/7506"}],"wp:attachment":[{"href":"https:\/\/poterie-de-crestet.com\/de\/wp-json\/wp\/v2\/media?parent=16706"}],"wp:term":[{"taxonomy":"product_brand","embeddable":true,"href":"https:\/\/poterie-de-crestet.com\/de\/wp-json\/wp\/v2\/product_brand?post=16706"},{"taxonomy":"product_cat","embeddable":true,"href":"https:\/\/poterie-de-crestet.com\/de\/wp-json\/wp\/v2\/product_cat?post=16706"},{"taxonomy":"product_tag","embeddable":true,"href":"https:\/\/poterie-de-crestet.com\/de\/wp-json\/wp\/v2\/product_tag?post=16706"}],"curies":[{"name":"wp","href":"https:\/\/api.w.org\/{rel}","templated":true}]}}