{"id":16560,"date":"2025-04-08T10:26:39","date_gmt":"2025-04-08T08:26:39","guid":{"rendered":"https:\/\/poterie-de-crestet.com\/ceramiques\/wall-pot-large-blau\/"},"modified":"2026-04-08T11:00:41","modified_gmt":"2026-04-08T09:00:41","slug":"pot-mural-grand-bleu","status":"publish","type":"product","link":"https:\/\/poterie-de-crestet.com\/de\/keramik\/pot-mural-grand-bleu\/","title":{"rendered":"Wall Pot Large  <h5>Blau<\/h5>"},"content":{"rendered":"<p>Ein wandmontierter Topf, der gro\u00df denkt! Mit seiner gro\u00dfz\u00fcgigen Gr\u00f6\u00dfe ist dieses blaue Modell perfekt, um einen Klumpen frischen Thymian in der K\u00fcche aufzuh\u00e4ngen oder eine wundersch\u00f6ne bl\u00fchende Pflanze im Eingangsbereich aufzuh\u00e4ngen. Es kann sowohl an einer Innenwand als auch auf einer Terrasse verwendet werden (nat\u00fcrlich frostfrei).  <br data-start=\"427\" data-end=\"430\">Die breite \u00d6ffnung erleichtert das Pflanzen, und die tiefe Basis sch\u00fctzt die Wurzeln. Er l\u00e4sst sich problemlos an jeder stabilen Oberfl\u00e4che befestigen.<br data-start=\"571\" data-end=\"574\">Es gibt es auch <strong data-start=\"600\" data-end=\"609\">in kleinen<\/strong> und <strong data-start=\"613\" data-end=\"622\">mittleren<\/strong> Gr\u00f6\u00dfen, wenn du gerne mit Lautst\u00e4rken spielst. <br data-start=\"659\" data-end=\"662\"><strong data-start=\"662\" data-end=\"681\">Handbemalt<\/strong>, <strong data-start=\"683\" data-end=\"712\">sp\u00fclmaschinenfest, lebensmittelkonform<\/strong>: robuste und entspannte Keramik.<strong data-start=\"727\" data-end=\"750\"><br data-start=\"793\" data-end=\"796\">Bestellen Sie online mit <strong data-start=\"820\" data-end=\"841\">sicherer Bezahlung<\/strong> oder holen Sie es direkt auf unseren provenzalischen M\u00e4rkten ab.<br data-start=\"896\" data-end=\"899\">Zum Kombinieren mit einer <a class=\"\" href=\"https:\/\/poterie-de-crestet.com\/de\/keramik\/oelflasche-1-l-blau\/\" rel=\"noopener\" data-start=\"916\" data-end=\"943\">blauen \u00d6lflasche<\/a> oder zur Kombination mit einem <a class=\"\" href=\"https:\/\/poterie-de-crestet.com\/de\/keramik\/wall-pot-large-schwarzer-boden\/\" rel=\"noopener\" data-start=\"965\" data-end=\"988\">schwarzen Sol-Wand-Topf<\/a>.<\/strong><\/p>\n","protected":false},"excerpt":{"rendered":"<p>An der Wand aufgeh\u00e4ngt, enth\u00e4lt dieser blaue Wandtopf deine Pflanzen oder Kr\u00e4uter. Erh\u00e4ltlich in drei Gr\u00f6\u00dfen. <br data-start=\"352\" data-end=\"355\"><strong data-start=\"355\" data-end=\"391\"><em data-start=\"357\" data-end=\"389\">Abmessungen: 22 \u00d7 18,4 \u00d7 16 cm<\/em><\/strong><\/p>\n","protected":false},"featured_media":7844,"comment_status":"open","ping_status":"closed","template":"","meta":[],"product_brand":[],"product_cat":[427,297],"product_tag":[203],"class_list":{"0":"post-16560","1":"product","2":"type-product","3":"status-publish","4":"has-post-thumbnail","6":"product_cat-groser-wandmontierter-topf","7":"product_cat-wandtopfe","8":"product_tag-blau","10":"first","11":"instock","12":"taxable","13":"shipping-taxable","14":"purchasable","15":"product-type-simple"},"yoast_head":"<!-- This site is optimized with the Yoast SEO plugin v27.5 - https:\/\/yoast.com\/product\/yoast-seo-wordpress\/ -->\n<title>Wall Pot Large Blau - Poterie de Crestet<\/title>\n<meta name=\"robots\" content=\"index, follow, max-snippet:-1, max-image-preview:large, max-video-preview:-1\" \/>\n<link rel=\"canonical\" href=\"https:\/\/poterie-de-crestet.com\/de\/keramik\/pot-mural-grand-bleu\/\" \/>\n<meta property=\"og:locale\" content=\"de_DE\" \/>\n<meta property=\"og:type\" content=\"article\" \/>\n<meta property=\"og:title\" content=\"Wall Pot Large Blau - Poterie de Crestet\" \/>\n<meta property=\"og:description\" content=\"An der Wand aufgeh\u00e4ngt, enth\u00e4lt dieser blaue Wandtopf deine Pflanzen oder Kr\u00e4uter. Erh\u00e4ltlich in drei Gr\u00f6\u00dfen. Abmessungen: 22 \u00d7 18,4 \u00d7 16 cm\" \/>\n<meta property=\"og:url\" content=\"https:\/\/poterie-de-crestet.com\/de\/keramik\/pot-mural-grand-bleu\/\" \/>\n<meta property=\"og:site_name\" content=\"Poterie de Crestet\" \/>\n<meta property=\"article:modified_time\" content=\"2026-04-08T09:00:41+00:00\" \/>\n<meta property=\"og:image\" content=\"https:\/\/i0.wp.com\/poterie-de-crestet.com\/wp-content\/uploads\/2025\/04\/pot-mural-2-bleu.jpg?fit=458%2C458&ssl=1\" \/>\n\t<meta property=\"og:image:width\" content=\"458\" \/>\n\t<meta property=\"og:image:height\" content=\"458\" \/>\n\t<meta property=\"og:image:type\" content=\"image\/jpeg\" \/>\n<meta name=\"twitter:card\" content=\"summary_large_image\" \/>\n<meta name=\"twitter:label1\" content=\"Gesch\u00e4tzte Lesezeit\" \/>\n\t<meta name=\"twitter:data1\" content=\"1\u00a0Minute\" \/>\n<script type=\"application\/ld+json\" class=\"yoast-schema-graph\">{\"@context\":\"https:\\\/\\\/schema.org\",\"@graph\":[{\"@type\":\"WebPage\",\"@id\":\"https:\\\/\\\/poterie-de-crestet.com\\\/de\\\/keramik\\\/pot-mural-grand-bleu\\\/\",\"url\":\"https:\\\/\\\/poterie-de-crestet.com\\\/de\\\/keramik\\\/pot-mural-grand-bleu\\\/\",\"name\":\"Wall Pot Large Blau - Poterie de Crestet\",\"isPartOf\":{\"@id\":\"https:\\\/\\\/poterie-de-crestet.com\\\/de\\\/#website\"},\"primaryImageOfPage\":{\"@id\":\"https:\\\/\\\/poterie-de-crestet.com\\\/de\\\/keramik\\\/pot-mural-grand-bleu\\\/#primaryimage\"},\"image\":{\"@id\":\"https:\\\/\\\/poterie-de-crestet.com\\\/de\\\/keramik\\\/pot-mural-grand-bleu\\\/#primaryimage\"},\"thumbnailUrl\":\"https:\\\/\\\/i0.wp.com\\\/poterie-de-crestet.com\\\/wp-content\\\/uploads\\\/2025\\\/04\\\/pot-mural-2-bleu.jpg?fit=458%2C458&ssl=1\",\"datePublished\":\"2025-04-08T08:26:39+00:00\",\"dateModified\":\"2026-04-08T09:00:41+00:00\",\"breadcrumb\":{\"@id\":\"https:\\\/\\\/poterie-de-crestet.com\\\/de\\\/keramik\\\/pot-mural-grand-bleu\\\/#breadcrumb\"},\"inLanguage\":\"de\",\"potentialAction\":[{\"@type\":\"ReadAction\",\"target\":[\"https:\\\/\\\/poterie-de-crestet.com\\\/de\\\/keramik\\\/pot-mural-grand-bleu\\\/\"]}]},{\"@type\":\"ImageObject\",\"inLanguage\":\"de\",\"@id\":\"https:\\\/\\\/poterie-de-crestet.com\\\/de\\\/keramik\\\/pot-mural-grand-bleu\\\/#primaryimage\",\"url\":\"https:\\\/\\\/i0.wp.com\\\/poterie-de-crestet.com\\\/wp-content\\\/uploads\\\/2025\\\/04\\\/pot-mural-2-bleu.jpg?fit=458%2C458&ssl=1\",\"contentUrl\":\"https:\\\/\\\/i0.wp.com\\\/poterie-de-crestet.com\\\/wp-content\\\/uploads\\\/2025\\\/04\\\/pot-mural-2-bleu.jpg?fit=458%2C458&ssl=1\",\"width\":458,\"height\":458},{\"@type\":\"BreadcrumbList\",\"@id\":\"https:\\\/\\\/poterie-de-crestet.com\\\/de\\\/keramik\\\/pot-mural-grand-bleu\\\/#breadcrumb\",\"itemListElement\":[{\"@type\":\"ListItem\",\"position\":1,\"name\":\"Accueil\",\"item\":\"https:\\\/\\\/poterie-de-crestet.com\\\/de\\\/accueil\\\/\"},{\"@type\":\"ListItem\",\"position\":2,\"name\":\"Boutique\",\"item\":\"https:\\\/\\\/poterie-de-crestet.com\\\/ceramiques\\\/\"},{\"@type\":\"ListItem\",\"position\":3,\"name\":\"Wall Pot Large Blau\"}]},{\"@type\":\"WebSite\",\"@id\":\"https:\\\/\\\/poterie-de-crestet.com\\\/de\\\/#website\",\"url\":\"https:\\\/\\\/poterie-de-crestet.com\\\/de\\\/\",\"name\":\"Poterie de Crestet\",\"description\":\"Des milliers de poteries inpir\u00e9es de la Provence\",\"publisher\":{\"@id\":\"https:\\\/\\\/poterie-de-crestet.com\\\/de\\\/#organization\"},\"potentialAction\":[{\"@type\":\"SearchAction\",\"target\":{\"@type\":\"EntryPoint\",\"urlTemplate\":\"https:\\\/\\\/poterie-de-crestet.com\\\/de\\\/?s={search_term_string}\"},\"query-input\":{\"@type\":\"PropertyValueSpecification\",\"valueRequired\":true,\"valueName\":\"search_term_string\"}}],\"inLanguage\":\"de\"},{\"@type\":\"Organization\",\"@id\":\"https:\\\/\\\/poterie-de-crestet.com\\\/de\\\/#organization\",\"name\":\"Poterie de Crestet\",\"url\":\"https:\\\/\\\/poterie-de-crestet.com\\\/de\\\/\",\"logo\":{\"@type\":\"ImageObject\",\"inLanguage\":\"de\",\"@id\":\"https:\\\/\\\/poterie-de-crestet.com\\\/de\\\/#\\\/schema\\\/logo\\\/image\\\/\",\"url\":\"https:\\\/\\\/i0.wp.com\\\/poterie-de-crestet.com\\\/wp-content\\\/uploads\\\/2025\\\/03\\\/Propo-4.png?fit=1000%2C462&ssl=1\",\"contentUrl\":\"https:\\\/\\\/i0.wp.com\\\/poterie-de-crestet.com\\\/wp-content\\\/uploads\\\/2025\\\/03\\\/Propo-4.png?fit=1000%2C462&ssl=1\",\"width\":1000,\"height\":462,\"caption\":\"Poterie de Crestet\"},\"image\":{\"@id\":\"https:\\\/\\\/poterie-de-crestet.com\\\/de\\\/#\\\/schema\\\/logo\\\/image\\\/\"}}]}<\/script>\n<!-- \/ Yoast SEO plugin. -->","yoast_head_json":{"title":"Wall Pot Large Blau - Poterie de Crestet","robots":{"index":"index","follow":"follow","max-snippet":"max-snippet:-1","max-image-preview":"max-image-preview:large","max-video-preview":"max-video-preview:-1"},"canonical":"https:\/\/poterie-de-crestet.com\/de\/keramik\/pot-mural-grand-bleu\/","og_locale":"de_DE","og_type":"article","og_title":"Wall Pot Large Blau - Poterie de Crestet","og_description":"An der Wand aufgeh\u00e4ngt, enth\u00e4lt dieser blaue Wandtopf deine Pflanzen oder Kr\u00e4uter. Erh\u00e4ltlich in drei Gr\u00f6\u00dfen. Abmessungen: 22 \u00d7 18,4 \u00d7 16 cm","og_url":"https:\/\/poterie-de-crestet.com\/de\/keramik\/pot-mural-grand-bleu\/","og_site_name":"Poterie de Crestet","article_modified_time":"2026-04-08T09:00:41+00:00","og_image":[{"width":458,"height":458,"url":"https:\/\/i0.wp.com\/poterie-de-crestet.com\/wp-content\/uploads\/2025\/04\/pot-mural-2-bleu.jpg?fit=458%2C458&ssl=1","type":"image\/jpeg"}],"twitter_card":"summary_large_image","twitter_misc":{"Gesch\u00e4tzte Lesezeit":"1\u00a0Minute"},"schema":{"@context":"https:\/\/schema.org","@graph":[{"@type":"WebPage","@id":"https:\/\/poterie-de-crestet.com\/de\/keramik\/pot-mural-grand-bleu\/","url":"https:\/\/poterie-de-crestet.com\/de\/keramik\/pot-mural-grand-bleu\/","name":"Wall Pot Large Blau - Poterie de Crestet","isPartOf":{"@id":"https:\/\/poterie-de-crestet.com\/de\/#website"},"primaryImageOfPage":{"@id":"https:\/\/poterie-de-crestet.com\/de\/keramik\/pot-mural-grand-bleu\/#primaryimage"},"image":{"@id":"https:\/\/poterie-de-crestet.com\/de\/keramik\/pot-mural-grand-bleu\/#primaryimage"},"thumbnailUrl":"https:\/\/i0.wp.com\/poterie-de-crestet.com\/wp-content\/uploads\/2025\/04\/pot-mural-2-bleu.jpg?fit=458%2C458&ssl=1","datePublished":"2025-04-08T08:26:39+00:00","dateModified":"2026-04-08T09:00:41+00:00","breadcrumb":{"@id":"https:\/\/poterie-de-crestet.com\/de\/keramik\/pot-mural-grand-bleu\/#breadcrumb"},"inLanguage":"de","potentialAction":[{"@type":"ReadAction","target":["https:\/\/poterie-de-crestet.com\/de\/keramik\/pot-mural-grand-bleu\/"]}]},{"@type":"ImageObject","inLanguage":"de","@id":"https:\/\/poterie-de-crestet.com\/de\/keramik\/pot-mural-grand-bleu\/#primaryimage","url":"https:\/\/i0.wp.com\/poterie-de-crestet.com\/wp-content\/uploads\/2025\/04\/pot-mural-2-bleu.jpg?fit=458%2C458&ssl=1","contentUrl":"https:\/\/i0.wp.com\/poterie-de-crestet.com\/wp-content\/uploads\/2025\/04\/pot-mural-2-bleu.jpg?fit=458%2C458&ssl=1","width":458,"height":458},{"@type":"BreadcrumbList","@id":"https:\/\/poterie-de-crestet.com\/de\/keramik\/pot-mural-grand-bleu\/#breadcrumb","itemListElement":[{"@type":"ListItem","position":1,"name":"Accueil","item":"https:\/\/poterie-de-crestet.com\/de\/accueil\/"},{"@type":"ListItem","position":2,"name":"Boutique","item":"https:\/\/poterie-de-crestet.com\/ceramiques\/"},{"@type":"ListItem","position":3,"name":"Wall Pot Large Blau"}]},{"@type":"WebSite","@id":"https:\/\/poterie-de-crestet.com\/de\/#website","url":"https:\/\/poterie-de-crestet.com\/de\/","name":"Poterie de Crestet","description":"Des milliers de poteries inpir\u00e9es de la Provence","publisher":{"@id":"https:\/\/poterie-de-crestet.com\/de\/#organization"},"potentialAction":[{"@type":"SearchAction","target":{"@type":"EntryPoint","urlTemplate":"https:\/\/poterie-de-crestet.com\/de\/?s={search_term_string}"},"query-input":{"@type":"PropertyValueSpecification","valueRequired":true,"valueName":"search_term_string"}}],"inLanguage":"de"},{"@type":"Organization","@id":"https:\/\/poterie-de-crestet.com\/de\/#organization","name":"Poterie de Crestet","url":"https:\/\/poterie-de-crestet.com\/de\/","logo":{"@type":"ImageObject","inLanguage":"de","@id":"https:\/\/poterie-de-crestet.com\/de\/#\/schema\/logo\/image\/","url":"https:\/\/i0.wp.com\/poterie-de-crestet.com\/wp-content\/uploads\/2025\/03\/Propo-4.png?fit=1000%2C462&ssl=1","contentUrl":"https:\/\/i0.wp.com\/poterie-de-crestet.com\/wp-content\/uploads\/2025\/03\/Propo-4.png?fit=1000%2C462&ssl=1","width":1000,"height":462,"caption":"Poterie de Crestet"},"image":{"@id":"https:\/\/poterie-de-crestet.com\/de\/#\/schema\/logo\/image\/"}}]}},"jetpack_sharing_enabled":true,"_links":{"self":[{"href":"https:\/\/poterie-de-crestet.com\/de\/wp-json\/wp\/v2\/product\/16560","targetHints":{"allow":["GET"]}}],"collection":[{"href":"https:\/\/poterie-de-crestet.com\/de\/wp-json\/wp\/v2\/product"}],"about":[{"href":"https:\/\/poterie-de-crestet.com\/de\/wp-json\/wp\/v2\/types\/product"}],"replies":[{"embeddable":true,"href":"https:\/\/poterie-de-crestet.com\/de\/wp-json\/wp\/v2\/comments?post=16560"}],"version-history":[{"count":1,"href":"https:\/\/poterie-de-crestet.com\/de\/wp-json\/wp\/v2\/product\/16560\/revisions"}],"predecessor-version":[{"id":22971,"href":"https:\/\/poterie-de-crestet.com\/de\/wp-json\/wp\/v2\/product\/16560\/revisions\/22971"}],"wp:featuredmedia":[{"embeddable":true,"href":"https:\/\/poterie-de-crestet.com\/de\/wp-json\/wp\/v2\/media\/7844"}],"wp:attachment":[{"href":"https:\/\/poterie-de-crestet.com\/de\/wp-json\/wp\/v2\/media?parent=16560"}],"wp:term":[{"taxonomy":"product_brand","embeddable":true,"href":"https:\/\/poterie-de-crestet.com\/de\/wp-json\/wp\/v2\/product_brand?post=16560"},{"taxonomy":"product_cat","embeddable":true,"href":"https:\/\/poterie-de-crestet.com\/de\/wp-json\/wp\/v2\/product_cat?post=16560"},{"taxonomy":"product_tag","embeddable":true,"href":"https:\/\/poterie-de-crestet.com\/de\/wp-json\/wp\/v2\/product_tag?post=16560"}],"curies":[{"name":"wp","href":"https:\/\/api.w.org\/{rel}","templated":true}]}}