{"id":16546,"date":"2025-04-08T10:26:40","date_gmt":"2025-04-08T08:26:40","guid":{"rendered":"https:\/\/poterie-de-crestet.com\/ceramiques\/wall-pot-large-haus\/"},"modified":"2026-04-08T15:32:37","modified_gmt":"2026-04-08T13:32:37","slug":"pot-mural-grand-maison","status":"publish","type":"product","link":"https:\/\/poterie-de-crestet.com\/de\/keramik\/pot-mural-grand-maison\/","title":{"rendered":"Wall Pot Large  <h5>Haus<\/h5>"},"content":{"rendered":"<p>Der gro\u00dfe Maison-Wandtopf ist eine dekorative und praktische L\u00f6sung, um eine Wand zu dekorieren und dem Haus eine gr\u00fcne Note zu verleihen, sei es auf einer \u00fcberdachten Terrasse oder in einer K\u00fcchenzone. Die Wandform spart Platz und hebt Pflanzen hervor, was sie zu einer guten Wahl f\u00fcr diejenigen macht, die gerne pflanzen, ohne einen Tisch, ein Regal oder eine Fensterbank zu \u00fcberladen. <\/p>\n<p>Dieses gro\u00dfformatige Modell eignet sich hervorragend f\u00fcr kleine Zierpflanzen, Aromaten, Sukkulenten oder leichte Pflanzenzusammensetzungen. Es kann auch als eigenst\u00e4ndiges dekoratives Element verwendet werden, sogar vor der Pflanzung, dank seiner einfachen, warmen und leicht in verschiedene Atmosph\u00e4renstile integrierenden Stile. An einer hellen Wand, in einem Winterhaus, in der N\u00e4he eines Eingangs oder in einer K\u00fcche bringt es sofort eine lebendige Note, ohne es zu \u00fcbertreiben.  <\/p>\n<p>Mit den Ma\u00dfen 22 \u00d7 18,4 \u00d7 16 cm bietet dieser wandmontierte Topf eine interessante visuelle Pr\u00e4senz und l\u00e4sst sich dennoch leicht in einen kleinen Raum einbauen. Es ist Teil einer Bande, die ebenfalls in mehreren Gr\u00f6\u00dfen existiert und es erm\u00f6glicht, durch das Mischen von Formaten ein harmonisches Wandensemble zu schaffen. <\/p>\n<p>F\u00fcr eine koordinierte Komposition kann sie mit anderen Teilen der Wohnkultur kombiniert werden, zum Beispiel einem Wandtopf eines anderen Formats oder einem erg\u00e4nzenden dekorativen Objekt aus derselben Sammlung. Das Produktblatt zeigt au\u00dferdem weitere passende Gegenst\u00e4nde in dieser Dekoration. <\/p>\n<p><em><strong>Abmessungen: 22 \u00d7 18,4 \u00d7 16 cm<\/strong><\/em><\/p>\n","protected":false},"excerpt":{"rendered":"<p>Ein klassischer und charmanter Wandtopf f\u00fcr Ihre Bepflanzungen. Erh\u00e4ltlich in Klein, Mittel und Gro\u00df. <br data-start=\"1388\" data-end=\"1391\"><strong data-start=\"1391\" data-end=\"1427\"><em data-start=\"1393\" data-end=\"1425\">Abmessungen: 22 \u00d7 18,4 \u00d7 16 cm<\/em><\/strong><\/p>\n","protected":false},"featured_media":22981,"comment_status":"open","ping_status":"closed","template":"","meta":[],"product_brand":[],"product_cat":[427,297],"product_tag":[269],"class_list":{"0":"post-16546","1":"product","2":"type-product","3":"status-publish","4":"has-post-thumbnail","6":"product_cat-groser-wandmontierter-topf","7":"product_cat-wandtopfe","8":"product_tag-haus","10":"first","11":"instock","12":"taxable","13":"shipping-taxable","14":"purchasable","15":"product-type-simple"},"yoast_head":"<!-- This site is optimized with the Yoast SEO plugin v27.5 - https:\/\/yoast.com\/product\/yoast-seo-wordpress\/ -->\n<title>Wall Pot Large Haus - Poterie de Crestet<\/title>\n<meta name=\"description\" content=\"Ein Wandtopf mit Hausmuster. Ein naives Gem\u00e4lde-Klassiker f\u00fcr Ihre Plantagen. Diese Wandlampe ist in den Gr\u00f6\u00dfen klein, mittel und gro\u00df erh\u00e4ltlich. Gr\u00f6\u00dfe: 22 \u00d7 18,4 \u00d7 16 cm\" \/>\n<meta name=\"robots\" content=\"index, follow, max-snippet:-1, max-image-preview:large, max-video-preview:-1\" \/>\n<link rel=\"canonical\" href=\"https:\/\/poterie-de-crestet.com\/de\/keramik\/pot-mural-grand-maison\/\" \/>\n<meta property=\"og:locale\" content=\"de_DE\" \/>\n<meta property=\"og:type\" content=\"article\" \/>\n<meta property=\"og:title\" content=\"Wall Pot Large Haus - Poterie de Crestet\" \/>\n<meta property=\"og:description\" content=\"Ein Wandtopf mit Hausmuster. Ein naives Gem\u00e4lde-Klassiker f\u00fcr Ihre Plantagen. Diese Wandlampe ist in den Gr\u00f6\u00dfen klein, mittel und gro\u00df erh\u00e4ltlich. Gr\u00f6\u00dfe: 22 \u00d7 18,4 \u00d7 16 cm\" \/>\n<meta property=\"og:url\" content=\"https:\/\/poterie-de-crestet.com\/de\/keramik\/pot-mural-grand-maison\/\" \/>\n<meta property=\"og:site_name\" content=\"Poterie de Crestet\" \/>\n<meta property=\"article:modified_time\" content=\"2026-04-08T13:32:37+00:00\" \/>\n<meta property=\"og:image\" content=\"https:\/\/i0.wp.com\/poterie-de-crestet.com\/wp-content\/uploads\/2026\/04\/pot-mural-maison.jpg?fit=800%2C800&ssl=1\" \/>\n\t<meta property=\"og:image:width\" content=\"800\" \/>\n\t<meta property=\"og:image:height\" content=\"800\" \/>\n\t<meta property=\"og:image:type\" content=\"image\/jpeg\" \/>\n<meta name=\"twitter:card\" content=\"summary_large_image\" \/>\n<meta name=\"twitter:label1\" content=\"Gesch\u00e4tzte Lesezeit\" \/>\n\t<meta name=\"twitter:data1\" content=\"1\u00a0Minute\" \/>\n<script type=\"application\/ld+json\" class=\"yoast-schema-graph\">{\"@context\":\"https:\\\/\\\/schema.org\",\"@graph\":[{\"@type\":\"WebPage\",\"@id\":\"https:\\\/\\\/poterie-de-crestet.com\\\/de\\\/keramik\\\/pot-mural-grand-maison\\\/\",\"url\":\"https:\\\/\\\/poterie-de-crestet.com\\\/de\\\/keramik\\\/pot-mural-grand-maison\\\/\",\"name\":\"Wall Pot Large Haus - Poterie de Crestet\",\"isPartOf\":{\"@id\":\"https:\\\/\\\/poterie-de-crestet.com\\\/de\\\/#website\"},\"primaryImageOfPage\":{\"@id\":\"https:\\\/\\\/poterie-de-crestet.com\\\/de\\\/keramik\\\/pot-mural-grand-maison\\\/#primaryimage\"},\"image\":{\"@id\":\"https:\\\/\\\/poterie-de-crestet.com\\\/de\\\/keramik\\\/pot-mural-grand-maison\\\/#primaryimage\"},\"thumbnailUrl\":\"https:\\\/\\\/i0.wp.com\\\/poterie-de-crestet.com\\\/wp-content\\\/uploads\\\/2026\\\/04\\\/pot-mural-maison.jpg?fit=800%2C800&ssl=1\",\"datePublished\":\"2025-04-08T08:26:40+00:00\",\"dateModified\":\"2026-04-08T13:32:37+00:00\",\"description\":\"Ein Wandtopf mit Hausmuster. Ein naives Gem\u00e4lde-Klassiker f\u00fcr Ihre Plantagen. Diese Wandlampe ist in den Gr\u00f6\u00dfen klein, mittel und gro\u00df erh\u00e4ltlich. Gr\u00f6\u00dfe: 22 \u00d7 18,4 \u00d7 16 cm\",\"breadcrumb\":{\"@id\":\"https:\\\/\\\/poterie-de-crestet.com\\\/de\\\/keramik\\\/pot-mural-grand-maison\\\/#breadcrumb\"},\"inLanguage\":\"de\",\"potentialAction\":[{\"@type\":\"ReadAction\",\"target\":[\"https:\\\/\\\/poterie-de-crestet.com\\\/de\\\/keramik\\\/pot-mural-grand-maison\\\/\"]}]},{\"@type\":\"ImageObject\",\"inLanguage\":\"de\",\"@id\":\"https:\\\/\\\/poterie-de-crestet.com\\\/de\\\/keramik\\\/pot-mural-grand-maison\\\/#primaryimage\",\"url\":\"https:\\\/\\\/i0.wp.com\\\/poterie-de-crestet.com\\\/wp-content\\\/uploads\\\/2026\\\/04\\\/pot-mural-maison.jpg?fit=800%2C800&ssl=1\",\"contentUrl\":\"https:\\\/\\\/i0.wp.com\\\/poterie-de-crestet.com\\\/wp-content\\\/uploads\\\/2026\\\/04\\\/pot-mural-maison.jpg?fit=800%2C800&ssl=1\",\"width\":800,\"height\":800,\"caption\":\"Gro\u00dfer Hauswandtopf\"},{\"@type\":\"BreadcrumbList\",\"@id\":\"https:\\\/\\\/poterie-de-crestet.com\\\/de\\\/keramik\\\/pot-mural-grand-maison\\\/#breadcrumb\",\"itemListElement\":[{\"@type\":\"ListItem\",\"position\":1,\"name\":\"Accueil\",\"item\":\"https:\\\/\\\/poterie-de-crestet.com\\\/de\\\/accueil\\\/\"},{\"@type\":\"ListItem\",\"position\":2,\"name\":\"Boutique\",\"item\":\"https:\\\/\\\/poterie-de-crestet.com\\\/ceramiques\\\/\"},{\"@type\":\"ListItem\",\"position\":3,\"name\":\"Wall Pot Large Haus\"}]},{\"@type\":\"WebSite\",\"@id\":\"https:\\\/\\\/poterie-de-crestet.com\\\/de\\\/#website\",\"url\":\"https:\\\/\\\/poterie-de-crestet.com\\\/de\\\/\",\"name\":\"Poterie de Crestet\",\"description\":\"Des milliers de poteries inpir\u00e9es de la Provence\",\"publisher\":{\"@id\":\"https:\\\/\\\/poterie-de-crestet.com\\\/de\\\/#organization\"},\"potentialAction\":[{\"@type\":\"SearchAction\",\"target\":{\"@type\":\"EntryPoint\",\"urlTemplate\":\"https:\\\/\\\/poterie-de-crestet.com\\\/de\\\/?s={search_term_string}\"},\"query-input\":{\"@type\":\"PropertyValueSpecification\",\"valueRequired\":true,\"valueName\":\"search_term_string\"}}],\"inLanguage\":\"de\"},{\"@type\":\"Organization\",\"@id\":\"https:\\\/\\\/poterie-de-crestet.com\\\/de\\\/#organization\",\"name\":\"Poterie de Crestet\",\"url\":\"https:\\\/\\\/poterie-de-crestet.com\\\/de\\\/\",\"logo\":{\"@type\":\"ImageObject\",\"inLanguage\":\"de\",\"@id\":\"https:\\\/\\\/poterie-de-crestet.com\\\/de\\\/#\\\/schema\\\/logo\\\/image\\\/\",\"url\":\"https:\\\/\\\/i0.wp.com\\\/poterie-de-crestet.com\\\/wp-content\\\/uploads\\\/2025\\\/03\\\/Propo-4.png?fit=1000%2C462&ssl=1\",\"contentUrl\":\"https:\\\/\\\/i0.wp.com\\\/poterie-de-crestet.com\\\/wp-content\\\/uploads\\\/2025\\\/03\\\/Propo-4.png?fit=1000%2C462&ssl=1\",\"width\":1000,\"height\":462,\"caption\":\"Poterie de Crestet\"},\"image\":{\"@id\":\"https:\\\/\\\/poterie-de-crestet.com\\\/de\\\/#\\\/schema\\\/logo\\\/image\\\/\"}}]}<\/script>\n<!-- \/ Yoast SEO plugin. -->","yoast_head_json":{"title":"Wall Pot Large Haus - Poterie de Crestet","description":"Ein Wandtopf mit Hausmuster. Ein naives Gem\u00e4lde-Klassiker f\u00fcr Ihre Plantagen. Diese Wandlampe ist in den Gr\u00f6\u00dfen klein, mittel und gro\u00df erh\u00e4ltlich. Gr\u00f6\u00dfe: 22 \u00d7 18,4 \u00d7 16 cm","robots":{"index":"index","follow":"follow","max-snippet":"max-snippet:-1","max-image-preview":"max-image-preview:large","max-video-preview":"max-video-preview:-1"},"canonical":"https:\/\/poterie-de-crestet.com\/de\/keramik\/pot-mural-grand-maison\/","og_locale":"de_DE","og_type":"article","og_title":"Wall Pot Large Haus - Poterie de Crestet","og_description":"Ein Wandtopf mit Hausmuster. Ein naives Gem\u00e4lde-Klassiker f\u00fcr Ihre Plantagen. Diese Wandlampe ist in den Gr\u00f6\u00dfen klein, mittel und gro\u00df erh\u00e4ltlich. Gr\u00f6\u00dfe: 22 \u00d7 18,4 \u00d7 16 cm","og_url":"https:\/\/poterie-de-crestet.com\/de\/keramik\/pot-mural-grand-maison\/","og_site_name":"Poterie de Crestet","article_modified_time":"2026-04-08T13:32:37+00:00","og_image":[{"width":800,"height":800,"url":"https:\/\/i0.wp.com\/poterie-de-crestet.com\/wp-content\/uploads\/2026\/04\/pot-mural-maison.jpg?fit=800%2C800&ssl=1","type":"image\/jpeg"}],"twitter_card":"summary_large_image","twitter_misc":{"Gesch\u00e4tzte Lesezeit":"1\u00a0Minute"},"schema":{"@context":"https:\/\/schema.org","@graph":[{"@type":"WebPage","@id":"https:\/\/poterie-de-crestet.com\/de\/keramik\/pot-mural-grand-maison\/","url":"https:\/\/poterie-de-crestet.com\/de\/keramik\/pot-mural-grand-maison\/","name":"Wall Pot Large Haus - Poterie de Crestet","isPartOf":{"@id":"https:\/\/poterie-de-crestet.com\/de\/#website"},"primaryImageOfPage":{"@id":"https:\/\/poterie-de-crestet.com\/de\/keramik\/pot-mural-grand-maison\/#primaryimage"},"image":{"@id":"https:\/\/poterie-de-crestet.com\/de\/keramik\/pot-mural-grand-maison\/#primaryimage"},"thumbnailUrl":"https:\/\/i0.wp.com\/poterie-de-crestet.com\/wp-content\/uploads\/2026\/04\/pot-mural-maison.jpg?fit=800%2C800&ssl=1","datePublished":"2025-04-08T08:26:40+00:00","dateModified":"2026-04-08T13:32:37+00:00","description":"Ein Wandtopf mit Hausmuster. Ein naives Gem\u00e4lde-Klassiker f\u00fcr Ihre Plantagen. Diese Wandlampe ist in den Gr\u00f6\u00dfen klein, mittel und gro\u00df erh\u00e4ltlich. Gr\u00f6\u00dfe: 22 \u00d7 18,4 \u00d7 16 cm","breadcrumb":{"@id":"https:\/\/poterie-de-crestet.com\/de\/keramik\/pot-mural-grand-maison\/#breadcrumb"},"inLanguage":"de","potentialAction":[{"@type":"ReadAction","target":["https:\/\/poterie-de-crestet.com\/de\/keramik\/pot-mural-grand-maison\/"]}]},{"@type":"ImageObject","inLanguage":"de","@id":"https:\/\/poterie-de-crestet.com\/de\/keramik\/pot-mural-grand-maison\/#primaryimage","url":"https:\/\/i0.wp.com\/poterie-de-crestet.com\/wp-content\/uploads\/2026\/04\/pot-mural-maison.jpg?fit=800%2C800&ssl=1","contentUrl":"https:\/\/i0.wp.com\/poterie-de-crestet.com\/wp-content\/uploads\/2026\/04\/pot-mural-maison.jpg?fit=800%2C800&ssl=1","width":800,"height":800,"caption":"Gro\u00dfer Hauswandtopf"},{"@type":"BreadcrumbList","@id":"https:\/\/poterie-de-crestet.com\/de\/keramik\/pot-mural-grand-maison\/#breadcrumb","itemListElement":[{"@type":"ListItem","position":1,"name":"Accueil","item":"https:\/\/poterie-de-crestet.com\/de\/accueil\/"},{"@type":"ListItem","position":2,"name":"Boutique","item":"https:\/\/poterie-de-crestet.com\/ceramiques\/"},{"@type":"ListItem","position":3,"name":"Wall Pot Large Haus"}]},{"@type":"WebSite","@id":"https:\/\/poterie-de-crestet.com\/de\/#website","url":"https:\/\/poterie-de-crestet.com\/de\/","name":"Poterie de Crestet","description":"Des milliers de poteries inpir\u00e9es de la Provence","publisher":{"@id":"https:\/\/poterie-de-crestet.com\/de\/#organization"},"potentialAction":[{"@type":"SearchAction","target":{"@type":"EntryPoint","urlTemplate":"https:\/\/poterie-de-crestet.com\/de\/?s={search_term_string}"},"query-input":{"@type":"PropertyValueSpecification","valueRequired":true,"valueName":"search_term_string"}}],"inLanguage":"de"},{"@type":"Organization","@id":"https:\/\/poterie-de-crestet.com\/de\/#organization","name":"Poterie de Crestet","url":"https:\/\/poterie-de-crestet.com\/de\/","logo":{"@type":"ImageObject","inLanguage":"de","@id":"https:\/\/poterie-de-crestet.com\/de\/#\/schema\/logo\/image\/","url":"https:\/\/i0.wp.com\/poterie-de-crestet.com\/wp-content\/uploads\/2025\/03\/Propo-4.png?fit=1000%2C462&ssl=1","contentUrl":"https:\/\/i0.wp.com\/poterie-de-crestet.com\/wp-content\/uploads\/2025\/03\/Propo-4.png?fit=1000%2C462&ssl=1","width":1000,"height":462,"caption":"Poterie de Crestet"},"image":{"@id":"https:\/\/poterie-de-crestet.com\/de\/#\/schema\/logo\/image\/"}}]}},"jetpack_sharing_enabled":true,"_links":{"self":[{"href":"https:\/\/poterie-de-crestet.com\/de\/wp-json\/wp\/v2\/product\/16546","targetHints":{"allow":["GET"]}}],"collection":[{"href":"https:\/\/poterie-de-crestet.com\/de\/wp-json\/wp\/v2\/product"}],"about":[{"href":"https:\/\/poterie-de-crestet.com\/de\/wp-json\/wp\/v2\/types\/product"}],"replies":[{"embeddable":true,"href":"https:\/\/poterie-de-crestet.com\/de\/wp-json\/wp\/v2\/comments?post=16546"}],"version-history":[{"count":3,"href":"https:\/\/poterie-de-crestet.com\/de\/wp-json\/wp\/v2\/product\/16546\/revisions"}],"predecessor-version":[{"id":23001,"href":"https:\/\/poterie-de-crestet.com\/de\/wp-json\/wp\/v2\/product\/16546\/revisions\/23001"}],"wp:featuredmedia":[{"embeddable":true,"href":"https:\/\/poterie-de-crestet.com\/de\/wp-json\/wp\/v2\/media\/22981"}],"wp:attachment":[{"href":"https:\/\/poterie-de-crestet.com\/de\/wp-json\/wp\/v2\/media?parent=16546"}],"wp:term":[{"taxonomy":"product_brand","embeddable":true,"href":"https:\/\/poterie-de-crestet.com\/de\/wp-json\/wp\/v2\/product_brand?post=16546"},{"taxonomy":"product_cat","embeddable":true,"href":"https:\/\/poterie-de-crestet.com\/de\/wp-json\/wp\/v2\/product_cat?post=16546"},{"taxonomy":"product_tag","embeddable":true,"href":"https:\/\/poterie-de-crestet.com\/de\/wp-json\/wp\/v2\/product_tag?post=16546"}],"curies":[{"name":"wp","href":"https:\/\/api.w.org\/{rel}","templated":true}]}}