{"id":16517,"date":"2025-04-08T10:26:31","date_gmt":"2025-04-08T08:26:31","guid":{"rendered":"https:\/\/poterie-de-crestet.com\/ceramiques\/egg-holder-6-blau\/"},"modified":"2025-04-08T10:26:31","modified_gmt":"2025-04-08T08:26:31","slug":"egg-holder-6-blau","status":"publish","type":"product","link":"https:\/\/poterie-de-crestet.com\/de\/keramik\/egg-holder-6-blau\/","title":{"rendered":"Egg Holder *6  <h5>Blau<\/h5>"},"content":{"rendered":"<p>N\u00fcchtern und funktional erm\u00f6glicht dieser Keramik-Eierhalter mit blauem Dekor, bis zu sechs Eier stilvoll zu lagern. Ideal auf einer Arbeitsplatte, um Ihre Eier bei Zimmertemperatur oder im K\u00fchlschrank aufzubewahren, ist es ein gro\u00dfartiger Ersatz f\u00fcr unsch\u00f6ne Pappverpackungen.<br data-start=\"480\" data-end=\"483\">Stabil und einfach zu handhaben, begleitet sie Sie t\u00e4glich \u2013 von der Familienk\u00fcche bis zu den sorgf\u00e4ltigsten Zubereitungen. <br data-start=\"608\" data-end=\"611\"><strong data-start=\"611\" data-end=\"630\">Handbemalt<\/strong>, <strong data-start=\"639\" data-end=\"668\">sp\u00fclmaschinenfest<\/strong> und erf\u00fcllt die <strong data-start=\"684\" data-end=\"707\">Lebensmittelstandards<\/strong> f\u00fcr stressfreie Nutzung.<br data-start=\"745\" data-end=\"748\" data-is-only-node=\"\">Schnell versandt oder f\u00fcr Click &amp; Collect auf den M\u00e4rkten der Provence verf\u00fcgbar, mit <strong data-start=\"845\" data-end=\"866\">sicherer Bezahlung<\/strong>.<br data-start=\"867\" data-end=\"870\">Um mit einer <a class=\"\" href=\"#\" rel=\"noopener\" data-start=\"887\" data-end=\"907\">blauen Salzhand<\/a> zu kombinieren oder mit einem <a class=\"\" href=\"#\" rel=\"noopener\" data-start=\"929\" data-end=\"952\">gr\u00fcnen Nyons-M\u00f6rser<\/a> zu kombinieren.<\/p>\n","protected":false},"excerpt":{"rendered":"<p>Clevere Aufbewahrung f\u00fcr 6 Eier in Ihrer K\u00fcche oder Ihrem K\u00fchlschrank, in einer zeitlosen blauen Version.<br data-start=\"238\" data-end=\"241\"><strong data-start=\"241\" data-end=\"278\"><em data-start=\"243\" data-end=\"276\">Abmessungen: 14,5 \u00d7 10,1 \u00d7 5 cm<\/em><\/strong><\/p>\n","protected":false},"featured_media":7646,"comment_status":"open","ping_status":"closed","template":"","meta":[],"product_brand":[],"product_cat":[292],"product_tag":[203],"class_list":{"0":"post-16517","1":"product","2":"type-product","3":"status-publish","4":"has-post-thumbnail","6":"product_cat-eierhalter","7":"product_tag-blau","9":"first","10":"instock","11":"taxable","12":"shipping-taxable","13":"purchasable","14":"product-type-simple"},"yoast_head":"<!-- This site is optimized with the Yoast SEO plugin v27.5 - https:\/\/yoast.com\/product\/yoast-seo-wordpress\/ -->\n<title>Egg Holder *6 Blau - Poterie de Crestet<\/title>\n<meta name=\"robots\" content=\"index, follow, max-snippet:-1, max-image-preview:large, max-video-preview:-1\" \/>\n<link rel=\"canonical\" href=\"https:\/\/poterie-de-crestet.com\/de\/keramik\/egg-holder-6-blau\/\" \/>\n<meta property=\"og:locale\" content=\"de_DE\" \/>\n<meta property=\"og:type\" content=\"article\" \/>\n<meta property=\"og:title\" content=\"Egg Holder *6 Blau - Poterie de Crestet\" \/>\n<meta property=\"og:description\" content=\"Clevere Aufbewahrung f\u00fcr 6 Eier in Ihrer K\u00fcche oder Ihrem K\u00fchlschrank, in einer zeitlosen blauen Version.Abmessungen: 14,5 \u00d7 10,1 \u00d7 5 cm\" \/>\n<meta property=\"og:url\" content=\"https:\/\/poterie-de-crestet.com\/de\/keramik\/egg-holder-6-blau\/\" \/>\n<meta property=\"og:site_name\" content=\"Poterie de Crestet\" \/>\n<meta property=\"og:image\" content=\"https:\/\/i0.wp.com\/poterie-de-crestet.com\/wp-content\/uploads\/2025\/04\/porte-oeuf-bleu.jpg?fit=458%2C458&ssl=1\" \/>\n\t<meta property=\"og:image:width\" content=\"458\" \/>\n\t<meta property=\"og:image:height\" content=\"458\" \/>\n\t<meta property=\"og:image:type\" content=\"image\/jpeg\" \/>\n<meta name=\"twitter:card\" content=\"summary_large_image\" \/>\n<meta name=\"twitter:label1\" content=\"Gesch\u00e4tzte Lesezeit\" \/>\n\t<meta name=\"twitter:data1\" content=\"1\u00a0Minute\" \/>\n<script type=\"application\/ld+json\" class=\"yoast-schema-graph\">{\"@context\":\"https:\\\/\\\/schema.org\",\"@graph\":[{\"@type\":\"WebPage\",\"@id\":\"https:\\\/\\\/poterie-de-crestet.com\\\/de\\\/keramik\\\/egg-holder-6-blau\\\/\",\"url\":\"https:\\\/\\\/poterie-de-crestet.com\\\/de\\\/keramik\\\/egg-holder-6-blau\\\/\",\"name\":\"Egg Holder *6 Blau - Poterie de Crestet\",\"isPartOf\":{\"@id\":\"https:\\\/\\\/poterie-de-crestet.com\\\/de\\\/#website\"},\"primaryImageOfPage\":{\"@id\":\"https:\\\/\\\/poterie-de-crestet.com\\\/de\\\/keramik\\\/egg-holder-6-blau\\\/#primaryimage\"},\"image\":{\"@id\":\"https:\\\/\\\/poterie-de-crestet.com\\\/de\\\/keramik\\\/egg-holder-6-blau\\\/#primaryimage\"},\"thumbnailUrl\":\"https:\\\/\\\/i0.wp.com\\\/poterie-de-crestet.com\\\/wp-content\\\/uploads\\\/2025\\\/04\\\/porte-oeuf-bleu.jpg?fit=458%2C458&ssl=1\",\"datePublished\":\"2025-04-08T08:26:31+00:00\",\"breadcrumb\":{\"@id\":\"https:\\\/\\\/poterie-de-crestet.com\\\/de\\\/keramik\\\/egg-holder-6-blau\\\/#breadcrumb\"},\"inLanguage\":\"de\",\"potentialAction\":[{\"@type\":\"ReadAction\",\"target\":[\"https:\\\/\\\/poterie-de-crestet.com\\\/de\\\/keramik\\\/egg-holder-6-blau\\\/\"]}]},{\"@type\":\"ImageObject\",\"inLanguage\":\"de\",\"@id\":\"https:\\\/\\\/poterie-de-crestet.com\\\/de\\\/keramik\\\/egg-holder-6-blau\\\/#primaryimage\",\"url\":\"https:\\\/\\\/i0.wp.com\\\/poterie-de-crestet.com\\\/wp-content\\\/uploads\\\/2025\\\/04\\\/porte-oeuf-bleu.jpg?fit=458%2C458&ssl=1\",\"contentUrl\":\"https:\\\/\\\/i0.wp.com\\\/poterie-de-crestet.com\\\/wp-content\\\/uploads\\\/2025\\\/04\\\/porte-oeuf-bleu.jpg?fit=458%2C458&ssl=1\",\"width\":458,\"height\":458},{\"@type\":\"BreadcrumbList\",\"@id\":\"https:\\\/\\\/poterie-de-crestet.com\\\/de\\\/keramik\\\/egg-holder-6-blau\\\/#breadcrumb\",\"itemListElement\":[{\"@type\":\"ListItem\",\"position\":1,\"name\":\"Accueil\",\"item\":\"https:\\\/\\\/poterie-de-crestet.com\\\/de\\\/accueil\\\/\"},{\"@type\":\"ListItem\",\"position\":2,\"name\":\"Boutique\",\"item\":\"https:\\\/\\\/poterie-de-crestet.com\\\/ceramiques\\\/\"},{\"@type\":\"ListItem\",\"position\":3,\"name\":\"Egg Holder *6 Blau\"}]},{\"@type\":\"WebSite\",\"@id\":\"https:\\\/\\\/poterie-de-crestet.com\\\/de\\\/#website\",\"url\":\"https:\\\/\\\/poterie-de-crestet.com\\\/de\\\/\",\"name\":\"Poterie de Crestet\",\"description\":\"Des milliers de poteries inpir\u00e9es de la Provence\",\"publisher\":{\"@id\":\"https:\\\/\\\/poterie-de-crestet.com\\\/de\\\/#organization\"},\"potentialAction\":[{\"@type\":\"SearchAction\",\"target\":{\"@type\":\"EntryPoint\",\"urlTemplate\":\"https:\\\/\\\/poterie-de-crestet.com\\\/de\\\/?s={search_term_string}\"},\"query-input\":{\"@type\":\"PropertyValueSpecification\",\"valueRequired\":true,\"valueName\":\"search_term_string\"}}],\"inLanguage\":\"de\"},{\"@type\":\"Organization\",\"@id\":\"https:\\\/\\\/poterie-de-crestet.com\\\/de\\\/#organization\",\"name\":\"Poterie de Crestet\",\"url\":\"https:\\\/\\\/poterie-de-crestet.com\\\/de\\\/\",\"logo\":{\"@type\":\"ImageObject\",\"inLanguage\":\"de\",\"@id\":\"https:\\\/\\\/poterie-de-crestet.com\\\/de\\\/#\\\/schema\\\/logo\\\/image\\\/\",\"url\":\"https:\\\/\\\/i0.wp.com\\\/poterie-de-crestet.com\\\/wp-content\\\/uploads\\\/2025\\\/03\\\/Propo-4.png?fit=1000%2C462&ssl=1\",\"contentUrl\":\"https:\\\/\\\/i0.wp.com\\\/poterie-de-crestet.com\\\/wp-content\\\/uploads\\\/2025\\\/03\\\/Propo-4.png?fit=1000%2C462&ssl=1\",\"width\":1000,\"height\":462,\"caption\":\"Poterie de Crestet\"},\"image\":{\"@id\":\"https:\\\/\\\/poterie-de-crestet.com\\\/de\\\/#\\\/schema\\\/logo\\\/image\\\/\"}}]}<\/script>\n<!-- \/ Yoast SEO plugin. -->","yoast_head_json":{"title":"Egg Holder *6 Blau - Poterie de Crestet","robots":{"index":"index","follow":"follow","max-snippet":"max-snippet:-1","max-image-preview":"max-image-preview:large","max-video-preview":"max-video-preview:-1"},"canonical":"https:\/\/poterie-de-crestet.com\/de\/keramik\/egg-holder-6-blau\/","og_locale":"de_DE","og_type":"article","og_title":"Egg Holder *6 Blau - Poterie de Crestet","og_description":"Clevere Aufbewahrung f\u00fcr 6 Eier in Ihrer K\u00fcche oder Ihrem K\u00fchlschrank, in einer zeitlosen blauen Version.Abmessungen: 14,5 \u00d7 10,1 \u00d7 5 cm","og_url":"https:\/\/poterie-de-crestet.com\/de\/keramik\/egg-holder-6-blau\/","og_site_name":"Poterie de Crestet","og_image":[{"width":458,"height":458,"url":"https:\/\/i0.wp.com\/poterie-de-crestet.com\/wp-content\/uploads\/2025\/04\/porte-oeuf-bleu.jpg?fit=458%2C458&ssl=1","type":"image\/jpeg"}],"twitter_card":"summary_large_image","twitter_misc":{"Gesch\u00e4tzte Lesezeit":"1\u00a0Minute"},"schema":{"@context":"https:\/\/schema.org","@graph":[{"@type":"WebPage","@id":"https:\/\/poterie-de-crestet.com\/de\/keramik\/egg-holder-6-blau\/","url":"https:\/\/poterie-de-crestet.com\/de\/keramik\/egg-holder-6-blau\/","name":"Egg Holder *6 Blau - Poterie de Crestet","isPartOf":{"@id":"https:\/\/poterie-de-crestet.com\/de\/#website"},"primaryImageOfPage":{"@id":"https:\/\/poterie-de-crestet.com\/de\/keramik\/egg-holder-6-blau\/#primaryimage"},"image":{"@id":"https:\/\/poterie-de-crestet.com\/de\/keramik\/egg-holder-6-blau\/#primaryimage"},"thumbnailUrl":"https:\/\/i0.wp.com\/poterie-de-crestet.com\/wp-content\/uploads\/2025\/04\/porte-oeuf-bleu.jpg?fit=458%2C458&ssl=1","datePublished":"2025-04-08T08:26:31+00:00","breadcrumb":{"@id":"https:\/\/poterie-de-crestet.com\/de\/keramik\/egg-holder-6-blau\/#breadcrumb"},"inLanguage":"de","potentialAction":[{"@type":"ReadAction","target":["https:\/\/poterie-de-crestet.com\/de\/keramik\/egg-holder-6-blau\/"]}]},{"@type":"ImageObject","inLanguage":"de","@id":"https:\/\/poterie-de-crestet.com\/de\/keramik\/egg-holder-6-blau\/#primaryimage","url":"https:\/\/i0.wp.com\/poterie-de-crestet.com\/wp-content\/uploads\/2025\/04\/porte-oeuf-bleu.jpg?fit=458%2C458&ssl=1","contentUrl":"https:\/\/i0.wp.com\/poterie-de-crestet.com\/wp-content\/uploads\/2025\/04\/porte-oeuf-bleu.jpg?fit=458%2C458&ssl=1","width":458,"height":458},{"@type":"BreadcrumbList","@id":"https:\/\/poterie-de-crestet.com\/de\/keramik\/egg-holder-6-blau\/#breadcrumb","itemListElement":[{"@type":"ListItem","position":1,"name":"Accueil","item":"https:\/\/poterie-de-crestet.com\/de\/accueil\/"},{"@type":"ListItem","position":2,"name":"Boutique","item":"https:\/\/poterie-de-crestet.com\/ceramiques\/"},{"@type":"ListItem","position":3,"name":"Egg Holder *6 Blau"}]},{"@type":"WebSite","@id":"https:\/\/poterie-de-crestet.com\/de\/#website","url":"https:\/\/poterie-de-crestet.com\/de\/","name":"Poterie de Crestet","description":"Des milliers de poteries inpir\u00e9es de la Provence","publisher":{"@id":"https:\/\/poterie-de-crestet.com\/de\/#organization"},"potentialAction":[{"@type":"SearchAction","target":{"@type":"EntryPoint","urlTemplate":"https:\/\/poterie-de-crestet.com\/de\/?s={search_term_string}"},"query-input":{"@type":"PropertyValueSpecification","valueRequired":true,"valueName":"search_term_string"}}],"inLanguage":"de"},{"@type":"Organization","@id":"https:\/\/poterie-de-crestet.com\/de\/#organization","name":"Poterie de Crestet","url":"https:\/\/poterie-de-crestet.com\/de\/","logo":{"@type":"ImageObject","inLanguage":"de","@id":"https:\/\/poterie-de-crestet.com\/de\/#\/schema\/logo\/image\/","url":"https:\/\/i0.wp.com\/poterie-de-crestet.com\/wp-content\/uploads\/2025\/03\/Propo-4.png?fit=1000%2C462&ssl=1","contentUrl":"https:\/\/i0.wp.com\/poterie-de-crestet.com\/wp-content\/uploads\/2025\/03\/Propo-4.png?fit=1000%2C462&ssl=1","width":1000,"height":462,"caption":"Poterie de Crestet"},"image":{"@id":"https:\/\/poterie-de-crestet.com\/de\/#\/schema\/logo\/image\/"}}]}},"jetpack_sharing_enabled":true,"_links":{"self":[{"href":"https:\/\/poterie-de-crestet.com\/de\/wp-json\/wp\/v2\/product\/16517","targetHints":{"allow":["GET"]}}],"collection":[{"href":"https:\/\/poterie-de-crestet.com\/de\/wp-json\/wp\/v2\/product"}],"about":[{"href":"https:\/\/poterie-de-crestet.com\/de\/wp-json\/wp\/v2\/types\/product"}],"replies":[{"embeddable":true,"href":"https:\/\/poterie-de-crestet.com\/de\/wp-json\/wp\/v2\/comments?post=16517"}],"version-history":[{"count":0,"href":"https:\/\/poterie-de-crestet.com\/de\/wp-json\/wp\/v2\/product\/16517\/revisions"}],"wp:featuredmedia":[{"embeddable":true,"href":"https:\/\/poterie-de-crestet.com\/de\/wp-json\/wp\/v2\/media\/7646"}],"wp:attachment":[{"href":"https:\/\/poterie-de-crestet.com\/de\/wp-json\/wp\/v2\/media?parent=16517"}],"wp:term":[{"taxonomy":"product_brand","embeddable":true,"href":"https:\/\/poterie-de-crestet.com\/de\/wp-json\/wp\/v2\/product_brand?post=16517"},{"taxonomy":"product_cat","embeddable":true,"href":"https:\/\/poterie-de-crestet.com\/de\/wp-json\/wp\/v2\/product_cat?post=16517"},{"taxonomy":"product_tag","embeddable":true,"href":"https:\/\/poterie-de-crestet.com\/de\/wp-json\/wp\/v2\/product_tag?post=16517"}],"curies":[{"name":"wp","href":"https:\/\/api.w.org\/{rel}","templated":true}]}}