{"id":16493,"date":"2025-04-08T10:26:33","date_gmt":"2025-04-08T08:26:33","guid":{"rendered":"https:\/\/poterie-de-crestet.com\/ceramiques\/egg-holder-6-pistaziegrauoliven\/"},"modified":"2025-04-08T10:26:33","modified_gmt":"2025-04-08T08:26:33","slug":"egg-holder-6-pistaziegrauoliven","status":"publish","type":"product","link":"https:\/\/poterie-de-crestet.com\/de\/keramik\/egg-holder-6-pistaziegrauoliven\/","title":{"rendered":"Egg Holder *6  <h5>Pistaziegrauoliven<\/h5>"},"content":{"rendered":"<p>Frische Dekoration und praktische Funktion f\u00fcr diesen Olive Pistachio Grey Egg Holder. Es kann sechs Eier aufnehmen und t\u00e4glich verwendet werden, im K\u00fchlschrank gestellt oder prominent auf der Arbeitsplatte ausgestellt werden.<br data-start=\"2177\" data-end=\"2180\">Wir sch\u00e4tzen seine geringe Gr\u00f6\u00dfe, seine Stabilit\u00e4t und die leicht zu reinigende Keramik. <br data-start=\"2257\" data-end=\"2260\"><strong data-start=\"2260\" data-end=\"2279\">Handbemalt<\/strong>, <strong data-start=\"2281\" data-end=\"2310\">sp\u00fclmaschinenfest<\/strong>, <strong data-start=\"2325\" data-end=\"2348\">lebensmittelkonform<\/strong>.<br data-start=\"2349\" data-end=\"2352\">Verf\u00fcgbar f\u00fcr Click &amp; Collect-Abholung oder <strong data-start=\"2393\" data-end=\"2414\">schnellen Versand<\/strong>, <strong data-start=\"2416\" data-end=\"2437\">sichere Bezahlung<\/strong>.<br data-start=\"2438\" data-end=\"2441\">Kombinieren Sie es mit einer <a class=\"\" href=\"#\" rel=\"noopener\" data-start=\"2459\" data-end=\"2501\">Flasche Pistaziengraues Oliven\u00f6l<\/a> oder wechseln Sie mit einer <a class=\"\" href=\"#\" rel=\"noopener\" data-start=\"2524\" data-end=\"2551\">Carr\u00e9-Bleu-Kuchenschale<\/a>.<\/p>\n","protected":false},"excerpt":{"rendered":"<p>Nat\u00fcrliche Eleganz f\u00fcr dieses 6-teilige Eiergestell, ideal auf einer Arbeitsplatte oder im K\u00fchlschrank.<br data-start=\"2273\" data-end=\"2276\"><strong data-start=\"2276\" data-end=\"2313\"><em data-start=\"2278\" data-end=\"2311\">Abmessungen: 14,5 \u00d7 10,1 \u00d7 5 cm<\/em><\/strong><\/p>\n","protected":false},"featured_media":7658,"comment_status":"open","ping_status":"closed","template":"","meta":[],"product_brand":[],"product_cat":[292],"product_tag":[243],"class_list":{"0":"post-16493","1":"product","2":"type-product","3":"status-publish","4":"has-post-thumbnail","6":"product_cat-eierhalter","7":"product_tag-pistaziegrauoliven","9":"first","10":"instock","11":"taxable","12":"shipping-taxable","13":"purchasable","14":"product-type-simple"},"yoast_head":"<!-- This site is optimized with the Yoast SEO plugin v27.5 - https:\/\/yoast.com\/product\/yoast-seo-wordpress\/ -->\n<title>Egg Holder *6 Pistaziegrauoliven - Poterie de Crestet<\/title>\n<meta name=\"robots\" content=\"index, follow, max-snippet:-1, max-image-preview:large, max-video-preview:-1\" \/>\n<link rel=\"canonical\" href=\"https:\/\/poterie-de-crestet.com\/de\/keramik\/egg-holder-6-pistaziegrauoliven\/\" \/>\n<meta property=\"og:locale\" content=\"de_DE\" \/>\n<meta property=\"og:type\" content=\"article\" \/>\n<meta property=\"og:title\" content=\"Egg Holder *6 Pistaziegrauoliven - Poterie de Crestet\" \/>\n<meta property=\"og:description\" content=\"Nat\u00fcrliche Eleganz f\u00fcr dieses 6-teilige Eiergestell, ideal auf einer Arbeitsplatte oder im K\u00fchlschrank.Abmessungen: 14,5 \u00d7 10,1 \u00d7 5 cm\" \/>\n<meta property=\"og:url\" content=\"https:\/\/poterie-de-crestet.com\/de\/keramik\/egg-holder-6-pistaziegrauoliven\/\" \/>\n<meta property=\"og:site_name\" content=\"Poterie de Crestet\" \/>\n<meta property=\"og:image\" content=\"https:\/\/i0.wp.com\/poterie-de-crestet.com\/wp-content\/uploads\/2025\/04\/porte-oeuf-olive-gris-pistache.jpg?fit=458%2C458&ssl=1\" \/>\n\t<meta property=\"og:image:width\" content=\"458\" \/>\n\t<meta property=\"og:image:height\" content=\"458\" \/>\n\t<meta property=\"og:image:type\" content=\"image\/jpeg\" \/>\n<meta name=\"twitter:card\" content=\"summary_large_image\" \/>\n<script type=\"application\/ld+json\" class=\"yoast-schema-graph\">{\"@context\":\"https:\\\/\\\/schema.org\",\"@graph\":[{\"@type\":\"WebPage\",\"@id\":\"https:\\\/\\\/poterie-de-crestet.com\\\/de\\\/keramik\\\/egg-holder-6-pistaziegrauoliven\\\/\",\"url\":\"https:\\\/\\\/poterie-de-crestet.com\\\/de\\\/keramik\\\/egg-holder-6-pistaziegrauoliven\\\/\",\"name\":\"Egg Holder *6 Pistaziegrauoliven - Poterie de Crestet\",\"isPartOf\":{\"@id\":\"https:\\\/\\\/poterie-de-crestet.com\\\/de\\\/#website\"},\"primaryImageOfPage\":{\"@id\":\"https:\\\/\\\/poterie-de-crestet.com\\\/de\\\/keramik\\\/egg-holder-6-pistaziegrauoliven\\\/#primaryimage\"},\"image\":{\"@id\":\"https:\\\/\\\/poterie-de-crestet.com\\\/de\\\/keramik\\\/egg-holder-6-pistaziegrauoliven\\\/#primaryimage\"},\"thumbnailUrl\":\"https:\\\/\\\/i0.wp.com\\\/poterie-de-crestet.com\\\/wp-content\\\/uploads\\\/2025\\\/04\\\/porte-oeuf-olive-gris-pistache.jpg?fit=458%2C458&ssl=1\",\"datePublished\":\"2025-04-08T08:26:33+00:00\",\"breadcrumb\":{\"@id\":\"https:\\\/\\\/poterie-de-crestet.com\\\/de\\\/keramik\\\/egg-holder-6-pistaziegrauoliven\\\/#breadcrumb\"},\"inLanguage\":\"de\",\"potentialAction\":[{\"@type\":\"ReadAction\",\"target\":[\"https:\\\/\\\/poterie-de-crestet.com\\\/de\\\/keramik\\\/egg-holder-6-pistaziegrauoliven\\\/\"]}]},{\"@type\":\"ImageObject\",\"inLanguage\":\"de\",\"@id\":\"https:\\\/\\\/poterie-de-crestet.com\\\/de\\\/keramik\\\/egg-holder-6-pistaziegrauoliven\\\/#primaryimage\",\"url\":\"https:\\\/\\\/i0.wp.com\\\/poterie-de-crestet.com\\\/wp-content\\\/uploads\\\/2025\\\/04\\\/porte-oeuf-olive-gris-pistache.jpg?fit=458%2C458&ssl=1\",\"contentUrl\":\"https:\\\/\\\/i0.wp.com\\\/poterie-de-crestet.com\\\/wp-content\\\/uploads\\\/2025\\\/04\\\/porte-oeuf-olive-gris-pistache.jpg?fit=458%2C458&ssl=1\",\"width\":458,\"height\":458},{\"@type\":\"BreadcrumbList\",\"@id\":\"https:\\\/\\\/poterie-de-crestet.com\\\/de\\\/keramik\\\/egg-holder-6-pistaziegrauoliven\\\/#breadcrumb\",\"itemListElement\":[{\"@type\":\"ListItem\",\"position\":1,\"name\":\"Accueil\",\"item\":\"https:\\\/\\\/poterie-de-crestet.com\\\/de\\\/accueil\\\/\"},{\"@type\":\"ListItem\",\"position\":2,\"name\":\"Boutique\",\"item\":\"https:\\\/\\\/poterie-de-crestet.com\\\/ceramiques\\\/\"},{\"@type\":\"ListItem\",\"position\":3,\"name\":\"Egg Holder *6 Pistaziegrauoliven\"}]},{\"@type\":\"WebSite\",\"@id\":\"https:\\\/\\\/poterie-de-crestet.com\\\/de\\\/#website\",\"url\":\"https:\\\/\\\/poterie-de-crestet.com\\\/de\\\/\",\"name\":\"Poterie de Crestet\",\"description\":\"Des milliers de poteries inpir\u00e9es de la Provence\",\"publisher\":{\"@id\":\"https:\\\/\\\/poterie-de-crestet.com\\\/de\\\/#organization\"},\"potentialAction\":[{\"@type\":\"SearchAction\",\"target\":{\"@type\":\"EntryPoint\",\"urlTemplate\":\"https:\\\/\\\/poterie-de-crestet.com\\\/de\\\/?s={search_term_string}\"},\"query-input\":{\"@type\":\"PropertyValueSpecification\",\"valueRequired\":true,\"valueName\":\"search_term_string\"}}],\"inLanguage\":\"de\"},{\"@type\":\"Organization\",\"@id\":\"https:\\\/\\\/poterie-de-crestet.com\\\/de\\\/#organization\",\"name\":\"Poterie de Crestet\",\"url\":\"https:\\\/\\\/poterie-de-crestet.com\\\/de\\\/\",\"logo\":{\"@type\":\"ImageObject\",\"inLanguage\":\"de\",\"@id\":\"https:\\\/\\\/poterie-de-crestet.com\\\/de\\\/#\\\/schema\\\/logo\\\/image\\\/\",\"url\":\"https:\\\/\\\/i0.wp.com\\\/poterie-de-crestet.com\\\/wp-content\\\/uploads\\\/2025\\\/03\\\/Propo-4.png?fit=1000%2C462&ssl=1\",\"contentUrl\":\"https:\\\/\\\/i0.wp.com\\\/poterie-de-crestet.com\\\/wp-content\\\/uploads\\\/2025\\\/03\\\/Propo-4.png?fit=1000%2C462&ssl=1\",\"width\":1000,\"height\":462,\"caption\":\"Poterie de Crestet\"},\"image\":{\"@id\":\"https:\\\/\\\/poterie-de-crestet.com\\\/de\\\/#\\\/schema\\\/logo\\\/image\\\/\"}}]}<\/script>\n<!-- \/ Yoast SEO plugin. -->","yoast_head_json":{"title":"Egg Holder *6 Pistaziegrauoliven - Poterie de Crestet","robots":{"index":"index","follow":"follow","max-snippet":"max-snippet:-1","max-image-preview":"max-image-preview:large","max-video-preview":"max-video-preview:-1"},"canonical":"https:\/\/poterie-de-crestet.com\/de\/keramik\/egg-holder-6-pistaziegrauoliven\/","og_locale":"de_DE","og_type":"article","og_title":"Egg Holder *6 Pistaziegrauoliven - Poterie de Crestet","og_description":"Nat\u00fcrliche Eleganz f\u00fcr dieses 6-teilige Eiergestell, ideal auf einer Arbeitsplatte oder im K\u00fchlschrank.Abmessungen: 14,5 \u00d7 10,1 \u00d7 5 cm","og_url":"https:\/\/poterie-de-crestet.com\/de\/keramik\/egg-holder-6-pistaziegrauoliven\/","og_site_name":"Poterie de Crestet","og_image":[{"width":458,"height":458,"url":"https:\/\/i0.wp.com\/poterie-de-crestet.com\/wp-content\/uploads\/2025\/04\/porte-oeuf-olive-gris-pistache.jpg?fit=458%2C458&ssl=1","type":"image\/jpeg"}],"twitter_card":"summary_large_image","schema":{"@context":"https:\/\/schema.org","@graph":[{"@type":"WebPage","@id":"https:\/\/poterie-de-crestet.com\/de\/keramik\/egg-holder-6-pistaziegrauoliven\/","url":"https:\/\/poterie-de-crestet.com\/de\/keramik\/egg-holder-6-pistaziegrauoliven\/","name":"Egg Holder *6 Pistaziegrauoliven - Poterie de Crestet","isPartOf":{"@id":"https:\/\/poterie-de-crestet.com\/de\/#website"},"primaryImageOfPage":{"@id":"https:\/\/poterie-de-crestet.com\/de\/keramik\/egg-holder-6-pistaziegrauoliven\/#primaryimage"},"image":{"@id":"https:\/\/poterie-de-crestet.com\/de\/keramik\/egg-holder-6-pistaziegrauoliven\/#primaryimage"},"thumbnailUrl":"https:\/\/i0.wp.com\/poterie-de-crestet.com\/wp-content\/uploads\/2025\/04\/porte-oeuf-olive-gris-pistache.jpg?fit=458%2C458&ssl=1","datePublished":"2025-04-08T08:26:33+00:00","breadcrumb":{"@id":"https:\/\/poterie-de-crestet.com\/de\/keramik\/egg-holder-6-pistaziegrauoliven\/#breadcrumb"},"inLanguage":"de","potentialAction":[{"@type":"ReadAction","target":["https:\/\/poterie-de-crestet.com\/de\/keramik\/egg-holder-6-pistaziegrauoliven\/"]}]},{"@type":"ImageObject","inLanguage":"de","@id":"https:\/\/poterie-de-crestet.com\/de\/keramik\/egg-holder-6-pistaziegrauoliven\/#primaryimage","url":"https:\/\/i0.wp.com\/poterie-de-crestet.com\/wp-content\/uploads\/2025\/04\/porte-oeuf-olive-gris-pistache.jpg?fit=458%2C458&ssl=1","contentUrl":"https:\/\/i0.wp.com\/poterie-de-crestet.com\/wp-content\/uploads\/2025\/04\/porte-oeuf-olive-gris-pistache.jpg?fit=458%2C458&ssl=1","width":458,"height":458},{"@type":"BreadcrumbList","@id":"https:\/\/poterie-de-crestet.com\/de\/keramik\/egg-holder-6-pistaziegrauoliven\/#breadcrumb","itemListElement":[{"@type":"ListItem","position":1,"name":"Accueil","item":"https:\/\/poterie-de-crestet.com\/de\/accueil\/"},{"@type":"ListItem","position":2,"name":"Boutique","item":"https:\/\/poterie-de-crestet.com\/ceramiques\/"},{"@type":"ListItem","position":3,"name":"Egg Holder *6 Pistaziegrauoliven"}]},{"@type":"WebSite","@id":"https:\/\/poterie-de-crestet.com\/de\/#website","url":"https:\/\/poterie-de-crestet.com\/de\/","name":"Poterie de Crestet","description":"Des milliers de poteries inpir\u00e9es de la Provence","publisher":{"@id":"https:\/\/poterie-de-crestet.com\/de\/#organization"},"potentialAction":[{"@type":"SearchAction","target":{"@type":"EntryPoint","urlTemplate":"https:\/\/poterie-de-crestet.com\/de\/?s={search_term_string}"},"query-input":{"@type":"PropertyValueSpecification","valueRequired":true,"valueName":"search_term_string"}}],"inLanguage":"de"},{"@type":"Organization","@id":"https:\/\/poterie-de-crestet.com\/de\/#organization","name":"Poterie de Crestet","url":"https:\/\/poterie-de-crestet.com\/de\/","logo":{"@type":"ImageObject","inLanguage":"de","@id":"https:\/\/poterie-de-crestet.com\/de\/#\/schema\/logo\/image\/","url":"https:\/\/i0.wp.com\/poterie-de-crestet.com\/wp-content\/uploads\/2025\/03\/Propo-4.png?fit=1000%2C462&ssl=1","contentUrl":"https:\/\/i0.wp.com\/poterie-de-crestet.com\/wp-content\/uploads\/2025\/03\/Propo-4.png?fit=1000%2C462&ssl=1","width":1000,"height":462,"caption":"Poterie de Crestet"},"image":{"@id":"https:\/\/poterie-de-crestet.com\/de\/#\/schema\/logo\/image\/"}}]}},"jetpack_sharing_enabled":true,"_links":{"self":[{"href":"https:\/\/poterie-de-crestet.com\/de\/wp-json\/wp\/v2\/product\/16493","targetHints":{"allow":["GET"]}}],"collection":[{"href":"https:\/\/poterie-de-crestet.com\/de\/wp-json\/wp\/v2\/product"}],"about":[{"href":"https:\/\/poterie-de-crestet.com\/de\/wp-json\/wp\/v2\/types\/product"}],"replies":[{"embeddable":true,"href":"https:\/\/poterie-de-crestet.com\/de\/wp-json\/wp\/v2\/comments?post=16493"}],"version-history":[{"count":0,"href":"https:\/\/poterie-de-crestet.com\/de\/wp-json\/wp\/v2\/product\/16493\/revisions"}],"wp:featuredmedia":[{"embeddable":true,"href":"https:\/\/poterie-de-crestet.com\/de\/wp-json\/wp\/v2\/media\/7658"}],"wp:attachment":[{"href":"https:\/\/poterie-de-crestet.com\/de\/wp-json\/wp\/v2\/media?parent=16493"}],"wp:term":[{"taxonomy":"product_brand","embeddable":true,"href":"https:\/\/poterie-de-crestet.com\/de\/wp-json\/wp\/v2\/product_brand?post=16493"},{"taxonomy":"product_cat","embeddable":true,"href":"https:\/\/poterie-de-crestet.com\/de\/wp-json\/wp\/v2\/product_cat?post=16493"},{"taxonomy":"product_tag","embeddable":true,"href":"https:\/\/poterie-de-crestet.com\/de\/wp-json\/wp\/v2\/product_tag?post=16493"}],"curies":[{"name":"wp","href":"https:\/\/api.w.org\/{rel}","templated":true}]}}