{"id":16400,"date":"2025-04-08T10:24:50","date_gmt":"2025-04-08T08:24:50","guid":{"rendered":"https:\/\/poterie-de-crestet.com\/ceramiques\/bowl-fliedergraue-olive\/"},"modified":"2025-04-08T10:24:50","modified_gmt":"2025-04-08T08:24:50","slug":"bowl-fliedergraue-olive","status":"publish","type":"product","link":"https:\/\/poterie-de-crestet.com\/de\/keramik\/bowl-fliedergraue-olive\/","title":{"rendered":"Bowl  <h5>Fliedergraue Olive<\/h5>"},"content":{"rendered":"<p>Diese Sch\u00fcssel spielt mit den sanften Kontrasten von Grau und Flieder f\u00fcr einen eleganten, aber nicht pr\u00e4tenti\u00f6sen Tisch. Man kann Tapas, eine Sch\u00fcssel Ramen oder einen frischen Salat servieren \u2013 es passt sich an.<br data-start=\"1608\" data-end=\"1611\">Mit einem <strong data-start=\"1620\" data-end=\"1664\">Durchmesser von 14,6 cm und einer H\u00f6he von 6,2 cm<\/strong> ist er zu jeder Jahreszeit perfekt. <br data-start=\"1699\" data-end=\"1702\"><strong data-start=\"1702\" data-end=\"1739\">Ofen, Mikrowelle, Geschirrsp\u00fcler<\/strong>, alles ist erlaubt. Und dank der <strong data-start=\"1779\" data-end=\"1798\">handgemalten<\/strong> Dekoration hat jeder Raum seine eigene Pers\u00f6nlichkeit.<br data-start=\"1838\" data-end=\"1841\">Kombinieren Sie es mit der <a class=\"\" href=\"https:\/\/poterie-de-crestet.com\/de\/keramik\/butterschale-fliedergraue-olive\/\" rel=\"noopener\" data-start=\"1855\" data-end=\"1885\">Lilac Grey Olive Butter Dish<\/a> oder einem <a class=\"\" href=\"https:\/\/poterie-de-crestet.com\/de\/keramik\/dessertteller-fliedergraue-olive\/\" rel=\"noopener\" data-start=\"1895\" data-end=\"1917\">passenden Teller<\/a> f\u00fcr ein sch\u00f6nes Set.<br data-start=\"1940\" data-end=\"1943\">Schnelle Lieferung oder kostenlose Abholung auf provensalischen M\u00e4rkten. <\/p>\n","protected":false},"excerpt":{"rendered":"<p>Schick und beruhigend \u2013 diese Sch\u00fcssel bereichert deine Portionen mit einer feinen Note.<br data-start=\"1993\" data-end=\"1996\"><strong data-start=\"1996\" data-end=\"2035\"><em data-start=\"1998\" data-end=\"2033\">Abmessungen: 14,6 \u00d7 14,6 \u00d7 6,2 cm<\/em><\/strong><\/p>\n","protected":false},"featured_media":8852,"comment_status":"open","ping_status":"closed","template":"","meta":[],"product_brand":[],"product_cat":[199],"product_tag":[],"class_list":{"0":"post-16400","1":"product","2":"type-product","3":"status-publish","4":"has-post-thumbnail","6":"product_cat-bowls","8":"first","9":"instock","10":"taxable","11":"shipping-taxable","12":"purchasable","13":"product-type-simple"},"yoast_head":"<!-- This site is optimized with the Yoast SEO plugin v27.5 - https:\/\/yoast.com\/product\/yoast-seo-wordpress\/ -->\n<title>Bowl Fliedergraue Olive - Poterie de Crestet<\/title>\n<meta name=\"description\" content=\"Eine Sch\u00fcssel in sanften und eleganten T\u00f6nen f\u00fcr einen beruhigenden Tisch. Praktisch und widerstandsf\u00e4hig begleitet es das Alltagsleben mit N\u00fcchternheit.\" \/>\n<meta name=\"robots\" content=\"index, follow, max-snippet:-1, max-image-preview:large, max-video-preview:-1\" \/>\n<link rel=\"canonical\" href=\"https:\/\/poterie-de-crestet.com\/de\/keramik\/bowl-fliedergraue-olive\/\" \/>\n<meta property=\"og:locale\" content=\"de_DE\" \/>\n<meta property=\"og:type\" content=\"article\" \/>\n<meta property=\"og:title\" content=\"Bowl Fliedergraue Olive - Poterie de Crestet\" \/>\n<meta property=\"og:description\" content=\"Eine Sch\u00fcssel in sanften und eleganten T\u00f6nen f\u00fcr einen beruhigenden Tisch. Praktisch und widerstandsf\u00e4hig begleitet es das Alltagsleben mit N\u00fcchternheit.\" \/>\n<meta property=\"og:url\" content=\"https:\/\/poterie-de-crestet.com\/de\/keramik\/bowl-fliedergraue-olive\/\" \/>\n<meta property=\"og:site_name\" content=\"Poterie de Crestet\" \/>\n<meta property=\"og:image\" content=\"https:\/\/i0.wp.com\/poterie-de-crestet.com\/wp-content\/uploads\/2025\/04\/bol-1-olive-gris-lila-1.jpg?fit=458%2C458&ssl=1\" \/>\n\t<meta property=\"og:image:width\" content=\"458\" \/>\n\t<meta property=\"og:image:height\" content=\"458\" \/>\n\t<meta property=\"og:image:type\" content=\"image\/jpeg\" \/>\n<meta name=\"twitter:card\" content=\"summary_large_image\" \/>\n<meta name=\"twitter:label1\" content=\"Gesch\u00e4tzte Lesezeit\" \/>\n\t<meta name=\"twitter:data1\" content=\"1\u00a0Minute\" \/>\n<script type=\"application\/ld+json\" class=\"yoast-schema-graph\">{\"@context\":\"https:\\\/\\\/schema.org\",\"@graph\":[{\"@type\":\"WebPage\",\"@id\":\"https:\\\/\\\/poterie-de-crestet.com\\\/de\\\/keramik\\\/bowl-fliedergraue-olive\\\/\",\"url\":\"https:\\\/\\\/poterie-de-crestet.com\\\/de\\\/keramik\\\/bowl-fliedergraue-olive\\\/\",\"name\":\"Bowl Fliedergraue Olive - Poterie de Crestet\",\"isPartOf\":{\"@id\":\"https:\\\/\\\/poterie-de-crestet.com\\\/de\\\/#website\"},\"primaryImageOfPage\":{\"@id\":\"https:\\\/\\\/poterie-de-crestet.com\\\/de\\\/keramik\\\/bowl-fliedergraue-olive\\\/#primaryimage\"},\"image\":{\"@id\":\"https:\\\/\\\/poterie-de-crestet.com\\\/de\\\/keramik\\\/bowl-fliedergraue-olive\\\/#primaryimage\"},\"thumbnailUrl\":\"https:\\\/\\\/i0.wp.com\\\/poterie-de-crestet.com\\\/wp-content\\\/uploads\\\/2025\\\/04\\\/bol-1-olive-gris-lila-1.jpg?fit=458%2C458&ssl=1\",\"datePublished\":\"2025-04-08T08:24:50+00:00\",\"description\":\"Eine Sch\u00fcssel in sanften und eleganten T\u00f6nen f\u00fcr einen beruhigenden Tisch. Praktisch und widerstandsf\u00e4hig begleitet es das Alltagsleben mit N\u00fcchternheit.\",\"breadcrumb\":{\"@id\":\"https:\\\/\\\/poterie-de-crestet.com\\\/de\\\/keramik\\\/bowl-fliedergraue-olive\\\/#breadcrumb\"},\"inLanguage\":\"de\",\"potentialAction\":[{\"@type\":\"ReadAction\",\"target\":[\"https:\\\/\\\/poterie-de-crestet.com\\\/de\\\/keramik\\\/bowl-fliedergraue-olive\\\/\"]}]},{\"@type\":\"ImageObject\",\"inLanguage\":\"de\",\"@id\":\"https:\\\/\\\/poterie-de-crestet.com\\\/de\\\/keramik\\\/bowl-fliedergraue-olive\\\/#primaryimage\",\"url\":\"https:\\\/\\\/i0.wp.com\\\/poterie-de-crestet.com\\\/wp-content\\\/uploads\\\/2025\\\/04\\\/bol-1-olive-gris-lila-1.jpg?fit=458%2C458&ssl=1\",\"contentUrl\":\"https:\\\/\\\/i0.wp.com\\\/poterie-de-crestet.com\\\/wp-content\\\/uploads\\\/2025\\\/04\\\/bol-1-olive-gris-lila-1.jpg?fit=458%2C458&ssl=1\",\"width\":458,\"height\":458,\"caption\":\"Fliedergraue Olivenschale\"},{\"@type\":\"BreadcrumbList\",\"@id\":\"https:\\\/\\\/poterie-de-crestet.com\\\/de\\\/keramik\\\/bowl-fliedergraue-olive\\\/#breadcrumb\",\"itemListElement\":[{\"@type\":\"ListItem\",\"position\":1,\"name\":\"Accueil\",\"item\":\"https:\\\/\\\/poterie-de-crestet.com\\\/de\\\/accueil\\\/\"},{\"@type\":\"ListItem\",\"position\":2,\"name\":\"Boutique\",\"item\":\"https:\\\/\\\/poterie-de-crestet.com\\\/ceramiques\\\/\"},{\"@type\":\"ListItem\",\"position\":3,\"name\":\"Bowl Fliedergraue Olive\"}]},{\"@type\":\"WebSite\",\"@id\":\"https:\\\/\\\/poterie-de-crestet.com\\\/de\\\/#website\",\"url\":\"https:\\\/\\\/poterie-de-crestet.com\\\/de\\\/\",\"name\":\"Poterie de Crestet\",\"description\":\"Des milliers de poteries inpir\u00e9es de la Provence\",\"publisher\":{\"@id\":\"https:\\\/\\\/poterie-de-crestet.com\\\/de\\\/#organization\"},\"potentialAction\":[{\"@type\":\"SearchAction\",\"target\":{\"@type\":\"EntryPoint\",\"urlTemplate\":\"https:\\\/\\\/poterie-de-crestet.com\\\/de\\\/?s={search_term_string}\"},\"query-input\":{\"@type\":\"PropertyValueSpecification\",\"valueRequired\":true,\"valueName\":\"search_term_string\"}}],\"inLanguage\":\"de\"},{\"@type\":\"Organization\",\"@id\":\"https:\\\/\\\/poterie-de-crestet.com\\\/de\\\/#organization\",\"name\":\"Poterie de Crestet\",\"url\":\"https:\\\/\\\/poterie-de-crestet.com\\\/de\\\/\",\"logo\":{\"@type\":\"ImageObject\",\"inLanguage\":\"de\",\"@id\":\"https:\\\/\\\/poterie-de-crestet.com\\\/de\\\/#\\\/schema\\\/logo\\\/image\\\/\",\"url\":\"https:\\\/\\\/i0.wp.com\\\/poterie-de-crestet.com\\\/wp-content\\\/uploads\\\/2025\\\/03\\\/Propo-4.png?fit=1000%2C462&ssl=1\",\"contentUrl\":\"https:\\\/\\\/i0.wp.com\\\/poterie-de-crestet.com\\\/wp-content\\\/uploads\\\/2025\\\/03\\\/Propo-4.png?fit=1000%2C462&ssl=1\",\"width\":1000,\"height\":462,\"caption\":\"Poterie de Crestet\"},\"image\":{\"@id\":\"https:\\\/\\\/poterie-de-crestet.com\\\/de\\\/#\\\/schema\\\/logo\\\/image\\\/\"}}]}<\/script>\n<!-- \/ Yoast SEO plugin. -->","yoast_head_json":{"title":"Bowl Fliedergraue Olive - Poterie de Crestet","description":"Eine Sch\u00fcssel in sanften und eleganten T\u00f6nen f\u00fcr einen beruhigenden Tisch. Praktisch und widerstandsf\u00e4hig begleitet es das Alltagsleben mit N\u00fcchternheit.","robots":{"index":"index","follow":"follow","max-snippet":"max-snippet:-1","max-image-preview":"max-image-preview:large","max-video-preview":"max-video-preview:-1"},"canonical":"https:\/\/poterie-de-crestet.com\/de\/keramik\/bowl-fliedergraue-olive\/","og_locale":"de_DE","og_type":"article","og_title":"Bowl Fliedergraue Olive - Poterie de Crestet","og_description":"Eine Sch\u00fcssel in sanften und eleganten T\u00f6nen f\u00fcr einen beruhigenden Tisch. Praktisch und widerstandsf\u00e4hig begleitet es das Alltagsleben mit N\u00fcchternheit.","og_url":"https:\/\/poterie-de-crestet.com\/de\/keramik\/bowl-fliedergraue-olive\/","og_site_name":"Poterie de Crestet","og_image":[{"width":458,"height":458,"url":"https:\/\/i0.wp.com\/poterie-de-crestet.com\/wp-content\/uploads\/2025\/04\/bol-1-olive-gris-lila-1.jpg?fit=458%2C458&ssl=1","type":"image\/jpeg"}],"twitter_card":"summary_large_image","twitter_misc":{"Gesch\u00e4tzte Lesezeit":"1\u00a0Minute"},"schema":{"@context":"https:\/\/schema.org","@graph":[{"@type":"WebPage","@id":"https:\/\/poterie-de-crestet.com\/de\/keramik\/bowl-fliedergraue-olive\/","url":"https:\/\/poterie-de-crestet.com\/de\/keramik\/bowl-fliedergraue-olive\/","name":"Bowl Fliedergraue Olive - Poterie de Crestet","isPartOf":{"@id":"https:\/\/poterie-de-crestet.com\/de\/#website"},"primaryImageOfPage":{"@id":"https:\/\/poterie-de-crestet.com\/de\/keramik\/bowl-fliedergraue-olive\/#primaryimage"},"image":{"@id":"https:\/\/poterie-de-crestet.com\/de\/keramik\/bowl-fliedergraue-olive\/#primaryimage"},"thumbnailUrl":"https:\/\/i0.wp.com\/poterie-de-crestet.com\/wp-content\/uploads\/2025\/04\/bol-1-olive-gris-lila-1.jpg?fit=458%2C458&ssl=1","datePublished":"2025-04-08T08:24:50+00:00","description":"Eine Sch\u00fcssel in sanften und eleganten T\u00f6nen f\u00fcr einen beruhigenden Tisch. Praktisch und widerstandsf\u00e4hig begleitet es das Alltagsleben mit N\u00fcchternheit.","breadcrumb":{"@id":"https:\/\/poterie-de-crestet.com\/de\/keramik\/bowl-fliedergraue-olive\/#breadcrumb"},"inLanguage":"de","potentialAction":[{"@type":"ReadAction","target":["https:\/\/poterie-de-crestet.com\/de\/keramik\/bowl-fliedergraue-olive\/"]}]},{"@type":"ImageObject","inLanguage":"de","@id":"https:\/\/poterie-de-crestet.com\/de\/keramik\/bowl-fliedergraue-olive\/#primaryimage","url":"https:\/\/i0.wp.com\/poterie-de-crestet.com\/wp-content\/uploads\/2025\/04\/bol-1-olive-gris-lila-1.jpg?fit=458%2C458&ssl=1","contentUrl":"https:\/\/i0.wp.com\/poterie-de-crestet.com\/wp-content\/uploads\/2025\/04\/bol-1-olive-gris-lila-1.jpg?fit=458%2C458&ssl=1","width":458,"height":458,"caption":"Fliedergraue Olivenschale"},{"@type":"BreadcrumbList","@id":"https:\/\/poterie-de-crestet.com\/de\/keramik\/bowl-fliedergraue-olive\/#breadcrumb","itemListElement":[{"@type":"ListItem","position":1,"name":"Accueil","item":"https:\/\/poterie-de-crestet.com\/de\/accueil\/"},{"@type":"ListItem","position":2,"name":"Boutique","item":"https:\/\/poterie-de-crestet.com\/ceramiques\/"},{"@type":"ListItem","position":3,"name":"Bowl Fliedergraue Olive"}]},{"@type":"WebSite","@id":"https:\/\/poterie-de-crestet.com\/de\/#website","url":"https:\/\/poterie-de-crestet.com\/de\/","name":"Poterie de Crestet","description":"Des milliers de poteries inpir\u00e9es de la Provence","publisher":{"@id":"https:\/\/poterie-de-crestet.com\/de\/#organization"},"potentialAction":[{"@type":"SearchAction","target":{"@type":"EntryPoint","urlTemplate":"https:\/\/poterie-de-crestet.com\/de\/?s={search_term_string}"},"query-input":{"@type":"PropertyValueSpecification","valueRequired":true,"valueName":"search_term_string"}}],"inLanguage":"de"},{"@type":"Organization","@id":"https:\/\/poterie-de-crestet.com\/de\/#organization","name":"Poterie de Crestet","url":"https:\/\/poterie-de-crestet.com\/de\/","logo":{"@type":"ImageObject","inLanguage":"de","@id":"https:\/\/poterie-de-crestet.com\/de\/#\/schema\/logo\/image\/","url":"https:\/\/i0.wp.com\/poterie-de-crestet.com\/wp-content\/uploads\/2025\/03\/Propo-4.png?fit=1000%2C462&ssl=1","contentUrl":"https:\/\/i0.wp.com\/poterie-de-crestet.com\/wp-content\/uploads\/2025\/03\/Propo-4.png?fit=1000%2C462&ssl=1","width":1000,"height":462,"caption":"Poterie de Crestet"},"image":{"@id":"https:\/\/poterie-de-crestet.com\/de\/#\/schema\/logo\/image\/"}}]}},"jetpack_sharing_enabled":true,"_links":{"self":[{"href":"https:\/\/poterie-de-crestet.com\/de\/wp-json\/wp\/v2\/product\/16400","targetHints":{"allow":["GET"]}}],"collection":[{"href":"https:\/\/poterie-de-crestet.com\/de\/wp-json\/wp\/v2\/product"}],"about":[{"href":"https:\/\/poterie-de-crestet.com\/de\/wp-json\/wp\/v2\/types\/product"}],"replies":[{"embeddable":true,"href":"https:\/\/poterie-de-crestet.com\/de\/wp-json\/wp\/v2\/comments?post=16400"}],"version-history":[{"count":0,"href":"https:\/\/poterie-de-crestet.com\/de\/wp-json\/wp\/v2\/product\/16400\/revisions"}],"wp:featuredmedia":[{"embeddable":true,"href":"https:\/\/poterie-de-crestet.com\/de\/wp-json\/wp\/v2\/media\/8852"}],"wp:attachment":[{"href":"https:\/\/poterie-de-crestet.com\/de\/wp-json\/wp\/v2\/media?parent=16400"}],"wp:term":[{"taxonomy":"product_brand","embeddable":true,"href":"https:\/\/poterie-de-crestet.com\/de\/wp-json\/wp\/v2\/product_brand?post=16400"},{"taxonomy":"product_cat","embeddable":true,"href":"https:\/\/poterie-de-crestet.com\/de\/wp-json\/wp\/v2\/product_cat?post=16400"},{"taxonomy":"product_tag","embeddable":true,"href":"https:\/\/poterie-de-crestet.com\/de\/wp-json\/wp\/v2\/product_tag?post=16400"}],"curies":[{"name":"wp","href":"https:\/\/api.w.org\/{rel}","templated":true}]}}