{"id":16279,"date":"2025-04-08T10:26:17","date_gmt":"2025-04-08T08:26:17","guid":{"rendered":"https:\/\/poterie-de-crestet.com\/ceramiques\/eiergericht-schwarzer-boden\/"},"modified":"2025-04-08T10:26:17","modified_gmt":"2025-04-08T08:26:17","slug":"eiergericht-schwarzer-boden","status":"publish","type":"product","link":"https:\/\/poterie-de-crestet.com\/de\/keramik\/eiergericht-schwarzer-boden\/","title":{"rendered":"Eiergericht  <h5>Schwarzer Boden<\/h5>"},"content":{"rendered":"<p>N\u00fcchtern und elegant ist dieses schwarze Sol-Eiergericht perfekt, um Ihre Aperitifs stilvoll zu gestalten.<br data-start=\"278\" data-end=\"281\">Es beherbergt 12 gef\u00fcllte Eier, kleine Bissen oder hausgemachte So\u00dfen in minimalistischer Einrichtung.<br data-start=\"370\" data-end=\"373\">Ideal f\u00fcr einen schicken Tisch oder als Kontrast zu buntem Tafelgeschirr.<br data-start=\"445\" data-end=\"448\">Handbemalt, <strong data-start=\"465\" data-end=\"499\">ofenfest bis zu 200\u00b0<\/strong>C, <strong data-start=\"501\" data-end=\"516\">Mikrowellen<\/strong><strong data-start=\"518\" data-end=\"536\">-, sp\u00fclmaschinenfest und lebensmitteltauglich<\/strong> geeignet.<br data-start=\"574\" data-end=\"577\">Sorgf\u00e4ltig vom Laden verschickt.<br data-start=\"614\" data-end=\"617\"><strong data-start=\"617\" data-end=\"730\">Kombinieren Sie es mit einer <a class=\"\" href=\"https:\/\/poterie-de-crestet.com\/de\/keramik\/oelflasche-1-l-schwarzer-boden\/\" rel=\"noopener\" data-start=\"636\" data-end=\"667\">Sol-Noir-\u00d6lflasche<\/a> oder versch\u00f6nern Sie es mit einer <a class=\"\" href=\"https:\/\/poterie-de-crestet.com\/de\/keramik\/eiergericht-farbige-tropfen\/\" rel=\"noopener\" data-start=\"690\" data-end=\"727\">Gouttes color\u00e9es-Eiplatte.<\/a><\/strong><\/p>\n","protected":false},"excerpt":{"rendered":"<p>Sol Noir Keramik-Eierschale, f\u00fcr n\u00fcchterne und gut organisierte Aperitifs.<br data-start=\"1010\" data-end=\"1013\"><strong data-start=\"1013\" data-end=\"1063\"><em data-start=\"1015\" data-end=\"1061\">Ma\u00dfe: Durchmesser 26 cm \u00d7 H\u00f6he 2,2 cm<\/em><\/strong><\/p>\n","protected":false},"featured_media":7424,"comment_status":"open","ping_status":"closed","template":"","meta":[],"product_brand":[],"product_cat":[282],"product_tag":[229],"class_list":{"0":"post-16279","1":"product","2":"type-product","3":"status-publish","4":"has-post-thumbnail","6":"product_cat-eiergerichte","7":"product_tag-schwarzer-boden","9":"first","10":"instock","11":"taxable","12":"shipping-taxable","13":"purchasable","14":"product-type-simple"},"yoast_head":"<!-- This site is optimized with the Yoast SEO plugin v27.5 - https:\/\/yoast.com\/product\/yoast-seo-wordpress\/ -->\n<title>Eiergericht Schwarzer Boden - Poterie de Crestet<\/title>\n<meta name=\"description\" content=\"Sol noir Eiergericht \u00d826 cm: schick und praktisch zur Pr\u00e4sentation von 12 gef\u00fcllten Eiern. Hergestellt aus eleganten und dekorativen Keramiken, perfekt f\u00fcr raffinierte Aperitifs.\" \/>\n<meta name=\"robots\" content=\"index, follow, max-snippet:-1, max-image-preview:large, max-video-preview:-1\" \/>\n<link rel=\"canonical\" href=\"https:\/\/poterie-de-crestet.com\/de\/keramik\/eiergericht-schwarzer-boden\/\" \/>\n<meta property=\"og:locale\" content=\"de_DE\" \/>\n<meta property=\"og:type\" content=\"article\" \/>\n<meta property=\"og:title\" content=\"Eiergericht Schwarzer Boden - Poterie de Crestet\" \/>\n<meta property=\"og:description\" content=\"Sol noir Eiergericht \u00d826 cm: schick und praktisch zur Pr\u00e4sentation von 12 gef\u00fcllten Eiern. Hergestellt aus eleganten und dekorativen Keramiken, perfekt f\u00fcr raffinierte Aperitifs.\" \/>\n<meta property=\"og:url\" content=\"https:\/\/poterie-de-crestet.com\/de\/keramik\/eiergericht-schwarzer-boden\/\" \/>\n<meta property=\"og:site_name\" content=\"Poterie de Crestet\" \/>\n<meta property=\"og:image\" content=\"https:\/\/i0.wp.com\/poterie-de-crestet.com\/wp-content\/uploads\/2025\/04\/plat-a-oeuf-sol-noir.jpg?fit=458%2C458&ssl=1\" \/>\n\t<meta property=\"og:image:width\" content=\"458\" \/>\n\t<meta property=\"og:image:height\" content=\"458\" \/>\n\t<meta property=\"og:image:type\" content=\"image\/jpeg\" \/>\n<meta name=\"twitter:card\" content=\"summary_large_image\" \/>\n<script type=\"application\/ld+json\" class=\"yoast-schema-graph\">{\"@context\":\"https:\\\/\\\/schema.org\",\"@graph\":[{\"@type\":\"WebPage\",\"@id\":\"https:\\\/\\\/poterie-de-crestet.com\\\/de\\\/keramik\\\/eiergericht-schwarzer-boden\\\/\",\"url\":\"https:\\\/\\\/poterie-de-crestet.com\\\/de\\\/keramik\\\/eiergericht-schwarzer-boden\\\/\",\"name\":\"Eiergericht Schwarzer Boden - Poterie de Crestet\",\"isPartOf\":{\"@id\":\"https:\\\/\\\/poterie-de-crestet.com\\\/de\\\/#website\"},\"primaryImageOfPage\":{\"@id\":\"https:\\\/\\\/poterie-de-crestet.com\\\/de\\\/keramik\\\/eiergericht-schwarzer-boden\\\/#primaryimage\"},\"image\":{\"@id\":\"https:\\\/\\\/poterie-de-crestet.com\\\/de\\\/keramik\\\/eiergericht-schwarzer-boden\\\/#primaryimage\"},\"thumbnailUrl\":\"https:\\\/\\\/i0.wp.com\\\/poterie-de-crestet.com\\\/wp-content\\\/uploads\\\/2025\\\/04\\\/plat-a-oeuf-sol-noir.jpg?fit=458%2C458&ssl=1\",\"datePublished\":\"2025-04-08T08:26:17+00:00\",\"description\":\"Sol noir Eiergericht \u00d826 cm: schick und praktisch zur Pr\u00e4sentation von 12 gef\u00fcllten Eiern. Hergestellt aus eleganten und dekorativen Keramiken, perfekt f\u00fcr raffinierte Aperitifs.\",\"breadcrumb\":{\"@id\":\"https:\\\/\\\/poterie-de-crestet.com\\\/de\\\/keramik\\\/eiergericht-schwarzer-boden\\\/#breadcrumb\"},\"inLanguage\":\"de\",\"potentialAction\":[{\"@type\":\"ReadAction\",\"target\":[\"https:\\\/\\\/poterie-de-crestet.com\\\/de\\\/keramik\\\/eiergericht-schwarzer-boden\\\/\"]}]},{\"@type\":\"ImageObject\",\"inLanguage\":\"de\",\"@id\":\"https:\\\/\\\/poterie-de-crestet.com\\\/de\\\/keramik\\\/eiergericht-schwarzer-boden\\\/#primaryimage\",\"url\":\"https:\\\/\\\/i0.wp.com\\\/poterie-de-crestet.com\\\/wp-content\\\/uploads\\\/2025\\\/04\\\/plat-a-oeuf-sol-noir.jpg?fit=458%2C458&ssl=1\",\"contentUrl\":\"https:\\\/\\\/i0.wp.com\\\/poterie-de-crestet.com\\\/wp-content\\\/uploads\\\/2025\\\/04\\\/plat-a-oeuf-sol-noir.jpg?fit=458%2C458&ssl=1\",\"width\":458,\"height\":458,\"caption\":\"Schwarze Sol-Eischale\"},{\"@type\":\"BreadcrumbList\",\"@id\":\"https:\\\/\\\/poterie-de-crestet.com\\\/de\\\/keramik\\\/eiergericht-schwarzer-boden\\\/#breadcrumb\",\"itemListElement\":[{\"@type\":\"ListItem\",\"position\":1,\"name\":\"Accueil\",\"item\":\"https:\\\/\\\/poterie-de-crestet.com\\\/de\\\/accueil\\\/\"},{\"@type\":\"ListItem\",\"position\":2,\"name\":\"Boutique\",\"item\":\"https:\\\/\\\/poterie-de-crestet.com\\\/ceramiques\\\/\"},{\"@type\":\"ListItem\",\"position\":3,\"name\":\"Eiergericht Schwarzer Boden\"}]},{\"@type\":\"WebSite\",\"@id\":\"https:\\\/\\\/poterie-de-crestet.com\\\/de\\\/#website\",\"url\":\"https:\\\/\\\/poterie-de-crestet.com\\\/de\\\/\",\"name\":\"Poterie de Crestet\",\"description\":\"Des milliers de poteries inpir\u00e9es de la Provence\",\"publisher\":{\"@id\":\"https:\\\/\\\/poterie-de-crestet.com\\\/de\\\/#organization\"},\"potentialAction\":[{\"@type\":\"SearchAction\",\"target\":{\"@type\":\"EntryPoint\",\"urlTemplate\":\"https:\\\/\\\/poterie-de-crestet.com\\\/de\\\/?s={search_term_string}\"},\"query-input\":{\"@type\":\"PropertyValueSpecification\",\"valueRequired\":true,\"valueName\":\"search_term_string\"}}],\"inLanguage\":\"de\"},{\"@type\":\"Organization\",\"@id\":\"https:\\\/\\\/poterie-de-crestet.com\\\/de\\\/#organization\",\"name\":\"Poterie de Crestet\",\"url\":\"https:\\\/\\\/poterie-de-crestet.com\\\/de\\\/\",\"logo\":{\"@type\":\"ImageObject\",\"inLanguage\":\"de\",\"@id\":\"https:\\\/\\\/poterie-de-crestet.com\\\/de\\\/#\\\/schema\\\/logo\\\/image\\\/\",\"url\":\"https:\\\/\\\/i0.wp.com\\\/poterie-de-crestet.com\\\/wp-content\\\/uploads\\\/2025\\\/03\\\/Propo-4.png?fit=1000%2C462&ssl=1\",\"contentUrl\":\"https:\\\/\\\/i0.wp.com\\\/poterie-de-crestet.com\\\/wp-content\\\/uploads\\\/2025\\\/03\\\/Propo-4.png?fit=1000%2C462&ssl=1\",\"width\":1000,\"height\":462,\"caption\":\"Poterie de Crestet\"},\"image\":{\"@id\":\"https:\\\/\\\/poterie-de-crestet.com\\\/de\\\/#\\\/schema\\\/logo\\\/image\\\/\"}}]}<\/script>\n<!-- \/ Yoast SEO plugin. -->","yoast_head_json":{"title":"Eiergericht Schwarzer Boden - Poterie de Crestet","description":"Sol noir Eiergericht \u00d826 cm: schick und praktisch zur Pr\u00e4sentation von 12 gef\u00fcllten Eiern. Hergestellt aus eleganten und dekorativen Keramiken, perfekt f\u00fcr raffinierte Aperitifs.","robots":{"index":"index","follow":"follow","max-snippet":"max-snippet:-1","max-image-preview":"max-image-preview:large","max-video-preview":"max-video-preview:-1"},"canonical":"https:\/\/poterie-de-crestet.com\/de\/keramik\/eiergericht-schwarzer-boden\/","og_locale":"de_DE","og_type":"article","og_title":"Eiergericht Schwarzer Boden - Poterie de Crestet","og_description":"Sol noir Eiergericht \u00d826 cm: schick und praktisch zur Pr\u00e4sentation von 12 gef\u00fcllten Eiern. Hergestellt aus eleganten und dekorativen Keramiken, perfekt f\u00fcr raffinierte Aperitifs.","og_url":"https:\/\/poterie-de-crestet.com\/de\/keramik\/eiergericht-schwarzer-boden\/","og_site_name":"Poterie de Crestet","og_image":[{"width":458,"height":458,"url":"https:\/\/i0.wp.com\/poterie-de-crestet.com\/wp-content\/uploads\/2025\/04\/plat-a-oeuf-sol-noir.jpg?fit=458%2C458&ssl=1","type":"image\/jpeg"}],"twitter_card":"summary_large_image","schema":{"@context":"https:\/\/schema.org","@graph":[{"@type":"WebPage","@id":"https:\/\/poterie-de-crestet.com\/de\/keramik\/eiergericht-schwarzer-boden\/","url":"https:\/\/poterie-de-crestet.com\/de\/keramik\/eiergericht-schwarzer-boden\/","name":"Eiergericht Schwarzer Boden - Poterie de Crestet","isPartOf":{"@id":"https:\/\/poterie-de-crestet.com\/de\/#website"},"primaryImageOfPage":{"@id":"https:\/\/poterie-de-crestet.com\/de\/keramik\/eiergericht-schwarzer-boden\/#primaryimage"},"image":{"@id":"https:\/\/poterie-de-crestet.com\/de\/keramik\/eiergericht-schwarzer-boden\/#primaryimage"},"thumbnailUrl":"https:\/\/i0.wp.com\/poterie-de-crestet.com\/wp-content\/uploads\/2025\/04\/plat-a-oeuf-sol-noir.jpg?fit=458%2C458&ssl=1","datePublished":"2025-04-08T08:26:17+00:00","description":"Sol noir Eiergericht \u00d826 cm: schick und praktisch zur Pr\u00e4sentation von 12 gef\u00fcllten Eiern. Hergestellt aus eleganten und dekorativen Keramiken, perfekt f\u00fcr raffinierte Aperitifs.","breadcrumb":{"@id":"https:\/\/poterie-de-crestet.com\/de\/keramik\/eiergericht-schwarzer-boden\/#breadcrumb"},"inLanguage":"de","potentialAction":[{"@type":"ReadAction","target":["https:\/\/poterie-de-crestet.com\/de\/keramik\/eiergericht-schwarzer-boden\/"]}]},{"@type":"ImageObject","inLanguage":"de","@id":"https:\/\/poterie-de-crestet.com\/de\/keramik\/eiergericht-schwarzer-boden\/#primaryimage","url":"https:\/\/i0.wp.com\/poterie-de-crestet.com\/wp-content\/uploads\/2025\/04\/plat-a-oeuf-sol-noir.jpg?fit=458%2C458&ssl=1","contentUrl":"https:\/\/i0.wp.com\/poterie-de-crestet.com\/wp-content\/uploads\/2025\/04\/plat-a-oeuf-sol-noir.jpg?fit=458%2C458&ssl=1","width":458,"height":458,"caption":"Schwarze Sol-Eischale"},{"@type":"BreadcrumbList","@id":"https:\/\/poterie-de-crestet.com\/de\/keramik\/eiergericht-schwarzer-boden\/#breadcrumb","itemListElement":[{"@type":"ListItem","position":1,"name":"Accueil","item":"https:\/\/poterie-de-crestet.com\/de\/accueil\/"},{"@type":"ListItem","position":2,"name":"Boutique","item":"https:\/\/poterie-de-crestet.com\/ceramiques\/"},{"@type":"ListItem","position":3,"name":"Eiergericht Schwarzer Boden"}]},{"@type":"WebSite","@id":"https:\/\/poterie-de-crestet.com\/de\/#website","url":"https:\/\/poterie-de-crestet.com\/de\/","name":"Poterie de Crestet","description":"Des milliers de poteries inpir\u00e9es de la Provence","publisher":{"@id":"https:\/\/poterie-de-crestet.com\/de\/#organization"},"potentialAction":[{"@type":"SearchAction","target":{"@type":"EntryPoint","urlTemplate":"https:\/\/poterie-de-crestet.com\/de\/?s={search_term_string}"},"query-input":{"@type":"PropertyValueSpecification","valueRequired":true,"valueName":"search_term_string"}}],"inLanguage":"de"},{"@type":"Organization","@id":"https:\/\/poterie-de-crestet.com\/de\/#organization","name":"Poterie de Crestet","url":"https:\/\/poterie-de-crestet.com\/de\/","logo":{"@type":"ImageObject","inLanguage":"de","@id":"https:\/\/poterie-de-crestet.com\/de\/#\/schema\/logo\/image\/","url":"https:\/\/i0.wp.com\/poterie-de-crestet.com\/wp-content\/uploads\/2025\/03\/Propo-4.png?fit=1000%2C462&ssl=1","contentUrl":"https:\/\/i0.wp.com\/poterie-de-crestet.com\/wp-content\/uploads\/2025\/03\/Propo-4.png?fit=1000%2C462&ssl=1","width":1000,"height":462,"caption":"Poterie de Crestet"},"image":{"@id":"https:\/\/poterie-de-crestet.com\/de\/#\/schema\/logo\/image\/"}}]}},"jetpack_sharing_enabled":true,"_links":{"self":[{"href":"https:\/\/poterie-de-crestet.com\/de\/wp-json\/wp\/v2\/product\/16279","targetHints":{"allow":["GET"]}}],"collection":[{"href":"https:\/\/poterie-de-crestet.com\/de\/wp-json\/wp\/v2\/product"}],"about":[{"href":"https:\/\/poterie-de-crestet.com\/de\/wp-json\/wp\/v2\/types\/product"}],"replies":[{"embeddable":true,"href":"https:\/\/poterie-de-crestet.com\/de\/wp-json\/wp\/v2\/comments?post=16279"}],"version-history":[{"count":0,"href":"https:\/\/poterie-de-crestet.com\/de\/wp-json\/wp\/v2\/product\/16279\/revisions"}],"wp:featuredmedia":[{"embeddable":true,"href":"https:\/\/poterie-de-crestet.com\/de\/wp-json\/wp\/v2\/media\/7424"}],"wp:attachment":[{"href":"https:\/\/poterie-de-crestet.com\/de\/wp-json\/wp\/v2\/media?parent=16279"}],"wp:term":[{"taxonomy":"product_brand","embeddable":true,"href":"https:\/\/poterie-de-crestet.com\/de\/wp-json\/wp\/v2\/product_brand?post=16279"},{"taxonomy":"product_cat","embeddable":true,"href":"https:\/\/poterie-de-crestet.com\/de\/wp-json\/wp\/v2\/product_cat?post=16279"},{"taxonomy":"product_tag","embeddable":true,"href":"https:\/\/poterie-de-crestet.com\/de\/wp-json\/wp\/v2\/product_tag?post=16279"}],"curies":[{"name":"wp","href":"https:\/\/api.w.org\/{rel}","templated":true}]}}