{"id":16085,"date":"2025-04-08T10:25:04","date_gmt":"2025-04-08T08:25:04","guid":{"rendered":"https:\/\/poterie-de-crestet.com\/ceramiques\/oelflasche-50-cl-nyons-red\/"},"modified":"2026-02-16T17:26:57","modified_gmt":"2026-02-16T16:26:57","slug":"bouteille-huile-50cl-nyons-rouge","status":"publish","type":"product","link":"https:\/\/poterie-de-crestet.com\/de\/keramik\/bouteille-huile-50cl-nyons-rouge\/","title":{"rendered":"\u00d6lflasche 50 cL  <h5>Nyons Red<\/h5>"},"content":{"rendered":"<p>Mit ihrem Dekor mit s\u00fcdlichen Akzenten konserviert diese rote Nyons-\u00d6lflasche Ihr \u00d6l und belebt den Tisch. Sein Fassungsverm\u00f6gen von 50 cL ist perfekt f\u00fcr den t\u00e4glichen Gebrauch, und sein Kork sowie der Metallausguss sorgen f\u00fcr einen pr\u00e4zisen Service ohne Grat. Sie ist handdekoriert und sp\u00fclmaschinenfest.<br data-start=\"5068\" data-end=\"5071\">Es soll mit der <a class=\"\" href=\"https:\/\/poterie-de-crestet.com\/de\/keramik\/oelflasche-1-l-nyons-red\/\" rel=\"noopener\" data-start=\"5091\" data-end=\"5129\">1-L-Nyons-roten \u00d6lflasche<\/a> f\u00fcr eine angenommene provenzalische Atmosph\u00e4re erg\u00e4nzt werden.  <\/p>\n","protected":false},"excerpt":{"rendered":"<p>Cruet mit s\u00fcdlichen Akzenten, perfekt f\u00fcr den t\u00e4glichen Gebrauch in Stil. Kork und Metallausguss. <br data-start=\"1952\" data-end=\"1955\"><strong data-start=\"1955\" data-end=\"1988\"><em data-start=\"1957\" data-end=\"1986\">Abmessungen: 11,5 \u00d7 19,6 cm<\/em><\/strong><\/p>\n","protected":false},"featured_media":6412,"comment_status":"open","ping_status":"closed","template":"","meta":[],"product_brand":[],"product_cat":[263],"product_tag":[266],"class_list":{"0":"post-16085","1":"product","2":"type-product","3":"status-publish","4":"has-post-thumbnail","6":"product_cat-olschalen","7":"product_tag-nyons-pink","9":"first","10":"instock","11":"taxable","12":"shipping-taxable","13":"purchasable","14":"product-type-simple"},"yoast_head":"<!-- This site is optimized with the Yoast SEO plugin v27.5 - https:\/\/yoast.com\/product\/yoast-seo-wordpress\/ -->\n<title>\u00d6lflasche 50 cL Nyons Red - Poterie de Crestet<\/title>\n<meta name=\"description\" content=\"Die rote Nyons-Dekoration w\u00e4rmt den Tisch auf. Diese 0,5-Liter-Flasche mit Ausguss ist perfekt f\u00fcr allt\u00e4gliches \u00d6l mit Sauberkeit.\" \/>\n<meta name=\"robots\" content=\"index, follow, max-snippet:-1, max-image-preview:large, max-video-preview:-1\" \/>\n<link rel=\"canonical\" href=\"https:\/\/poterie-de-crestet.com\/de\/keramik\/bouteille-huile-50cl-nyons-rouge\/\" \/>\n<meta property=\"og:locale\" content=\"de_DE\" \/>\n<meta property=\"og:type\" content=\"article\" \/>\n<meta property=\"og:title\" content=\"\u00d6lflasche 50 cL Nyons Red - Poterie de Crestet\" \/>\n<meta property=\"og:description\" content=\"Die rote Nyons-Dekoration w\u00e4rmt den Tisch auf. Diese 0,5-Liter-Flasche mit Ausguss ist perfekt f\u00fcr allt\u00e4gliches \u00d6l mit Sauberkeit.\" \/>\n<meta property=\"og:url\" content=\"https:\/\/poterie-de-crestet.com\/de\/keramik\/bouteille-huile-50cl-nyons-rouge\/\" \/>\n<meta property=\"og:site_name\" content=\"Poterie de Crestet\" \/>\n<meta property=\"article:modified_time\" content=\"2026-02-16T16:26:57+00:00\" \/>\n<meta property=\"og:image\" content=\"https:\/\/i0.wp.com\/poterie-de-crestet.com\/wp-content\/uploads\/2025\/04\/huile-gm-nyons-rouge.jpg?fit=458%2C458&ssl=1\" \/>\n\t<meta property=\"og:image:width\" content=\"458\" \/>\n\t<meta property=\"og:image:height\" content=\"458\" \/>\n\t<meta property=\"og:image:type\" content=\"image\/jpeg\" \/>\n<meta name=\"twitter:card\" content=\"summary_large_image\" \/>\n<script type=\"application\/ld+json\" class=\"yoast-schema-graph\">{\"@context\":\"https:\\\/\\\/schema.org\",\"@graph\":[{\"@type\":\"WebPage\",\"@id\":\"https:\\\/\\\/poterie-de-crestet.com\\\/de\\\/keramik\\\/bouteille-huile-50cl-nyons-rouge\\\/\",\"url\":\"https:\\\/\\\/poterie-de-crestet.com\\\/de\\\/keramik\\\/bouteille-huile-50cl-nyons-rouge\\\/\",\"name\":\"\u00d6lflasche 50 cL Nyons Red - Poterie de Crestet\",\"isPartOf\":{\"@id\":\"https:\\\/\\\/poterie-de-crestet.com\\\/de\\\/#website\"},\"primaryImageOfPage\":{\"@id\":\"https:\\\/\\\/poterie-de-crestet.com\\\/de\\\/keramik\\\/bouteille-huile-50cl-nyons-rouge\\\/#primaryimage\"},\"image\":{\"@id\":\"https:\\\/\\\/poterie-de-crestet.com\\\/de\\\/keramik\\\/bouteille-huile-50cl-nyons-rouge\\\/#primaryimage\"},\"thumbnailUrl\":\"https:\\\/\\\/i0.wp.com\\\/poterie-de-crestet.com\\\/wp-content\\\/uploads\\\/2025\\\/04\\\/huile-gm-nyons-rouge.jpg?fit=458%2C458&ssl=1\",\"datePublished\":\"2025-04-08T08:25:04+00:00\",\"dateModified\":\"2026-02-16T16:26:57+00:00\",\"description\":\"Die rote Nyons-Dekoration w\u00e4rmt den Tisch auf. Diese 0,5-Liter-Flasche mit Ausguss ist perfekt f\u00fcr allt\u00e4gliches \u00d6l mit Sauberkeit.\",\"breadcrumb\":{\"@id\":\"https:\\\/\\\/poterie-de-crestet.com\\\/de\\\/keramik\\\/bouteille-huile-50cl-nyons-rouge\\\/#breadcrumb\"},\"inLanguage\":\"de\",\"potentialAction\":[{\"@type\":\"ReadAction\",\"target\":[\"https:\\\/\\\/poterie-de-crestet.com\\\/de\\\/keramik\\\/bouteille-huile-50cl-nyons-rouge\\\/\"]}]},{\"@type\":\"ImageObject\",\"inLanguage\":\"de\",\"@id\":\"https:\\\/\\\/poterie-de-crestet.com\\\/de\\\/keramik\\\/bouteille-huile-50cl-nyons-rouge\\\/#primaryimage\",\"url\":\"https:\\\/\\\/i0.wp.com\\\/poterie-de-crestet.com\\\/wp-content\\\/uploads\\\/2025\\\/04\\\/huile-gm-nyons-rouge.jpg?fit=458%2C458&ssl=1\",\"contentUrl\":\"https:\\\/\\\/i0.wp.com\\\/poterie-de-crestet.com\\\/wp-content\\\/uploads\\\/2025\\\/04\\\/huile-gm-nyons-rouge.jpg?fit=458%2C458&ssl=1\",\"width\":458,\"height\":458,\"caption\":\"Nyons \u00d6lflaschenrot\"},{\"@type\":\"BreadcrumbList\",\"@id\":\"https:\\\/\\\/poterie-de-crestet.com\\\/de\\\/keramik\\\/bouteille-huile-50cl-nyons-rouge\\\/#breadcrumb\",\"itemListElement\":[{\"@type\":\"ListItem\",\"position\":1,\"name\":\"Accueil\",\"item\":\"https:\\\/\\\/poterie-de-crestet.com\\\/de\\\/accueil\\\/\"},{\"@type\":\"ListItem\",\"position\":2,\"name\":\"Boutique\",\"item\":\"https:\\\/\\\/poterie-de-crestet.com\\\/ceramiques\\\/\"},{\"@type\":\"ListItem\",\"position\":3,\"name\":\"\u00d6lflasche 50 cL Nyons Red\"}]},{\"@type\":\"WebSite\",\"@id\":\"https:\\\/\\\/poterie-de-crestet.com\\\/de\\\/#website\",\"url\":\"https:\\\/\\\/poterie-de-crestet.com\\\/de\\\/\",\"name\":\"Poterie de Crestet\",\"description\":\"Des milliers de poteries inpir\u00e9es de la Provence\",\"publisher\":{\"@id\":\"https:\\\/\\\/poterie-de-crestet.com\\\/de\\\/#organization\"},\"potentialAction\":[{\"@type\":\"SearchAction\",\"target\":{\"@type\":\"EntryPoint\",\"urlTemplate\":\"https:\\\/\\\/poterie-de-crestet.com\\\/de\\\/?s={search_term_string}\"},\"query-input\":{\"@type\":\"PropertyValueSpecification\",\"valueRequired\":true,\"valueName\":\"search_term_string\"}}],\"inLanguage\":\"de\"},{\"@type\":\"Organization\",\"@id\":\"https:\\\/\\\/poterie-de-crestet.com\\\/de\\\/#organization\",\"name\":\"Poterie de Crestet\",\"url\":\"https:\\\/\\\/poterie-de-crestet.com\\\/de\\\/\",\"logo\":{\"@type\":\"ImageObject\",\"inLanguage\":\"de\",\"@id\":\"https:\\\/\\\/poterie-de-crestet.com\\\/de\\\/#\\\/schema\\\/logo\\\/image\\\/\",\"url\":\"https:\\\/\\\/i0.wp.com\\\/poterie-de-crestet.com\\\/wp-content\\\/uploads\\\/2025\\\/03\\\/Propo-4.png?fit=1000%2C462&ssl=1\",\"contentUrl\":\"https:\\\/\\\/i0.wp.com\\\/poterie-de-crestet.com\\\/wp-content\\\/uploads\\\/2025\\\/03\\\/Propo-4.png?fit=1000%2C462&ssl=1\",\"width\":1000,\"height\":462,\"caption\":\"Poterie de Crestet\"},\"image\":{\"@id\":\"https:\\\/\\\/poterie-de-crestet.com\\\/de\\\/#\\\/schema\\\/logo\\\/image\\\/\"}}]}<\/script>\n<!-- \/ Yoast SEO plugin. -->","yoast_head_json":{"title":"\u00d6lflasche 50 cL Nyons Red - Poterie de Crestet","description":"Die rote Nyons-Dekoration w\u00e4rmt den Tisch auf. Diese 0,5-Liter-Flasche mit Ausguss ist perfekt f\u00fcr allt\u00e4gliches \u00d6l mit Sauberkeit.","robots":{"index":"index","follow":"follow","max-snippet":"max-snippet:-1","max-image-preview":"max-image-preview:large","max-video-preview":"max-video-preview:-1"},"canonical":"https:\/\/poterie-de-crestet.com\/de\/keramik\/bouteille-huile-50cl-nyons-rouge\/","og_locale":"de_DE","og_type":"article","og_title":"\u00d6lflasche 50 cL Nyons Red - Poterie de Crestet","og_description":"Die rote Nyons-Dekoration w\u00e4rmt den Tisch auf. Diese 0,5-Liter-Flasche mit Ausguss ist perfekt f\u00fcr allt\u00e4gliches \u00d6l mit Sauberkeit.","og_url":"https:\/\/poterie-de-crestet.com\/de\/keramik\/bouteille-huile-50cl-nyons-rouge\/","og_site_name":"Poterie de Crestet","article_modified_time":"2026-02-16T16:26:57+00:00","og_image":[{"width":458,"height":458,"url":"https:\/\/i0.wp.com\/poterie-de-crestet.com\/wp-content\/uploads\/2025\/04\/huile-gm-nyons-rouge.jpg?fit=458%2C458&ssl=1","type":"image\/jpeg"}],"twitter_card":"summary_large_image","schema":{"@context":"https:\/\/schema.org","@graph":[{"@type":"WebPage","@id":"https:\/\/poterie-de-crestet.com\/de\/keramik\/bouteille-huile-50cl-nyons-rouge\/","url":"https:\/\/poterie-de-crestet.com\/de\/keramik\/bouteille-huile-50cl-nyons-rouge\/","name":"\u00d6lflasche 50 cL Nyons Red - Poterie de Crestet","isPartOf":{"@id":"https:\/\/poterie-de-crestet.com\/de\/#website"},"primaryImageOfPage":{"@id":"https:\/\/poterie-de-crestet.com\/de\/keramik\/bouteille-huile-50cl-nyons-rouge\/#primaryimage"},"image":{"@id":"https:\/\/poterie-de-crestet.com\/de\/keramik\/bouteille-huile-50cl-nyons-rouge\/#primaryimage"},"thumbnailUrl":"https:\/\/i0.wp.com\/poterie-de-crestet.com\/wp-content\/uploads\/2025\/04\/huile-gm-nyons-rouge.jpg?fit=458%2C458&ssl=1","datePublished":"2025-04-08T08:25:04+00:00","dateModified":"2026-02-16T16:26:57+00:00","description":"Die rote Nyons-Dekoration w\u00e4rmt den Tisch auf. Diese 0,5-Liter-Flasche mit Ausguss ist perfekt f\u00fcr allt\u00e4gliches \u00d6l mit Sauberkeit.","breadcrumb":{"@id":"https:\/\/poterie-de-crestet.com\/de\/keramik\/bouteille-huile-50cl-nyons-rouge\/#breadcrumb"},"inLanguage":"de","potentialAction":[{"@type":"ReadAction","target":["https:\/\/poterie-de-crestet.com\/de\/keramik\/bouteille-huile-50cl-nyons-rouge\/"]}]},{"@type":"ImageObject","inLanguage":"de","@id":"https:\/\/poterie-de-crestet.com\/de\/keramik\/bouteille-huile-50cl-nyons-rouge\/#primaryimage","url":"https:\/\/i0.wp.com\/poterie-de-crestet.com\/wp-content\/uploads\/2025\/04\/huile-gm-nyons-rouge.jpg?fit=458%2C458&ssl=1","contentUrl":"https:\/\/i0.wp.com\/poterie-de-crestet.com\/wp-content\/uploads\/2025\/04\/huile-gm-nyons-rouge.jpg?fit=458%2C458&ssl=1","width":458,"height":458,"caption":"Nyons \u00d6lflaschenrot"},{"@type":"BreadcrumbList","@id":"https:\/\/poterie-de-crestet.com\/de\/keramik\/bouteille-huile-50cl-nyons-rouge\/#breadcrumb","itemListElement":[{"@type":"ListItem","position":1,"name":"Accueil","item":"https:\/\/poterie-de-crestet.com\/de\/accueil\/"},{"@type":"ListItem","position":2,"name":"Boutique","item":"https:\/\/poterie-de-crestet.com\/ceramiques\/"},{"@type":"ListItem","position":3,"name":"\u00d6lflasche 50 cL Nyons Red"}]},{"@type":"WebSite","@id":"https:\/\/poterie-de-crestet.com\/de\/#website","url":"https:\/\/poterie-de-crestet.com\/de\/","name":"Poterie de Crestet","description":"Des milliers de poteries inpir\u00e9es de la Provence","publisher":{"@id":"https:\/\/poterie-de-crestet.com\/de\/#organization"},"potentialAction":[{"@type":"SearchAction","target":{"@type":"EntryPoint","urlTemplate":"https:\/\/poterie-de-crestet.com\/de\/?s={search_term_string}"},"query-input":{"@type":"PropertyValueSpecification","valueRequired":true,"valueName":"search_term_string"}}],"inLanguage":"de"},{"@type":"Organization","@id":"https:\/\/poterie-de-crestet.com\/de\/#organization","name":"Poterie de Crestet","url":"https:\/\/poterie-de-crestet.com\/de\/","logo":{"@type":"ImageObject","inLanguage":"de","@id":"https:\/\/poterie-de-crestet.com\/de\/#\/schema\/logo\/image\/","url":"https:\/\/i0.wp.com\/poterie-de-crestet.com\/wp-content\/uploads\/2025\/03\/Propo-4.png?fit=1000%2C462&ssl=1","contentUrl":"https:\/\/i0.wp.com\/poterie-de-crestet.com\/wp-content\/uploads\/2025\/03\/Propo-4.png?fit=1000%2C462&ssl=1","width":1000,"height":462,"caption":"Poterie de Crestet"},"image":{"@id":"https:\/\/poterie-de-crestet.com\/de\/#\/schema\/logo\/image\/"}}]}},"jetpack_sharing_enabled":true,"_links":{"self":[{"href":"https:\/\/poterie-de-crestet.com\/de\/wp-json\/wp\/v2\/product\/16085","targetHints":{"allow":["GET"]}}],"collection":[{"href":"https:\/\/poterie-de-crestet.com\/de\/wp-json\/wp\/v2\/product"}],"about":[{"href":"https:\/\/poterie-de-crestet.com\/de\/wp-json\/wp\/v2\/types\/product"}],"replies":[{"embeddable":true,"href":"https:\/\/poterie-de-crestet.com\/de\/wp-json\/wp\/v2\/comments?post=16085"}],"version-history":[{"count":1,"href":"https:\/\/poterie-de-crestet.com\/de\/wp-json\/wp\/v2\/product\/16085\/revisions"}],"predecessor-version":[{"id":22658,"href":"https:\/\/poterie-de-crestet.com\/de\/wp-json\/wp\/v2\/product\/16085\/revisions\/22658"}],"wp:featuredmedia":[{"embeddable":true,"href":"https:\/\/poterie-de-crestet.com\/de\/wp-json\/wp\/v2\/media\/6412"}],"wp:attachment":[{"href":"https:\/\/poterie-de-crestet.com\/de\/wp-json\/wp\/v2\/media?parent=16085"}],"wp:term":[{"taxonomy":"product_brand","embeddable":true,"href":"https:\/\/poterie-de-crestet.com\/de\/wp-json\/wp\/v2\/product_brand?post=16085"},{"taxonomy":"product_cat","embeddable":true,"href":"https:\/\/poterie-de-crestet.com\/de\/wp-json\/wp\/v2\/product_cat?post=16085"},{"taxonomy":"product_tag","embeddable":true,"href":"https:\/\/poterie-de-crestet.com\/de\/wp-json\/wp\/v2\/product_tag?post=16085"}],"curies":[{"name":"wp","href":"https:\/\/api.w.org\/{rel}","templated":true}]}}