{"id":16054,"date":"2025-04-08T10:25:06","date_gmt":"2025-04-08T08:25:06","guid":{"rendered":"https:\/\/poterie-de-crestet.com\/ceramiques\/oelflasche-50-cl-blaugrauer-streifen\/"},"modified":"2025-04-08T10:25:06","modified_gmt":"2025-04-08T08:25:06","slug":"oelflasche-50-cl-blaugrauer-streifen","status":"publish","type":"product","link":"https:\/\/poterie-de-crestet.com\/de\/keramik\/oelflasche-50-cl-blaugrauer-streifen\/","title":{"rendered":"\u00d6lflasche 50 cL  <h5>Blaugrauer Streifen<\/h5>"},"content":{"rendered":"<p>Ein kleines, n\u00fcchternes und grafisches Exemplar, dieses blau-grau gestreifte Modell ist perfekt f\u00fcr den Alltag. Es h\u00e4lt das \u00d6l vom Licht fern, und sein Kork sowie der Metallausguss sorgen f\u00fcr einen sauberen Service. Leicht zu reinigen, er ist ohne Probleme sp\u00fclmaschinenfest. Handbemalt passt es in jede K\u00fcche.<br data-start=\"4221\" data-end=\"4224\">Kombiniert mit der <a class=\"\" href=\"https:\/\/poterie-de-crestet.com\/ceramiques\/bouteille-huile-1litre-raye-gris-bleu\/\" rel=\"noopener\" data-start=\"4243\" data-end=\"4284\">1 L Striped Grey-Blue Oil Bottle<\/a> f\u00fcr ein modernes und wirkungsvolles Duo.   <\/p>\n","protected":false},"excerpt":{"rendered":"<p>Elegante und diskrete K\u00fcche, perfekt f\u00fcr eine moderne und funktionale K\u00fcche. Ausguss inklusive. <br data-start=\"3386\" data-end=\"3389\"><strong data-start=\"3389\" data-end=\"3422\"><em data-start=\"3391\" data-end=\"3420\">Abmessungen: 11,5 \u00d7 19,6 cm<\/em><\/strong><\/p>\n","protected":false},"featured_media":6474,"comment_status":"open","ping_status":"closed","template":"","meta":[],"product_brand":[],"product_cat":[263],"product_tag":[238],"class_list":{"0":"post-16054","1":"product","2":"type-product","3":"status-publish","4":"has-post-thumbnail","6":"product_cat-olschalen","7":"product_tag-blaugrauer-streifen","9":"first","10":"instock","11":"taxable","12":"shipping-taxable","13":"purchasable","14":"product-type-simple"},"yoast_head":"<!-- This site is optimized with the Yoast SEO plugin v27.5 - https:\/\/yoast.com\/product\/yoast-seo-wordpress\/ -->\n<title>\u00d6lflasche 50 cL Blaugrauer Streifen - Poterie de Crestet<\/title>\n<meta name=\"description\" content=\"Eine 0,5-Liter-\u00d6lflasche mit einem blau-grauen Streifen und einem n\u00fcchternen Design. Sein eingebauter Ausguss erm\u00f6glicht einen sauberen Service vom ersten bis zum letzten Filet.\" \/>\n<meta name=\"robots\" content=\"index, follow, max-snippet:-1, max-image-preview:large, max-video-preview:-1\" \/>\n<link rel=\"canonical\" href=\"https:\/\/poterie-de-crestet.com\/de\/keramik\/oelflasche-50-cl-blaugrauer-streifen\/\" \/>\n<meta property=\"og:locale\" content=\"de_DE\" \/>\n<meta property=\"og:type\" content=\"article\" \/>\n<meta property=\"og:title\" content=\"\u00d6lflasche 50 cL Blaugrauer Streifen - Poterie de Crestet\" \/>\n<meta property=\"og:description\" content=\"Eine 0,5-Liter-\u00d6lflasche mit einem blau-grauen Streifen und einem n\u00fcchternen Design. Sein eingebauter Ausguss erm\u00f6glicht einen sauberen Service vom ersten bis zum letzten Filet.\" \/>\n<meta property=\"og:url\" content=\"https:\/\/poterie-de-crestet.com\/de\/keramik\/oelflasche-50-cl-blaugrauer-streifen\/\" \/>\n<meta property=\"og:site_name\" content=\"Poterie de Crestet\" \/>\n<meta property=\"og:image\" content=\"https:\/\/i0.wp.com\/poterie-de-crestet.com\/wp-content\/uploads\/2025\/04\/huile-pm-raye-bleu-gris.jpg?fit=458%2C458&ssl=1\" \/>\n\t<meta property=\"og:image:width\" content=\"458\" \/>\n\t<meta property=\"og:image:height\" content=\"458\" \/>\n\t<meta property=\"og:image:type\" content=\"image\/jpeg\" \/>\n<meta name=\"twitter:card\" content=\"summary_large_image\" \/>\n<script type=\"application\/ld+json\" class=\"yoast-schema-graph\">{\"@context\":\"https:\\\/\\\/schema.org\",\"@graph\":[{\"@type\":\"WebPage\",\"@id\":\"https:\\\/\\\/poterie-de-crestet.com\\\/de\\\/keramik\\\/oelflasche-50-cl-blaugrauer-streifen\\\/\",\"url\":\"https:\\\/\\\/poterie-de-crestet.com\\\/de\\\/keramik\\\/oelflasche-50-cl-blaugrauer-streifen\\\/\",\"name\":\"\u00d6lflasche 50 cL Blaugrauer Streifen - Poterie de Crestet\",\"isPartOf\":{\"@id\":\"https:\\\/\\\/poterie-de-crestet.com\\\/de\\\/#website\"},\"primaryImageOfPage\":{\"@id\":\"https:\\\/\\\/poterie-de-crestet.com\\\/de\\\/keramik\\\/oelflasche-50-cl-blaugrauer-streifen\\\/#primaryimage\"},\"image\":{\"@id\":\"https:\\\/\\\/poterie-de-crestet.com\\\/de\\\/keramik\\\/oelflasche-50-cl-blaugrauer-streifen\\\/#primaryimage\"},\"thumbnailUrl\":\"https:\\\/\\\/i0.wp.com\\\/poterie-de-crestet.com\\\/wp-content\\\/uploads\\\/2025\\\/04\\\/huile-pm-raye-bleu-gris.jpg?fit=458%2C458&ssl=1\",\"datePublished\":\"2025-04-08T08:25:06+00:00\",\"description\":\"Eine 0,5-Liter-\u00d6lflasche mit einem blau-grauen Streifen und einem n\u00fcchternen Design. Sein eingebauter Ausguss erm\u00f6glicht einen sauberen Service vom ersten bis zum letzten Filet.\",\"breadcrumb\":{\"@id\":\"https:\\\/\\\/poterie-de-crestet.com\\\/de\\\/keramik\\\/oelflasche-50-cl-blaugrauer-streifen\\\/#breadcrumb\"},\"inLanguage\":\"de\",\"potentialAction\":[{\"@type\":\"ReadAction\",\"target\":[\"https:\\\/\\\/poterie-de-crestet.com\\\/de\\\/keramik\\\/oelflasche-50-cl-blaugrauer-streifen\\\/\"]}]},{\"@type\":\"ImageObject\",\"inLanguage\":\"de\",\"@id\":\"https:\\\/\\\/poterie-de-crestet.com\\\/de\\\/keramik\\\/oelflasche-50-cl-blaugrauer-streifen\\\/#primaryimage\",\"url\":\"https:\\\/\\\/i0.wp.com\\\/poterie-de-crestet.com\\\/wp-content\\\/uploads\\\/2025\\\/04\\\/huile-pm-raye-bleu-gris.jpg?fit=458%2C458&ssl=1\",\"contentUrl\":\"https:\\\/\\\/i0.wp.com\\\/poterie-de-crestet.com\\\/wp-content\\\/uploads\\\/2025\\\/04\\\/huile-pm-raye-bleu-gris.jpg?fit=458%2C458&ssl=1\",\"width\":458,\"height\":458,\"caption\":\"PM \u00f6lgestreift blau-grau\"},{\"@type\":\"BreadcrumbList\",\"@id\":\"https:\\\/\\\/poterie-de-crestet.com\\\/de\\\/keramik\\\/oelflasche-50-cl-blaugrauer-streifen\\\/#breadcrumb\",\"itemListElement\":[{\"@type\":\"ListItem\",\"position\":1,\"name\":\"Accueil\",\"item\":\"https:\\\/\\\/poterie-de-crestet.com\\\/de\\\/accueil\\\/\"},{\"@type\":\"ListItem\",\"position\":2,\"name\":\"Boutique\",\"item\":\"https:\\\/\\\/poterie-de-crestet.com\\\/ceramiques\\\/\"},{\"@type\":\"ListItem\",\"position\":3,\"name\":\"\u00d6lflasche 50 cL Blaugrauer Streifen\"}]},{\"@type\":\"WebSite\",\"@id\":\"https:\\\/\\\/poterie-de-crestet.com\\\/de\\\/#website\",\"url\":\"https:\\\/\\\/poterie-de-crestet.com\\\/de\\\/\",\"name\":\"Poterie de Crestet\",\"description\":\"Des milliers de poteries inpir\u00e9es de la Provence\",\"publisher\":{\"@id\":\"https:\\\/\\\/poterie-de-crestet.com\\\/de\\\/#organization\"},\"potentialAction\":[{\"@type\":\"SearchAction\",\"target\":{\"@type\":\"EntryPoint\",\"urlTemplate\":\"https:\\\/\\\/poterie-de-crestet.com\\\/de\\\/?s={search_term_string}\"},\"query-input\":{\"@type\":\"PropertyValueSpecification\",\"valueRequired\":true,\"valueName\":\"search_term_string\"}}],\"inLanguage\":\"de\"},{\"@type\":\"Organization\",\"@id\":\"https:\\\/\\\/poterie-de-crestet.com\\\/de\\\/#organization\",\"name\":\"Poterie de Crestet\",\"url\":\"https:\\\/\\\/poterie-de-crestet.com\\\/de\\\/\",\"logo\":{\"@type\":\"ImageObject\",\"inLanguage\":\"de\",\"@id\":\"https:\\\/\\\/poterie-de-crestet.com\\\/de\\\/#\\\/schema\\\/logo\\\/image\\\/\",\"url\":\"https:\\\/\\\/i0.wp.com\\\/poterie-de-crestet.com\\\/wp-content\\\/uploads\\\/2025\\\/03\\\/Propo-4.png?fit=1000%2C462&ssl=1\",\"contentUrl\":\"https:\\\/\\\/i0.wp.com\\\/poterie-de-crestet.com\\\/wp-content\\\/uploads\\\/2025\\\/03\\\/Propo-4.png?fit=1000%2C462&ssl=1\",\"width\":1000,\"height\":462,\"caption\":\"Poterie de Crestet\"},\"image\":{\"@id\":\"https:\\\/\\\/poterie-de-crestet.com\\\/de\\\/#\\\/schema\\\/logo\\\/image\\\/\"}}]}<\/script>\n<!-- \/ Yoast SEO plugin. -->","yoast_head_json":{"title":"\u00d6lflasche 50 cL Blaugrauer Streifen - Poterie de Crestet","description":"Eine 0,5-Liter-\u00d6lflasche mit einem blau-grauen Streifen und einem n\u00fcchternen Design. Sein eingebauter Ausguss erm\u00f6glicht einen sauberen Service vom ersten bis zum letzten Filet.","robots":{"index":"index","follow":"follow","max-snippet":"max-snippet:-1","max-image-preview":"max-image-preview:large","max-video-preview":"max-video-preview:-1"},"canonical":"https:\/\/poterie-de-crestet.com\/de\/keramik\/oelflasche-50-cl-blaugrauer-streifen\/","og_locale":"de_DE","og_type":"article","og_title":"\u00d6lflasche 50 cL Blaugrauer Streifen - Poterie de Crestet","og_description":"Eine 0,5-Liter-\u00d6lflasche mit einem blau-grauen Streifen und einem n\u00fcchternen Design. Sein eingebauter Ausguss erm\u00f6glicht einen sauberen Service vom ersten bis zum letzten Filet.","og_url":"https:\/\/poterie-de-crestet.com\/de\/keramik\/oelflasche-50-cl-blaugrauer-streifen\/","og_site_name":"Poterie de Crestet","og_image":[{"width":458,"height":458,"url":"https:\/\/i0.wp.com\/poterie-de-crestet.com\/wp-content\/uploads\/2025\/04\/huile-pm-raye-bleu-gris.jpg?fit=458%2C458&ssl=1","type":"image\/jpeg"}],"twitter_card":"summary_large_image","schema":{"@context":"https:\/\/schema.org","@graph":[{"@type":"WebPage","@id":"https:\/\/poterie-de-crestet.com\/de\/keramik\/oelflasche-50-cl-blaugrauer-streifen\/","url":"https:\/\/poterie-de-crestet.com\/de\/keramik\/oelflasche-50-cl-blaugrauer-streifen\/","name":"\u00d6lflasche 50 cL Blaugrauer Streifen - Poterie de Crestet","isPartOf":{"@id":"https:\/\/poterie-de-crestet.com\/de\/#website"},"primaryImageOfPage":{"@id":"https:\/\/poterie-de-crestet.com\/de\/keramik\/oelflasche-50-cl-blaugrauer-streifen\/#primaryimage"},"image":{"@id":"https:\/\/poterie-de-crestet.com\/de\/keramik\/oelflasche-50-cl-blaugrauer-streifen\/#primaryimage"},"thumbnailUrl":"https:\/\/i0.wp.com\/poterie-de-crestet.com\/wp-content\/uploads\/2025\/04\/huile-pm-raye-bleu-gris.jpg?fit=458%2C458&ssl=1","datePublished":"2025-04-08T08:25:06+00:00","description":"Eine 0,5-Liter-\u00d6lflasche mit einem blau-grauen Streifen und einem n\u00fcchternen Design. Sein eingebauter Ausguss erm\u00f6glicht einen sauberen Service vom ersten bis zum letzten Filet.","breadcrumb":{"@id":"https:\/\/poterie-de-crestet.com\/de\/keramik\/oelflasche-50-cl-blaugrauer-streifen\/#breadcrumb"},"inLanguage":"de","potentialAction":[{"@type":"ReadAction","target":["https:\/\/poterie-de-crestet.com\/de\/keramik\/oelflasche-50-cl-blaugrauer-streifen\/"]}]},{"@type":"ImageObject","inLanguage":"de","@id":"https:\/\/poterie-de-crestet.com\/de\/keramik\/oelflasche-50-cl-blaugrauer-streifen\/#primaryimage","url":"https:\/\/i0.wp.com\/poterie-de-crestet.com\/wp-content\/uploads\/2025\/04\/huile-pm-raye-bleu-gris.jpg?fit=458%2C458&ssl=1","contentUrl":"https:\/\/i0.wp.com\/poterie-de-crestet.com\/wp-content\/uploads\/2025\/04\/huile-pm-raye-bleu-gris.jpg?fit=458%2C458&ssl=1","width":458,"height":458,"caption":"PM \u00f6lgestreift blau-grau"},{"@type":"BreadcrumbList","@id":"https:\/\/poterie-de-crestet.com\/de\/keramik\/oelflasche-50-cl-blaugrauer-streifen\/#breadcrumb","itemListElement":[{"@type":"ListItem","position":1,"name":"Accueil","item":"https:\/\/poterie-de-crestet.com\/de\/accueil\/"},{"@type":"ListItem","position":2,"name":"Boutique","item":"https:\/\/poterie-de-crestet.com\/ceramiques\/"},{"@type":"ListItem","position":3,"name":"\u00d6lflasche 50 cL Blaugrauer Streifen"}]},{"@type":"WebSite","@id":"https:\/\/poterie-de-crestet.com\/de\/#website","url":"https:\/\/poterie-de-crestet.com\/de\/","name":"Poterie de Crestet","description":"Des milliers de poteries inpir\u00e9es de la Provence","publisher":{"@id":"https:\/\/poterie-de-crestet.com\/de\/#organization"},"potentialAction":[{"@type":"SearchAction","target":{"@type":"EntryPoint","urlTemplate":"https:\/\/poterie-de-crestet.com\/de\/?s={search_term_string}"},"query-input":{"@type":"PropertyValueSpecification","valueRequired":true,"valueName":"search_term_string"}}],"inLanguage":"de"},{"@type":"Organization","@id":"https:\/\/poterie-de-crestet.com\/de\/#organization","name":"Poterie de Crestet","url":"https:\/\/poterie-de-crestet.com\/de\/","logo":{"@type":"ImageObject","inLanguage":"de","@id":"https:\/\/poterie-de-crestet.com\/de\/#\/schema\/logo\/image\/","url":"https:\/\/i0.wp.com\/poterie-de-crestet.com\/wp-content\/uploads\/2025\/03\/Propo-4.png?fit=1000%2C462&ssl=1","contentUrl":"https:\/\/i0.wp.com\/poterie-de-crestet.com\/wp-content\/uploads\/2025\/03\/Propo-4.png?fit=1000%2C462&ssl=1","width":1000,"height":462,"caption":"Poterie de Crestet"},"image":{"@id":"https:\/\/poterie-de-crestet.com\/de\/#\/schema\/logo\/image\/"}}]}},"jetpack_sharing_enabled":true,"_links":{"self":[{"href":"https:\/\/poterie-de-crestet.com\/de\/wp-json\/wp\/v2\/product\/16054","targetHints":{"allow":["GET"]}}],"collection":[{"href":"https:\/\/poterie-de-crestet.com\/de\/wp-json\/wp\/v2\/product"}],"about":[{"href":"https:\/\/poterie-de-crestet.com\/de\/wp-json\/wp\/v2\/types\/product"}],"replies":[{"embeddable":true,"href":"https:\/\/poterie-de-crestet.com\/de\/wp-json\/wp\/v2\/comments?post=16054"}],"version-history":[{"count":0,"href":"https:\/\/poterie-de-crestet.com\/de\/wp-json\/wp\/v2\/product\/16054\/revisions"}],"wp:featuredmedia":[{"embeddable":true,"href":"https:\/\/poterie-de-crestet.com\/de\/wp-json\/wp\/v2\/media\/6474"}],"wp:attachment":[{"href":"https:\/\/poterie-de-crestet.com\/de\/wp-json\/wp\/v2\/media?parent=16054"}],"wp:term":[{"taxonomy":"product_brand","embeddable":true,"href":"https:\/\/poterie-de-crestet.com\/de\/wp-json\/wp\/v2\/product_brand?post=16054"},{"taxonomy":"product_cat","embeddable":true,"href":"https:\/\/poterie-de-crestet.com\/de\/wp-json\/wp\/v2\/product_cat?post=16054"},{"taxonomy":"product_tag","embeddable":true,"href":"https:\/\/poterie-de-crestet.com\/de\/wp-json\/wp\/v2\/product_tag?post=16054"}],"curies":[{"name":"wp","href":"https:\/\/api.w.org\/{rel}","templated":true}]}}